{"id":2271,"date":"2015-08-06T18:57:46","date_gmt":"2015-08-06T18:57:46","guid":{"rendered":"http:\/\/ground.geophysicsgpr.com\/?page_id=2271"},"modified":"2020-07-31T13:21:11","modified_gmt":"2020-07-31T13:21:11","slug":"home","status":"publish","type":"page","link":"https:\/\/ground.geophysicsgpr.com\/en\/home","title":{"rendered":"Home"},"content":{"rendered":"<div id=\"pl-2271\"  class=\"panel-layout\" ><div id=\"pg-2271-0\"  class=\"panel-grid panel-no-style\" ><div id=\"pgc-2271-0-0\"  class=\"panel-grid-cell\" ><div id=\"panel-2271-0-0-0\" class=\"so-panel widget widget_sow-editor panel-first-child\" data-index=\"0\" ><div class=\"texte-home-right article panel-widget-style panel-widget-style-for-2271-0-0-0\" ><div\n\t\t\t\n\t\t\tclass=\"so-widget-sow-editor so-widget-sow-editor-base\"\n\t\t\t\n\t\t>\n<div class=\"siteorigin-widget-tinymce textwidget\">\n\t<h2 class=\"h2resize\" style=\"color: #66520d\">We continue innovating as a pioneer in applied geophysics. Through our knowledge and ability to apply traditional and innovative\u00a0geophysical methods, we help solve geologic, geotechnical and engineering challenges.<\/h2>\n<p>\u00a0<\/p>\n<p style=\"text-align: center\">Please explore the links below\u00a0to learn about geophysical techniques and see how they can\u00a0apply to your projects or\u00a0contact our\u00a0<span style=\"color: #808000\"><a style=\"color: #808000\" href=\"mailto:daniel.campos@geophysicsgpr.com;jean-luc.arsenault@geophysicsgpr.com;claude.robillard@geophysicsgpr.com;milan.situm@geophysicsgpr.com;info@geophysicsgpr.com\">Ground Geophysics Survey Team<\/a><\/span>\u00a0to learn more!<\/p>\n<\/div>\n<\/div><\/div><\/div><div id=\"panel-2271-0-0-1\" class=\"so-panel widget widget_sow-editor\" data-index=\"1\" ><div\n\t\t\t\n\t\t\tclass=\"so-widget-sow-editor so-widget-sow-editor-base\"\n\t\t\t\n\t\t><h3 class=\"widget-title\">Techniques<\/h3>\n<div class=\"siteorigin-widget-tinymce textwidget\">\n\t<div id=\"wondergridgallerylightbox_options\" data-skinsfoldername=\"skins\/default\/\"  data-jsfolder=\"https:\/\/ground.geophysicsgpr.com\/wp-content\/plugins\/wonderplugin-gridgallery\/engine\/\" style=\"display:none;\"><\/div>\r\n<style type=\"text\/css\">.wpp-btn-blue-medium {     background: #fa4c06; }  .wpp-btn-blue-medium:hover {     color: #fff;     background: #ab8e09; }<\/style><style type=\"text\/css\">@import url(https:\/\/fonts.googleapis.com\/css?family=Open+Sans);  #wonderplugingridgallery-2 .wonderplugin-gridgallery-item-text {     text-align: center;     box-sizing: border-box;     -webkit-box-sizing: border-box;     -moz-box-sizing: border-box; }  #wonderplugingridgallery-2 .wonderplugin-gridgallery-item-title {     font-family: 'Open Sans', sans-serif;     font-size: 18px;     position: absolute;     left: 5px;     top: 5px;     width: 97.5%;     height: auto;     background-color: #fa4c06;     color: #fff;     padding: 12px 5px; }  #wonderplugingridgallery-2 .wonderplugin-gridgallery-item-description {     font-size: 12px; }  #wonderplugingridgallery-2 .wonderplugin-gridgallery-item-button {     position: absolute;     right: 20px;     bottom: 20px; }  #wonderplugingridgallery-2 .wonderplugin-gridgallery-item-container img:hover { }<\/style><div class=\"wonderplugingridgallery\" id=\"wonderplugingridgallery-2\" data-gridgalleryid=\"2\" data-width=\"440\" data-height=\"350\" data-skin=\"fivecolumns\" data-random=\"false\" data-shownavigation=\"true\" data-hoverzoomin=\"false\" data-hoverzoominimageonly=\"true\" data-hoverzoominimagecenter=\"false\" data-hoverfade=\"true\" data-responsive=\"true\" data-mediumscreen=\"true\" data-smallscreen=\"true\" data-showtitle=\"true\" data-showtexttitle=\"true\" data-showtextdescription=\"false\" data-showtextbutton=\"true\" data-lightboxnogroup=\"false\" data-lightboxshowtitle=\"true\" data-lightboxshowdescription=\"false\" data-lightboxresponsive=\"true\" data-circularimage=\"false\" data-firstimage=\"false\" data-textinsidespace=\"false\" data-thumbwidth=\"90\" data-thumbheight=\"60\" data-thumbtopmargin=\"12\" data-thumbbottommargin=\"4\" data-barheight=\"64\" data-titlebottomcss=\"{color:#333; font-size:14px; font-family:Armata,sans-serif,Arial; overflow:hidden; text-align:left;}\" data-descriptionbottomcss=\"{color:#333; font-size:12px; font-family:Arial,Helvetica,sans-serif; overflow:hidden; text-align:left; margin:4px 0px 0px; padding: 0px;}\" data-googleanalyticsaccount=\"\" data-gap=\"4\" data-margin=\"10\" data-borderradius=\"0\" data-hoverzoominvalue=\"0\" data-hoverzoominduration=\"1000\" data-hoverzoominimagescale=\"1.1\" data-hoverzoominimageduration=\"360\" data-hoverfadeopacity=\"0.8\" data-hoverfadeduration=\"300\" data-videoplaybutton=\"playvideo-64-64-0.png\" data-column=\"3\" data-mediumcolumn=\"2\" data-mediumscreensize=\"800\" data-smallcolumn=\"1\" data-smallscreensize=\"600\" data-titlemode=\"always\" data-titleeffect=\"fade\" data-titleeffectduration=\"500\" data-titleheight=\"0\" data-jsfolder=\"https:\/\/ground.geophysicsgpr.com\/wp-content\/plugins\/wonderplugin-gridgallery\/engine\/\" data-skinsfoldername=\"skins\/default\/\" style=\"display:none;position:relative;margin:0 auto;width:100%;max-width:1328px;\" ><div class=\"wonderplugin-gridgallery-list\" style=\"display:block;position:relative;max-width:100%;margin:0 auto;\"><div class=\"wonderplugin-gridgallery-item\" data-row=\"1\" data-col=\"1\"><div class=\"wonderplugin-gridgallery-item-container\"><a href=\"http:\/\/ground.geophysicsgpr.com\/techniques\/seismic\/\" title=\"Seismic\" data-description=\"Seismic methods are imaging techniques based on the study of propagation of seismic waves of mechanical nature propagating in space according to the physical environment properties.\" data-button=\"<a href=&quot;http:\/\/ground.geophysicsgpr.com\/en\/techniques\/seismic&quot;><button class=&quot;wpp-btn-blue-medium&quot;>Learn more<\/button><\/a>\"><img decoding=\"async\" class=\"wonderplugin-gridgallery-item-img\" src=\"http:\/\/ground.geophysicsgpr.com\/wp-content\/uploads\/sites\/7\/2015\/07\/seismic-700x500.jpg\" \/><\/a><\/div><\/div><div class=\"wonderplugin-gridgallery-item\" data-row=\"1\" data-col=\"1\"><div class=\"wonderplugin-gridgallery-item-container\"><a href=\"http:\/\/ground.geophysicsgpr.com\/techniques\/georadar\/\" title=\"Georadar\" data-description=\"Georadar is an electromagnetic technique for establishing a profile based on the topography of the dielectric permittivity and conductivity. It is similar to the seismic reflection method.\" data-button=\"<a href=&quot;http:\/\/ground.geophysicsgpr.com\/en\/techniques\/georadar&quot;><button class=&quot;wpp-btn-blue-medium&quot;>Learn more<\/button><\/a>\"><img decoding=\"async\" class=\"wonderplugin-gridgallery-item-img\" src=\"http:\/\/ground.geophysicsgpr.com\/wp-content\/uploads\/sites\/7\/2015\/08\/IMG_6252_ajust.jpg\" \/><\/a><\/div><\/div><div class=\"wonderplugin-gridgallery-item\" data-row=\"1\" data-col=\"1\"><div class=\"wonderplugin-gridgallery-item-container\"><a href=\"http:\/\/ground.geophysicsgpr.com\/techniques\/magnetism-and-electromagnetism\/\" title=\"Magnetism & Electromagnetism\" data-description=\"Applications using magnetism include archeology, geological mapping, mineral exploration and location of buried magnetic objects.\" data-button=\"<a href=&quot;http:\/\/ground.geophysicsgpr.com\/en\/techniques\/magnetism-and-electromagnetism&quot;><button class=&quot;wpp-btn-blue-medium&quot;>Learn more<\/button><\/a>\"><img decoding=\"async\" class=\"wonderplugin-gridgallery-item-img\" src=\"http:\/\/ground.geophysicsgpr.com\/wp-content\/uploads\/sites\/7\/2015\/07\/Ground_Techniques_EM-600x400.jpg\" \/><\/a><\/div><\/div><div class=\"wonderplugin-gridgallery-item\" data-row=\"1\" data-col=\"1\"><div class=\"wonderplugin-gridgallery-item-container\"><a href=\"http:\/\/ground.geophysicsgpr.com\/techniques\/electrical-resistivity-ip-and-sp\/\" title=\"Electrical Resistivity \/ IP \/ SP\" data-description=\"Electrical resistivity includes ground studies techniques, hydrogeology, mining exploration and cavity mapping.\" data-button=\"<a href=&quot;http:\/\/ground.geophysicsgpr.com\/en\/techniques\/electrical-resistivity-ip-and-sp&quot;><button class=&quot;wpp-btn-blue-medium&quot;>Learn more<\/button><\/a>\"><img decoding=\"async\" class=\"wonderplugin-gridgallery-item-img\" src=\"http:\/\/ground.geophysicsgpr.com\/wp-content\/uploads\/sites\/7\/2015\/07\/Electrical-Resistivity-IP-and-SP-300x225.jpg\" \/><\/a><\/div><\/div><div class=\"wonderplugin-gridgallery-item\" data-row=\"1\" data-col=\"1\"><div class=\"wonderplugin-gridgallery-item-container\"><a href=\"http:\/\/ground.geophysicsgpr.com\/techniques\/gravimetry\/\" title=\"Gravimetry\" data-description=\"Can characterize an aquifer, a cavity, a glacier, a salt dome, an archaeological site, a metalliferous cottage, a sedimentary basin or structure of a mountain range.\" data-button=\"<a href=&quot;http:\/\/ground.geophysicsgpr.com\/en\/techniques\/gravimetry&quot;><button class=&quot;wpp-btn-blue-medium&quot;>Learn more<\/button><\/a>\"><img decoding=\"async\" class=\"wonderplugin-gridgallery-item-img\" src=\"http:\/\/ground.geophysicsgpr.com\/wp-content\/uploads\/sites\/7\/2015\/07\/Ground_Techniques_Gravimetry.jpg\" \/><\/a><\/div><\/div><div class=\"wonderplugin-gridgallery-item\" data-row=\"1\" data-col=\"1\"><div class=\"wonderplugin-gridgallery-item-container\"><a href=\"http:\/\/ground.geophysicsgpr.com\/techniques\/vibration-monitoring\/\" title=\"Vibration Monitoring\" data-description=\"Risk analysis related to blasting operations, assessment of impacts and hydrogeological location of underground infrastructure.\" data-button=\"<a href=&quot;http:\/\/ground.geophysicsgpr.com\/en\/techniques\/vibration-monitoring&quot;><button class=&quot;wpp-btn-blue-medium&quot;>Learn more<\/button><\/a>\"><img decoding=\"async\" class=\"wonderplugin-gridgallery-item-img\" src=\"http:\/\/ground.geophysicsgpr.com\/wp-content\/uploads\/sites\/7\/2015\/11\/DSC_0189-300x201.jpg\" \/><\/a><\/div><\/div><div class=\"wonderplugin-gridgallery-item\" data-row=\"1\" data-col=\"1\"><div class=\"wonderplugin-gridgallery-item-container\"><a href=\"https:\/\/ground.geophysicsgpr.com\/en\/techniques\/borehole-logging\" title=\"Borehole Logging\" data-description=\"Continuous recording of variations, depending on the depth of a given characteristic of the formations traversed by a drilling  borehole.\" data-button=\"<a href=&quot;https:\/\/ground.geophysicsgpr.com\/en\/techniques\/borehole-logging&quot;><button class=&quot;wpp-btn-blue-medium&quot;>Learn more<\/button><\/a>\"><img decoding=\"async\" class=\"wonderplugin-gridgallery-item-img\" src=\"http:\/\/ground.geophysicsgpr.com\/wp-content\/uploads\/sites\/7\/2015\/07\/Borehole-Logging-700x500.jpg\" \/><\/a><\/div><\/div><div style=\"clear:both;\"><\/div><\/div><div class=\"wonderplugin-gridgallery-engine\"><a href=\"http:\/\/www.wonderplugin.com\/wordpress-gridgallery\/\" title=\"WordPress Grid Gallery Plugin\">WordPress Grid Gallery Plugin<\/a><\/div><\/div>\n<\/div>\n<\/div><\/div><div id=\"panel-2271-0-0-2\" class=\"so-panel widget widget_sow-editor\" data-index=\"2\" ><div\n\t\t\t\n\t\t\tclass=\"so-widget-sow-editor so-widget-sow-editor-base\"\n\t\t\t\n\t\t><h3 class=\"widget-title\">Applications<\/h3>\n<div class=\"siteorigin-widget-tinymce textwidget\">\n\t<div id=\"wondergridgallerylightbox_options\" data-skinsfoldername=\"skins\/default\/\"  data-jsfolder=\"https:\/\/ground.geophysicsgpr.com\/wp-content\/plugins\/wonderplugin-gridgallery\/engine\/\" style=\"display:none;\"><\/div>\r\n<style type=\"text\/css\">.wpp-btn-blue-medium {     background: #fa4c06;  .wpp-btn-blue-medium:hover {     color: #fff;     background: #fa4c06; }<\/style><style type=\"text\/css\">@import url(https:\/\/fonts.googleapis.com\/css?family=Open+Sans);  #wonderplugingridgallery-10 .wonderplugin-gridgallery-item-text {     text-align: center;     box-sizing: border-box;     -webkit-box-sizing: border-box;     -moz-box-sizing: border-box; }  #wonderplugingridgallery-10 .wonderplugin-gridgallery-item-title {     font-family: 'Open Sans', sans-serif;     font-size: 18px;     position: absolute;     left: 5px;     top: 5px;     width: 97.5%;     height: auto;     background-color: #fa4c06;     color: #fff;     padding: 12px 5px; }  #wonderplugingridgallery-10 .wonderplugin-gridgallery-item-description {     font-size: 12px; }  #wonderplugingridgallery-10 .wonderplugin-gridgallery-item-button {     position: absolute;     right: 20px;     bottom: 20px; }  #wonderplugingridgallery-10 .wonderplugin-gridgallery-item-container img:hover { }<\/style><div class=\"wonderplugingridgallery\" id=\"wonderplugingridgallery-10\" data-gridgalleryid=\"10\" data-width=\"440\" data-height=\"350\" data-skin=\"threecolumns\" data-random=\"false\" data-shownavigation=\"true\" data-hoverzoomin=\"false\" data-hoverzoominimageonly=\"true\" data-hoverzoominimagecenter=\"false\" data-hoverfade=\"false\" data-responsive=\"true\" data-mediumscreen=\"true\" data-smallscreen=\"true\" data-showtitle=\"true\" data-showtexttitle=\"true\" data-showtextdescription=\"false\" data-showtextbutton=\"true\" data-lightboxnogroup=\"false\" data-lightboxshowtitle=\"true\" data-lightboxshowdescription=\"false\" data-lightboxresponsive=\"true\" data-circularimage=\"false\" data-firstimage=\"false\" data-textinsidespace=\"false\" data-thumbwidth=\"90\" data-thumbheight=\"60\" data-thumbtopmargin=\"12\" data-thumbbottommargin=\"4\" data-barheight=\"64\" data-titlebottomcss=\"{color:#333; font-size:14px; font-family:Armata,sans-serif,Arial; overflow:hidden; text-align:left;}\" data-descriptionbottomcss=\"{color:#333; font-size:12px; font-family:Arial,Helvetica,sans-serif; overflow:hidden; text-align:left; margin:4px 0px 0px; padding: 0px;}\" data-googleanalyticsaccount=\"\" data-gap=\"4\" data-margin=\"10\" data-borderradius=\"0\" data-hoverzoominvalue=\"0\" data-hoverzoominduration=\"1000\" data-hoverzoominimagescale=\"1.01\" data-hoverzoominimageduration=\"360\" data-hoverfadeopacity=\"0.8\" data-hoverfadeduration=\"300\" data-videoplaybutton=\"playvideo-64-64-0.png\" data-column=\"3\" data-mediumcolumn=\"2\" data-mediumscreensize=\"800\" data-smallcolumn=\"1\" data-smallscreensize=\"600\" data-titlemode=\"always\" data-titleeffect=\"fade\" data-titleeffectduration=\"500\" data-titleheight=\"0\" data-jsfolder=\"https:\/\/ground.geophysicsgpr.com\/wp-content\/plugins\/wonderplugin-gridgallery\/engine\/\" data-skinsfoldername=\"skins\/default\/\" style=\"display:none;position:relative;margin:0 auto;width:100%;max-width:1328px;\" ><div class=\"wonderplugin-gridgallery-list\" style=\"display:block;position:relative;max-width:100%;margin:0 auto;\"><div class=\"wonderplugin-gridgallery-item\" data-row=\"1\" data-col=\"1\"><div class=\"wonderplugin-gridgallery-item-container\"><a href=\"http:\/\/ground.geophysicsgpr.com\/en\/ground-geophysics-applications\/geological-studies-and-geotechnical-study\" title=\"Geological and Geotechnical Studies\" data-description=\"Geological and geotechnical risks studies and geological soil survey.\" data-button=\"<a href=&quot;http:\/\/ground.geophysicsgpr.com\/en\/ground-geophysics-applications\/geological-studies-and-geotechnical-study&quot;><button class=&quot;wpp-btn-blue-medium&quot;>See more<\/button><\/a>\"><img decoding=\"async\" class=\"wonderplugin-gridgallery-item-img\" src=\"http:\/\/ground.geophysicsgpr.com\/wp-content\/uploads\/sites\/7\/2015\/08\/Applications_Geological_b.jpg\" \/><\/a><\/div><\/div><div class=\"wonderplugin-gridgallery-item\" data-row=\"1\" data-col=\"1\"><div class=\"wonderplugin-gridgallery-item-container\"><a href=\"http:\/\/ground.geophysicsgpr.com\/en\/ground-geophysics-applications\/infrastructures-projects\" title=\"Civil Engineering and Infrastructure Projects\" data-description=\"Geotechnical methods applied to various construction and civil engineering projects or mining infrastructure.\" data-button=\"<a href=&quot;http:\/\/ground.geophysicsgpr.com\/en\/ground-geophysics-applications\/infrastructures-projects&quot;><button class=&quot;wpp-btn-blue-medium&quot;>See more<\/button><\/a>\"><img decoding=\"async\" class=\"wonderplugin-gridgallery-item-img\" src=\"http:\/\/ground.geophysicsgpr.com\/wp-content\/uploads\/sites\/7\/2015\/08\/Applications_Civil.jpg\" \/><\/a><\/div><\/div><div class=\"wonderplugin-gridgallery-item\" data-row=\"1\" data-col=\"1\"><div class=\"wonderplugin-gridgallery-item-container\"><a href=\"http:\/\/ground.geophysicsgpr.com\/en\/applications\/environmental-investigations\/\" title=\"Environmental Investigations\" data-description=\"Geophysical surveys for exploration and environmental studies.\" data-button=\"<a href=&quot;http:\/\/ground.geophysicsgpr.com\/en\/applications\/environmental-investigations\/&quot;><button class=&quot;wpp-btn-blue-medium&quot;>See more<\/button><\/a>\"><img decoding=\"async\" class=\"wonderplugin-gridgallery-item-img\" src=\"http:\/\/ground.geophysicsgpr.com\/wp-content\/uploads\/sites\/7\/2015\/08\/IMG_5387-HDR.jpg\" \/><\/a><\/div><\/div><div class=\"wonderplugin-gridgallery-item\" data-row=\"1\" data-col=\"1\"><div class=\"wonderplugin-gridgallery-item-container\"><a href=\"http:\/\/ground.geophysicsgpr.com\/en\/ground-geophysics-applications\/mineral-exploration\" title=\"Mineral Exploration\" data-description=\"Different methods applied to geophysical exploration .\" data-button=\"<a href=&quot;http:\/\/ground.geophysicsgpr.com\/en\/ground-geophysics-applications\/mineral-exploration&quot;><button class=&quot;wpp-btn-blue-medium&quot;>See more<\/button><\/a>\"><img decoding=\"async\" class=\"wonderplugin-gridgallery-item-img\" src=\"http:\/\/ground.geophysicsgpr.com\/wp-content\/uploads\/sites\/7\/2015\/08\/app_mineral.jpg\" \/><\/a><\/div><\/div><div class=\"wonderplugin-gridgallery-item\" data-row=\"1\" data-col=\"1\"><div class=\"wonderplugin-gridgallery-item-container\"><a href=\"http:\/\/ground.geophysicsgpr.com\/en\/ground-geophysics-applications\/oil-and-gas-exploration\" title=\"Oil & Gas Exploration\" data-description=\"Geophysical techniques used in the search for underground reservoirs and oil and gas exploration.\" data-button=\"<a href=&quot;http:\/\/ground.geophysicsgpr.com\/en\/ground-geophysics-applications\/oil-and-gas-exploration&quot;><button class=&quot;wpp-btn-blue-medium&quot;>See more<\/button><\/a>\"><img decoding=\"async\" class=\"wonderplugin-gridgallery-item-img\" src=\"http:\/\/ground.geophysicsgpr.com\/wp-content\/uploads\/sites\/7\/2015\/07\/Ground_Applications_Oil-and-Gas.jpg\" \/><\/a><\/div><\/div><div class=\"wonderplugin-gridgallery-item\" data-row=\"1\" data-col=\"1\"><div class=\"wonderplugin-gridgallery-item-container\"><a href=\"http:\/\/ground.geophysicsgpr.com\/en\/applications\/mining-and-mine-sites-projects\/\" title=\"Mining and Mine Sites Projects\" data-description=\"Prospecting for base metals by characterizing geophysical conductors.\" data-button=\"<a href=&quot;http:\/\/ground.geophysicsgpr.com\/en\/applications\/mining-and-mine-sites-projects\/&quot;><button class=&quot;wpp-btn-blue-medium&quot;>See more<\/button><\/a>\"><img decoding=\"async\" class=\"wonderplugin-gridgallery-item-img\" src=\"http:\/\/ground.geophysicsgpr.com\/wp-content\/uploads\/sites\/7\/2015\/08\/app_mines.jpg\" \/><\/a><\/div><\/div><div class=\"wonderplugin-gridgallery-item\" data-row=\"1\" data-col=\"1\"><div class=\"wonderplugin-gridgallery-item-container\"><a href=\"http:\/\/ground.geophysicsgpr.com\/en\/applications\/hydrogeological-studies\/\" title=\"Hydrogeological Studies\" data-description=\"Geophysical methods applied to the location of potential mining areas and locating water supply projects.\" data-button=\"<a href=&quot;http:\/\/ground.geophysicsgpr.com\/en\/applications\/hydrogeological-studies\/&quot;><button class=&quot;wpp-btn-blue-medium&quot;>See more<\/button><\/a>\"><img decoding=\"async\" class=\"wonderplugin-gridgallery-item-img\" src=\"http:\/\/ground.geophysicsgpr.com\/wp-content\/uploads\/sites\/7\/2015\/08\/app_hydro.jpg\" \/><\/a><\/div><\/div><div class=\"wonderplugin-gridgallery-item\" data-row=\"1\" data-col=\"1\"><div class=\"wonderplugin-gridgallery-item-container\"><a href=\"http:\/\/ground.geophysicsgpr.com\/en\/applications\/archaeological-studies\/\" title=\"Archaeological Studies\" data-description=\"Dans le cadre d\u2019\u00e9tudes d\u2019impact, une prospection g\u00e9ophysique contribue \u00e0 dresser un premier \u00e9tat des lieux avant tout projet d\u2019am\u00e9nagement.\" data-button=\"<a href=&quot;http:\/\/ground.geophysicsgpr.com\/en\/applications\/archaeological-studies\/&quot;><button class=&quot;wpp-btn-blue-medium&quot;>See more<\/button><\/a>\"><img decoding=\"async\" class=\"wonderplugin-gridgallery-item-img\" src=\"http:\/\/ground.geophysicsgpr.com\/wp-content\/uploads\/sites\/7\/2015\/08\/app_arch.jpg\" \/><\/a><\/div><\/div><div style=\"clear:both;\"><\/div><\/div><div class=\"wonderplugin-gridgallery-engine\"><a href=\"http:\/\/www.wonderplugin.com\/wordpress-gridgallery\/\" title=\"WordPress Grid Gallery Plugin\">WordPress Grid Gallery Plugin<\/a><\/div><\/div>\n<\/div>\n<\/div><\/div><div id=\"panel-2271-0-0-3\" class=\"so-panel widget widget_sow-editor panel-last-child\" data-index=\"3\" ><div class=\"texte-home-right article panel-widget-style panel-widget-style-for-2271-0-0-3\" ><div\n\t\t\t\n\t\t\tclass=\"so-widget-sow-editor so-widget-sow-editor-base\"\n\t\t\t\n\t\t>\n<div class=\"siteorigin-widget-tinymce textwidget\">\n\t<h2 class=\"titre-h2-accueil\"><strong>About ground geophysics services<\/strong><\/h2>\n<p>The specialists at Geophysics GPR International Inc. have planned and performed thousands of geophysical surveys, not only in Canada, but also in more than forty countries around the world.<\/p>\n<p>These investigations reduce the costs and delays in obtaining the information essential for project design, rehabilitation, construction and exploration.<\/p>\n<p>For more information, please contact our\u00a0<span style=\"color: #808000;\"><a style=\"color: #808000;\" href=\"mailto:daniel.campos@geophysicsgpr.com;info@geophysicsgpr.com\">Ground Survey Team<\/a><\/span>.<\/p>\n<p>The expertise of Geophysics GPR extends into the <span style=\"color: #808000;\"><a style=\"color: #808000;\" href=\"http:\/\/marine.geophysicsgpr.com\/en\">Marine<\/a><\/span> and<span style=\"color: #808000;\"> <a style=\"color: #808000;\" href=\"http:\/\/airborne.geophysicsgpr.com\/en\">Airborne<\/a><\/span> domains.<\/p>\n<p>Explore our full\u00a0<span style=\"color: #808000;\"><a style=\"color: #808000;\" href=\"http:\/\/geophysicsgpr.com\/en\">website<\/a><\/span> to learn more.<\/p>\n<\/div>\n<\/div><\/div><\/div><\/div><\/div><\/div>","protected":false},"excerpt":{"rendered":"<p>We continue innovating as a pioneer in applied geophysics. Through our knowledge and ability to apply traditional and innovative\u00a0geophysical methods, we help solve geologic, geotechnical and engineering challenges.\u00a0Please explore the links below\u00a0to learn about geophysical techniques and see how they can\u00a0apply to your projects or\u00a0contact our\u00a0Ground Geophysics Survey Team\u00a0to learn more! About ground geophysics services&#8230;  <a href=\"https:\/\/ground.geophysicsgpr.com\/en\/home\" class=\"more-link\" title=\"Read Home\">Read more &raquo;<\/a><\/p>\n","protected":false},"author":1,"featured_media":1118,"parent":0,"menu_order":0,"comment_status":"closed","ping_status":"closed","template":"page-full-width.php","meta":{"content-type":"","footnotes":""},"class_list":["post-2271","page","type-page","status-publish","has-post-thumbnail","hentry"],"_links":{"self":[{"href":"https:\/\/ground.geophysicsgpr.com\/en\/wp-json\/wp\/v2\/pages\/2271","targetHints":{"allow":["GET"]}}],"collection":[{"href":"https:\/\/ground.geophysicsgpr.com\/en\/wp-json\/wp\/v2\/pages"}],"about":[{"href":"https:\/\/ground.geophysicsgpr.com\/en\/wp-json\/wp\/v2\/types\/page"}],"author":[{"embeddable":true,"href":"https:\/\/ground.geophysicsgpr.com\/en\/wp-json\/wp\/v2\/users\/1"}],"replies":[{"embeddable":true,"href":"https:\/\/ground.geophysicsgpr.com\/en\/wp-json\/wp\/v2\/comments?post=2271"}],"version-history":[{"count":2,"href":"https:\/\/ground.geophysicsgpr.com\/en\/wp-json\/wp\/v2\/pages\/2271\/revisions"}],"predecessor-version":[{"id":3439,"href":"https:\/\/ground.geophysicsgpr.com\/en\/wp-json\/wp\/v2\/pages\/2271\/revisions\/3439"}],"wp:featuredmedia":[{"embeddable":true,"href":"https:\/\/ground.geophysicsgpr.com\/en\/wp-json\/wp\/v2\/media\/1118"}],"wp:attachment":[{"href":"https:\/\/ground.geophysicsgpr.com\/en\/wp-json\/wp\/v2\/media?parent=2271"}],"curies":[{"name":"wp","href":"https:\/\/api.w.org\/{rel}","templated":true}]}}