{"id":3085,"date":"2018-03-14T14:40:26","date_gmt":"2018-03-14T14:40:26","guid":{"rendered":"http:\/\/ground.geophysicsgpr.com\/en\/nouvelle-page-daccueil"},"modified":"2019-05-13T14:45:50","modified_gmt":"2019-05-13T14:45:50","slug":"ground-geophysics","status":"publish","type":"page","link":"https:\/\/ground.geophysicsgpr.com\/en","title":{"rendered":"Ground Geophysics"},"content":{"rendered":"<div id=\"pl-3085\"  class=\"panel-layout\" ><div id=\"pg-3085-0\"  class=\"panel-grid panel-has-style\" ><div class=\"siteorigin-panels-stretch panel-row-style panel-row-style-for-3085-0\" data-stretch-type=\"full\" ><div id=\"pgc-3085-0-0\"  class=\"panel-grid-cell\" ><div id=\"panel-3085-0-0-0\" class=\"so-panel widget widget_siteorigin-panels-builder panel-first-child panel-last-child\" data-index=\"0\" ><div class=\"container panel-widget-style panel-widget-style-for-3085-0-0-0\" ><div id=\"pl-w5b0b7dde984ee\"  class=\"panel-layout\" ><div id=\"pg-w5b0b7dde984ee-0\"  class=\"panel-grid panel-no-style\" ><div id=\"pgc-w5b0b7dde984ee-0-0\"  class=\"panel-grid-cell\" ><div id=\"panel-w5b0b7dde984ee-0-0-0\" class=\"so-panel widget widget_sow-editor panel-first-child panel-last-child\" data-index=\"0\" ><div class=\"panel-widget-style panel-widget-style-for-w5b0b7dde984ee-0-0-0\" ><div\n\t\t\t\n\t\t\tclass=\"so-widget-sow-editor so-widget-sow-editor-base\"\n\t\t\t\n\t\t>\n<div class=\"siteorigin-widget-tinymce textwidget\">\n\t<h2 class=\"newhomeh2\" style=\"text-transform: none;\">Geophysics GPR provides airborne, marine and ground-based geophysical surveys to clients in Canada and around the world.<\/h2>\n<h2 class=\"newhomeh2\" style=\"text-transform: none; color:#fa4c06;\">Learn more on our ground operations.<\/h2>\n<div style=\"background-color: #fa4c06; width: 200px; height: 8px;\"><\/div><\/div>\n<\/div><\/div><\/div><\/div><div id=\"pgc-w5b0b7dde984ee-0-1\"  class=\"panel-grid-cell\" ><div id=\"panel-w5b0b7dde984ee-0-1-0\" class=\"so-panel widget widget_sow-editor panel-first-child panel-last-child\" data-index=\"1\" ><div class=\"panel-widget-style panel-widget-style-for-w5b0b7dde984ee-0-1-0\" ><div\n\t\t\t\n\t\t\tclass=\"so-widget-sow-editor so-widget-sow-editor-base\"\n\t\t\t\n\t\t>\n<div class=\"siteorigin-widget-tinymce textwidget\">\n\t<div align=\"center\" style=\"width:100%\">\n<img decoding=\"async\" class=\"alignright\" style=\"width: 75px;\" src=\"http:\/\/geophysicsgpr.com\/wp-content\/themes\/theme-geophysics\/images\/ground-ico_blue.svg\" alt=\"Ground Geophysics\" \/>\n<\/div>\n<\/div>\n<\/div><\/div><\/div><\/div><\/div><\/div><\/div><\/div><\/div><\/div><\/div><div id=\"pg-3085-1\"  class=\"panel-grid panel-has-style\" ><div class=\"siteorigin-panels-stretch panel-row-style panel-row-style-for-3085-1\" data-stretch-type=\"full\" ><div id=\"pgc-3085-1-0\"  class=\"panel-grid-cell\" ><div id=\"panel-3085-1-0-0\" class=\"so-panel widget widget_siteorigin-panels-builder panel-first-child panel-last-child\" data-index=\"1\" ><div id=\"pl-w5aa97e9e894e0\"  class=\"panel-layout\" ><div id=\"pg-w5aa97e9e894e0-0\"  class=\"panel-grid panel-no-style\" ><div id=\"pgc-w5aa97e9e894e0-0-0\"  class=\"panel-grid-cell\" ><div id=\"panel-w5aa97e9e894e0-0-0-0\" class=\"so-panel widget widget_sow-editor panel-first-child\" data-index=\"0\" ><div class=\"container panel-widget-style panel-widget-style-for-w5aa97e9e894e0-0-0-0\" ><div\n\t\t\t\n\t\t\tclass=\"so-widget-sow-editor so-widget-sow-editor-base\"\n\t\t\t\n\t\t>\n<div class=\"siteorigin-widget-tinymce textwidget\">\n\t<p><span style=\"color: #013ca6; font-size: 24px;\">TECHNIQUES<\/span><\/p>\n<\/div>\n<\/div><\/div><\/div><div id=\"panel-w5aa97e9e894e0-0-0-1\" class=\"so-panel widget widget_sow-editor\" data-index=\"1\" ><div\n\t\t\t\n\t\t\tclass=\"so-widget-sow-editor so-widget-sow-editor-base\"\n\t\t\t\n\t\t>\n<div class=\"siteorigin-widget-tinymce textwidget\">\n\t<div id=\"wondergridgallerylightbox_options\" data-skinsfoldername=\"skins\/default\/\"  data-jsfolder=\"https:\/\/ground.geophysicsgpr.com\/wp-content\/plugins\/wonderplugin-gridgallery\/engine\/\" style=\"display:none;\"><\/div>\r\n<style type=\"text\/css\">.wpp-btn-blue-medium {     background: rgba(92, 80, 2, 0.8) }  .wpp-btn-blue-medium:hover {     color: #fff;     background: #ab8e09; }<\/style><style type=\"text\/css\">@import url(https:\/\/fonts.googleapis.com\/css?family=Open+Sans);  #wonderplugingridgallery-18 .wonderplugin-gridgallery-item-text {     text-align: center;     box-sizing: border-box;     -webkit-box-sizing: border-box;     -moz-box-sizing: border-box; }  #wonderplugingridgallery-18 .wonderplugin-gridgallery-item-title {     font-size: 18px;     position: absolute;     left: 5px;     top: 5px;     width: 97.5%;     height: auto;     background-color: #fa4c06;     color: #fff;     padding: 12px 5px; }  #wonderplugingridgallery-18 .wonderplugin-gridgallery-item-description {     font-size: 12px; }  #wonderplugingridgallery-18 .wonderplugin-gridgallery-item-container img:hover  {<\/style><div class=\"wonderplugingridgallery\" id=\"wonderplugingridgallery-18\" data-gridgalleryid=\"18\" data-width=\"385\" data-height=\"350\" data-skin=\"threecolumns\" data-random=\"false\" data-shownavigation=\"true\" data-hoverzoomin=\"false\" data-hoverzoominimageonly=\"true\" data-hoverzoominimagecenter=\"false\" data-hoverfade=\"true\" data-responsive=\"true\" data-mediumscreen=\"true\" data-smallscreen=\"true\" data-showtitle=\"true\" data-showtexttitle=\"true\" data-showtextdescription=\"false\" data-showtextbutton=\"false\" data-lightboxnogroup=\"false\" data-lightboxshowtitle=\"true\" data-lightboxshowdescription=\"false\" data-lightboxresponsive=\"true\" data-circularimage=\"false\" data-firstimage=\"false\" data-textinsidespace=\"false\" data-thumbwidth=\"90\" data-thumbheight=\"60\" data-thumbtopmargin=\"12\" data-thumbbottommargin=\"4\" data-barheight=\"64\" data-titlebottomcss=\"{color:#333; font-size:14px; font-family:Armata,sans-serif,Arial; overflow:hidden; text-align:left;}\" data-descriptionbottomcss=\"{color:#333; font-size:12px; font-family:Arial,Helvetica,sans-serif; overflow:hidden; text-align:left; margin:4px 0px 0px; padding: 0px;}\" data-googleanalyticsaccount=\"\" data-gap=\"4\" data-margin=\"10\" data-borderradius=\"0\" data-hoverzoominvalue=\"0\" data-hoverzoominduration=\"1000\" data-hoverzoominimagescale=\"1.1\" data-hoverzoominimageduration=\"360\" data-hoverfadeopacity=\"0.8\" data-hoverfadeduration=\"300\" data-videoplaybutton=\"playvideo-64-64-0.png\" data-column=\"3\" data-mediumcolumn=\"2\" data-mediumscreensize=\"800\" data-smallcolumn=\"1\" data-smallscreensize=\"600\" data-titlemode=\"always\" data-titleeffect=\"fade\" data-titleeffectduration=\"500\" data-titleheight=\"0\" data-jsfolder=\"https:\/\/ground.geophysicsgpr.com\/wp-content\/plugins\/wonderplugin-gridgallery\/engine\/\" data-skinsfoldername=\"skins\/default\/\" style=\"display:none;position:relative;margin:0 auto;width:100%;max-width:1163px;\" ><div class=\"wonderplugin-gridgallery-list\" style=\"display:block;position:relative;max-width:100%;margin:0 auto;\"><div class=\"wonderplugin-gridgallery-item\" data-row=\"1\" data-col=\"1\"><div class=\"wonderplugin-gridgallery-item-container\"><a href=\"http:\/\/ground.geophysicsgpr.com\/techniques\/seismic\/\" title=\"Seismic\" data-description=\"Seismic methods are imaging techniques based on the study of propagation of seismic waves of mechanical nature propagating in space according to the physical environment properties.\" data-button=\"<a href=&quot;http:\/\/ground.geophysicsgpr.com\/en\/techniques\/seismic&quot;><button class=&quot;wpp-btn-blue-medium&quot;>Learn more<\/button><\/a>\"><img decoding=\"async\" class=\"wonderplugin-gridgallery-item-img\" src=\"http:\/\/ground.geophysicsgpr.com\/wp-content\/uploads\/sites\/7\/2015\/07\/seismic-700x500.jpg\" \/><\/a><\/div><\/div><div class=\"wonderplugin-gridgallery-item\" data-row=\"1\" data-col=\"1\"><div class=\"wonderplugin-gridgallery-item-container\"><a href=\"http:\/\/ground.geophysicsgpr.com\/techniques\/georadar\/\" title=\"Georadar\" data-description=\"Georadar is an electromagnetic technique for establishing a profile based on the topography of the dielectric permittivity and conductivity. It is similar to the seismic reflection method.\" data-button=\"<a href=&quot;http:\/\/ground.geophysicsgpr.com\/en\/techniques\/georadar&quot;><button class=&quot;wpp-btn-blue-medium&quot;>Learn more<\/button><\/a>\"><img decoding=\"async\" class=\"wonderplugin-gridgallery-item-img\" src=\"http:\/\/ground.geophysicsgpr.com\/wp-content\/uploads\/sites\/7\/2015\/08\/IMG_6252_ajust.jpg\" \/><\/a><\/div><\/div><div class=\"wonderplugin-gridgallery-item\" data-row=\"1\" data-col=\"1\"><div class=\"wonderplugin-gridgallery-item-container\"><a href=\"http:\/\/ground.geophysicsgpr.com\/techniques\/magnetism-and-electromagnetism\/\" title=\"Magnetism & Electromagnetism\" data-description=\"Applications using magnetism include archeology, geological mapping, mineral exploration and location of buried magnetic objects.\" data-button=\"<a href=&quot;http:\/\/ground.geophysicsgpr.com\/en\/techniques\/magnetism-and-electromagnetism&quot;><button class=&quot;wpp-btn-blue-medium&quot;>Learn more<\/button><\/a>\"><img decoding=\"async\" class=\"wonderplugin-gridgallery-item-img\" src=\"http:\/\/ground.geophysicsgpr.com\/wp-content\/uploads\/sites\/7\/2015\/07\/Ground_Techniques_EM-600x400.jpg\" \/><\/a><\/div><\/div><div class=\"wonderplugin-gridgallery-item\" data-row=\"1\" data-col=\"1\"><div class=\"wonderplugin-gridgallery-item-container\"><a href=\"http:\/\/ground.geophysicsgpr.com\/techniques\/electrical-resistivity-ip-and-sp\/\" title=\"Electrical Resistivity \/ IP \/ SP\" data-description=\"Electrical resistivity includes ground studies techniques, hydrogeology, mining exploration and cavity mapping.\" data-button=\"<a href=&quot;http:\/\/ground.geophysicsgpr.com\/en\/techniques\/electrical-resistivity-ip-and-sp&quot;><button class=&quot;wpp-btn-blue-medium&quot;>Learn more<\/button><\/a>\"><img decoding=\"async\" class=\"wonderplugin-gridgallery-item-img\" src=\"http:\/\/ground.geophysicsgpr.com\/wp-content\/uploads\/sites\/7\/2015\/07\/Electrical-Resistivity-IP-and-SP-300x225.jpg\" \/><\/a><\/div><\/div><div class=\"wonderplugin-gridgallery-item\" data-row=\"1\" data-col=\"1\"><div class=\"wonderplugin-gridgallery-item-container\"><a href=\"http:\/\/ground.geophysicsgpr.com\/techniques\/gravimetry\/\" title=\"Gravimetry\" data-description=\"Can characterize an aquifer, a cavity, a glacier, a salt dome, an archaeological site, a metalliferous cottage, a sedimentary basin or structure of a mountain range.\" data-button=\"<a href=&quot;http:\/\/ground.geophysicsgpr.com\/en\/techniques\/gravimetry&quot;><button class=&quot;wpp-btn-blue-medium&quot;>Learn more<\/button><\/a>\"><img decoding=\"async\" class=\"wonderplugin-gridgallery-item-img\" src=\"http:\/\/ground.geophysicsgpr.com\/wp-content\/uploads\/sites\/7\/2015\/07\/Ground_Techniques_Gravimetry.jpg\" \/><\/a><\/div><\/div><div class=\"wonderplugin-gridgallery-item\" data-row=\"1\" data-col=\"1\"><div class=\"wonderplugin-gridgallery-item-container\"><a href=\"http:\/\/ground.geophysicsgpr.com\/techniques\/vibration-monitoring\/\" title=\"Vibration Monitoring\" data-description=\"Risk analysis related to blasting operations, assessment of impacts and hydrogeological location of underground infrastructure.\" data-button=\"<a href=&quot;http:\/\/ground.geophysicsgpr.com\/en\/techniques\/vibration-monitoring&quot;><button class=&quot;wpp-btn-blue-medium&quot;>Learn more<\/button><\/a>\"><img decoding=\"async\" class=\"wonderplugin-gridgallery-item-img\" src=\"http:\/\/ground.geophysicsgpr.com\/wp-content\/uploads\/sites\/7\/2015\/11\/DSC_0189-300x201.jpg\" \/><\/a><\/div><\/div><div class=\"wonderplugin-gridgallery-item\" data-row=\"1\" data-col=\"1\"><div class=\"wonderplugin-gridgallery-item-container\"><a href=\"http:\/\/ground.geophysicsgpr.com\/techniques\/borehole-logging\/\" title=\"Borehole Logging\" data-description=\"Continuous recording of variations, depending on the depth of a given characteristic of the formations traversed by a drilling  borehole.\" data-button=\"<a href=&quot;http:\/\/ground.geophysicsgpr.com\/en\/techniques\/borehole-logging&quot;><button class=&quot;wpp-btn-blue-medium&quot;>Learn more<\/button><\/a>\"><img decoding=\"async\" class=\"wonderplugin-gridgallery-item-img\" src=\"http:\/\/ground.geophysicsgpr.com\/wp-content\/uploads\/sites\/7\/2015\/07\/Borehole-Logging-700x500.jpg\" \/><\/a><\/div><\/div><div style=\"clear:both;\"><\/div><\/div><div class=\"wonderplugin-gridgallery-engine\"><a href=\"http:\/\/www.wonderplugin.com\/wordpress-gridgallery\/\" title=\"WordPress Grid Gallery Plugin\">WordPress Grid Gallery Plugin<\/a><\/div><\/div>\n<\/div>\n<\/div><\/div><div id=\"panel-w5aa97e9e894e0-0-0-2\" class=\"so-panel widget widget_sow-editor\" data-index=\"2\" ><div class=\"container panel-widget-style panel-widget-style-for-w5aa97e9e894e0-0-0-2\" ><div\n\t\t\t\n\t\t\tclass=\"so-widget-sow-editor so-widget-sow-editor-base\"\n\t\t\t\n\t\t>\n<div class=\"siteorigin-widget-tinymce textwidget\">\n\t<p><span style=\"color: #013ca6; font-size: 24px;\">APPLICATIONS<\/span><\/p>\n<\/div>\n<\/div><\/div><\/div><div id=\"panel-w5aa97e9e894e0-0-0-3\" class=\"so-panel widget widget_sow-editor panel-last-child\" data-index=\"3\" ><div\n\t\t\t\n\t\t\tclass=\"so-widget-sow-editor so-widget-sow-editor-base\"\n\t\t\t\n\t\t>\n<div class=\"siteorigin-widget-tinymce textwidget\">\n\t<div id=\"wondergridgallerylightbox_options\" data-skinsfoldername=\"skins\/default\/\"  data-jsfolder=\"https:\/\/ground.geophysicsgpr.com\/wp-content\/plugins\/wonderplugin-gridgallery\/engine\/\" style=\"display:none;\"><\/div>\r\n<style type=\"text\/css\">.wpp-btn-blue-medium {     background: rgba(92, 80, 2, 0.8) }  .wpp-btn-blue-medium:hover {     color: #fff;     background: #ab8e09; }<\/style><style type=\"text\/css\">@import url(https:\/\/fonts.googleapis.com\/css?family=Open+Sans);  #wonderplugingridgallery-19 .wonderplugin-gridgallery-item-text {     text-align: center;     box-sizing: border-box;     -webkit-box-sizing: border-box;     -moz-box-sizing: border-box; }  #wonderplugingridgallery-19 .wonderplugin-gridgallery-item-title {     font-size: 18px;     position: absolute;     left: 5px;     top: 5px;     width: 97.5%;     height: auto;     background-color: #fa4c06;     color: #fff;     padding: 12px 5px; }  #wonderplugingridgallery-19 .wonderplugin-gridgallery-item-description {     font-size: 12px; }  #wonderplugingridgallery-19 .wonderplugin-gridgallery-item-container img:hover { }<\/style><div class=\"wonderplugingridgallery\" id=\"wonderplugingridgallery-19\" data-gridgalleryid=\"19\" data-width=\"385\" data-height=\"350\" data-skin=\"threecolumns\" data-random=\"false\" data-shownavigation=\"true\" data-hoverzoomin=\"false\" data-hoverzoominimageonly=\"true\" data-hoverzoominimagecenter=\"false\" data-hoverfade=\"false\" data-responsive=\"true\" data-mediumscreen=\"true\" data-smallscreen=\"true\" data-showtitle=\"true\" data-showtexttitle=\"true\" data-showtextdescription=\"false\" data-showtextbutton=\"false\" data-lightboxnogroup=\"false\" data-lightboxshowtitle=\"true\" data-lightboxshowdescription=\"false\" data-lightboxresponsive=\"true\" data-circularimage=\"false\" data-firstimage=\"false\" data-textinsidespace=\"false\" data-thumbwidth=\"90\" data-thumbheight=\"60\" data-thumbtopmargin=\"12\" data-thumbbottommargin=\"4\" data-barheight=\"64\" data-titlebottomcss=\"{color:#333; font-size:14px; font-family:Armata,sans-serif,Arial; overflow:hidden; text-align:left;}\" data-descriptionbottomcss=\"{color:#333; font-size:12px; font-family:Arial,Helvetica,sans-serif; overflow:hidden; text-align:left; margin:4px 0px 0px; padding: 0px;}\" data-googleanalyticsaccount=\"\" data-gap=\"4\" data-margin=\"10\" data-borderradius=\"0\" data-hoverzoominvalue=\"0\" data-hoverzoominduration=\"1000\" data-hoverzoominimagescale=\"1.01\" data-hoverzoominimageduration=\"360\" data-hoverfadeopacity=\"0.8\" data-hoverfadeduration=\"300\" data-videoplaybutton=\"playvideo-64-64-0.png\" data-column=\"3\" data-mediumcolumn=\"2\" data-mediumscreensize=\"800\" data-smallcolumn=\"1\" data-smallscreensize=\"600\" data-titlemode=\"always\" data-titleeffect=\"fade\" data-titleeffectduration=\"500\" data-titleheight=\"0\" data-jsfolder=\"https:\/\/ground.geophysicsgpr.com\/wp-content\/plugins\/wonderplugin-gridgallery\/engine\/\" data-skinsfoldername=\"skins\/default\/\" style=\"display:none;position:relative;margin:0 auto;width:100%;max-width:1163px;\" ><div class=\"wonderplugin-gridgallery-list\" style=\"display:block;position:relative;max-width:100%;margin:0 auto;\"><div class=\"wonderplugin-gridgallery-item\" data-row=\"1\" data-col=\"1\"><div class=\"wonderplugin-gridgallery-item-container\"><a href=\"http:\/\/ground.geophysicsgpr.com\/en\/ground-geophysics-applications\/geological-studies-and-geotechnical-study\" title=\"Geological and Geotechnical Studies\" data-description=\"Geological and geotechnical risks studies and geological soil survey.\" data-button=\"<a href=&quot;http:\/\/ground.geophysicsgpr.com\/en\/ground-geophysics-applications\/geological-studies-and-geotechnical-study&quot;><button class=&quot;wpp-btn-blue-medium&quot;>See more<\/button><\/a>\"><img decoding=\"async\" class=\"wonderplugin-gridgallery-item-img\" src=\"http:\/\/ground.geophysicsgpr.com\/wp-content\/uploads\/sites\/7\/2015\/08\/Applications_Geological_b.jpg\" \/><\/a><\/div><\/div><div class=\"wonderplugin-gridgallery-item\" data-row=\"1\" data-col=\"1\"><div class=\"wonderplugin-gridgallery-item-container\"><a href=\"http:\/\/ground.geophysicsgpr.com\/en\/ground-geophysics-applications\/infrastructures-projects\" title=\"Civil Engineering and Infrastructure Projects\" data-description=\"Geotechnical methods applied to various construction and civil engineering projects or mining infrastructure.\" data-button=\"<a href=&quot;http:\/\/ground.geophysicsgpr.com\/en\/ground-geophysics-applications\/infrastructures-projects&quot;><button class=&quot;wpp-btn-blue-medium&quot;>See more<\/button><\/a>\"><img decoding=\"async\" class=\"wonderplugin-gridgallery-item-img\" src=\"http:\/\/ground.geophysicsgpr.com\/wp-content\/uploads\/sites\/7\/2015\/08\/Applications_Civil.jpg\" \/><\/a><\/div><\/div><div class=\"wonderplugin-gridgallery-item\" data-row=\"1\" data-col=\"1\"><div class=\"wonderplugin-gridgallery-item-container\"><a href=\"http:\/\/ground.geophysicsgpr.com\/en\/applications\/environmental-investigations\/\" title=\"Environmental Investigations\" data-description=\"Geophysical surveys for exploration and environmental studies.\" data-button=\"<a href=&quot;http:\/\/ground.geophysicsgpr.com\/en\/applications\/environmental-investigations\/&quot;><button class=&quot;wpp-btn-blue-medium&quot;>See more<\/button><\/a>\"><img decoding=\"async\" class=\"wonderplugin-gridgallery-item-img\" src=\"http:\/\/ground.geophysicsgpr.com\/wp-content\/uploads\/sites\/7\/2015\/08\/IMG_5387-HDR.jpg\" \/><\/a><\/div><\/div><div class=\"wonderplugin-gridgallery-item\" data-row=\"1\" data-col=\"1\"><div class=\"wonderplugin-gridgallery-item-container\"><a href=\"http:\/\/ground.geophysicsgpr.com\/en\/ground-geophysics-applications\/mineral-exploration\" title=\"Mineral Exploration\" data-description=\"Different methods applied to geophysical exploration .\" data-button=\"<a href=&quot;http:\/\/ground.geophysicsgpr.com\/en\/ground-geophysics-applications\/mineral-exploration&quot;><button class=&quot;wpp-btn-blue-medium&quot;>See more<\/button><\/a>\"><img decoding=\"async\" class=\"wonderplugin-gridgallery-item-img\" src=\"http:\/\/ground.geophysicsgpr.com\/wp-content\/uploads\/sites\/7\/2015\/08\/app_mineral.jpg\" \/><\/a><\/div><\/div><div class=\"wonderplugin-gridgallery-item\" data-row=\"1\" data-col=\"1\"><div class=\"wonderplugin-gridgallery-item-container\"><a href=\"http:\/\/ground.geophysicsgpr.com\/en\/ground-geophysics-applications\/oil-and-gas-exploration\" title=\"Oil & Gas Exploration\" data-description=\"Geophysical techniques used in the search for underground reservoirs and oil and gas exploration.\" data-button=\"<a href=&quot;http:\/\/ground.geophysicsgpr.com\/en\/ground-geophysics-applications\/oil-and-gas-exploration&quot;><button class=&quot;wpp-btn-blue-medium&quot;>See more<\/button><\/a>\"><img decoding=\"async\" class=\"wonderplugin-gridgallery-item-img\" src=\"http:\/\/ground.geophysicsgpr.com\/wp-content\/uploads\/sites\/7\/2015\/07\/Ground_Applications_Oil-and-Gas.jpg\" \/><\/a><\/div><\/div><div class=\"wonderplugin-gridgallery-item\" data-row=\"1\" data-col=\"1\"><div class=\"wonderplugin-gridgallery-item-container\"><a href=\"http:\/\/ground.geophysicsgpr.com\/en\/applications\/mining-and-mine-sites-projects\/\" title=\"Mining and Mine Sites Projects\" data-description=\"Prospecting for base metals by characterizing geophysical conductors.\" data-button=\"<a href=&quot;http:\/\/ground.geophysicsgpr.com\/en\/applications\/mining-and-mine-sites-projects\/&quot;><button class=&quot;wpp-btn-blue-medium&quot;>See more<\/button><\/a>\"><img decoding=\"async\" class=\"wonderplugin-gridgallery-item-img\" src=\"http:\/\/ground.geophysicsgpr.com\/wp-content\/uploads\/sites\/7\/2015\/08\/app_mines.jpg\" \/><\/a><\/div><\/div><div class=\"wonderplugin-gridgallery-item\" data-row=\"1\" data-col=\"1\"><div class=\"wonderplugin-gridgallery-item-container\"><a href=\"http:\/\/ground.geophysicsgpr.com\/en\/applications\/hydrogeological-studies\/\" title=\"Hydrogeological Studies\" data-description=\"Geophysical methods applied to the location of potential mining areas and locating water supply projects.\" data-button=\"<a href=&quot;http:\/\/ground.geophysicsgpr.com\/en\/applications\/hydrogeological-studies\/&quot;><button class=&quot;wpp-btn-blue-medium&quot;>See more<\/button><\/a>\"><img decoding=\"async\" class=\"wonderplugin-gridgallery-item-img\" src=\"http:\/\/ground.geophysicsgpr.com\/wp-content\/uploads\/sites\/7\/2015\/08\/app_hydro.jpg\" \/><\/a><\/div><\/div><div class=\"wonderplugin-gridgallery-item\" data-row=\"1\" data-col=\"1\"><div class=\"wonderplugin-gridgallery-item-container\"><a href=\"http:\/\/ground.geophysicsgpr.com\/en\/applications\/archaeological-studies\/\" title=\"Archaeological Studies\" data-description=\"Dans le cadre d\u2019\u00e9tudes d\u2019impact, une prospection g\u00e9ophysique contribue \u00e0 dresser un premier \u00e9tat des lieux avant tout projet d\u2019am\u00e9nagement.\" data-button=\"<a href=&quot;http:\/\/ground.geophysicsgpr.com\/en\/applications\/archaeological-studies\/&quot;><button class=&quot;wpp-btn-blue-medium&quot;>See more<\/button><\/a>\"><img decoding=\"async\" class=\"wonderplugin-gridgallery-item-img\" src=\"http:\/\/ground.geophysicsgpr.com\/wp-content\/uploads\/sites\/7\/2015\/08\/app_arch.jpg\" \/><\/a><\/div><\/div><div style=\"clear:both;\"><\/div><\/div><div class=\"wonderplugin-gridgallery-engine\"><a href=\"http:\/\/www.wonderplugin.com\/wordpress-gridgallery\/\" title=\"WordPress Grid Gallery Plugin\">WordPress Grid Gallery Plugin<\/a><\/div><\/div>\n<\/div>\n<\/div><\/div><\/div><\/div><\/div><\/div><\/div><\/div><\/div><div id=\"pg-3085-2\"  class=\"panel-grid panel-has-style\" ><div class=\"container panel-row-style panel-row-style-for-3085-2\" ><div id=\"pgc-3085-2-0\"  class=\"panel-grid-cell\" ><div id=\"panel-3085-2-0-0\" class=\"so-panel widget widget_sow-editor panel-first-child panel-last-child\" data-index=\"2\" ><div class=\"article panel-widget-style panel-widget-style-for-3085-2-0-0\" ><div\n\t\t\t\n\t\t\tclass=\"so-widget-sow-editor so-widget-sow-editor-base\"\n\t\t\t\n\t\t>\n<div class=\"siteorigin-widget-tinymce textwidget\">\n\t<p><span style=\"color: #013ca6; font-size: 24px;\">ABOUT GROUND GEOPHYSICS SERVICES<\/span><br \/>\nThe specialists at Geophysics GPR International Inc. have planned and performed thousands of geophysical surveys, not only in Canada, but also in more than forty countries around the world.<\/p>\n<p>These investigations reduce the costs and delays in obtaining the information essential for project design, rehabilitation, construction and exploration.<\/p>\n<p>For more information, please contact our\u00a0<a class=\"mail-link\" href=\"mailto:mahdi.brakni@geophysicsgpr.com,info@geophysicsgpr.com\" style=\"color: #013ca6;\">Ground Survey Team<\/a>.<\/p>\n<p>The expertise of Geophysics GPR extends into the\u00a0<span style=\"color: #013ca6;\"><a style=\"color: #013ca6;\" href=\"http:\/\/marine.geophysicsgpr.com\/en\">Marine<\/a>\u00a0<\/span>and\u00a0<span style=\"color: #013ca6;\"><a style=\"color: #013ca6;\" href=\"http:\/\/airborne.geophysicsgpr.com\/en\">Airborne<\/a>\u00a0<\/span>domains.<\/p>\n<p>Explore our full\u00a0<span style=\"color: #013ca6;\"><a style=\"color: #013ca6;\" href=\"http:\/\/geophysicsgpr.com\/en\">website<\/a>\u00a0<\/span>to learn more.<\/p>\n<\/div>\n<\/div><\/div><\/div><\/div><\/div><\/div><\/div>","protected":false},"excerpt":{"rendered":"<p>Geophysics GPR provides airborne, marine and ground-based geophysical surveys to clients in Canada and around the world. Learn more on our ground operations. TECHNIQUES WordPress Grid Gallery Plugin APPLICATIONS WordPress Grid Gallery Plugin ABOUT GROUND GEOPHYSICS SERVICES The specialists at Geophysics GPR International Inc. have planned and performed thousands of geophysical surveys, not only in&#8230;  <a href=\"https:\/\/ground.geophysicsgpr.com\/en\" class=\"more-link\" title=\"Read Ground Geophysics\">Read more &raquo;<\/a><\/p>\n","protected":false},"author":1,"featured_media":3084,"parent":0,"menu_order":0,"comment_status":"closed","ping_status":"closed","template":"page-new-homepage.php","meta":{"content-type":"","footnotes":""},"class_list":["post-3085","page","type-page","status-publish","has-post-thumbnail","hentry"],"_links":{"self":[{"href":"https:\/\/ground.geophysicsgpr.com\/en\/wp-json\/wp\/v2\/pages\/3085","targetHints":{"allow":["GET"]}}],"collection":[{"href":"https:\/\/ground.geophysicsgpr.com\/en\/wp-json\/wp\/v2\/pages"}],"about":[{"href":"https:\/\/ground.geophysicsgpr.com\/en\/wp-json\/wp\/v2\/types\/page"}],"author":[{"embeddable":true,"href":"https:\/\/ground.geophysicsgpr.com\/en\/wp-json\/wp\/v2\/users\/1"}],"replies":[{"embeddable":true,"href":"https:\/\/ground.geophysicsgpr.com\/en\/wp-json\/wp\/v2\/comments?post=3085"}],"version-history":[{"count":44,"href":"https:\/\/ground.geophysicsgpr.com\/en\/wp-json\/wp\/v2\/pages\/3085\/revisions"}],"predecessor-version":[{"id":3177,"href":"https:\/\/ground.geophysicsgpr.com\/en\/wp-json\/wp\/v2\/pages\/3085\/revisions\/3177"}],"wp:featuredmedia":[{"embeddable":true,"href":"https:\/\/ground.geophysicsgpr.com\/en\/wp-json\/wp\/v2\/media\/3084"}],"wp:attachment":[{"href":"https:\/\/ground.geophysicsgpr.com\/en\/wp-json\/wp\/v2\/media?parent=3085"}],"curies":[{"name":"wp","href":"https:\/\/api.w.org\/{rel}","templated":true}]}}