{"id":705,"date":"2015-07-21T15:12:38","date_gmt":"2015-07-21T15:12:38","guid":{"rendered":"http:\/\/ground.geophysicsgpr.com\/?page_id=705"},"modified":"2018-07-30T16:50:24","modified_gmt":"2018-07-30T16:50:24","slug":"ground-geophysics-applications","status":"publish","type":"page","link":"https:\/\/ground.geophysicsgpr.com\/en\/ground-geophysics-applications","title":{"rendered":"Applications"},"content":{"rendered":"<div id=\"pl-705\"  class=\"panel-layout\" ><div id=\"pg-705-0\"  class=\"panel-grid panel-has-style\" ><div class=\"texte-home-right article panel-row-style panel-row-style-for-705-0\" ><div id=\"pgc-705-0-0\"  class=\"panel-grid-cell\" ><div id=\"panel-705-0-0-0\" class=\"so-panel widget widget_sow-editor panel-first-child panel-last-child\" data-index=\"0\" ><div\n\t\t\t\n\t\t\tclass=\"so-widget-sow-editor so-widget-sow-editor-base\"\n\t\t\t\n\t\t>\n<div class=\"siteorigin-widget-tinymce textwidget\">\n\t<p>This section provides a brief summary of the various ground geophysics applications offered by Geophysics GPR. Our company is continually expanding the range of applications for geophysical techniques to serve you better.<\/p>\n<p>We\u00a0strives to maintain a relationship of confidence with its partners and clients by assuring that all projects are completed to the entire satisfaction of the client, and offering high quality results. We are equally proud of our ISO 9001-2015 certification for the head office in Longueuil, Canada.<\/p>\n<p>For more information, please contact our\u00a0<a href=\"mailto:daniel.campos@gprmtl.com;jean-luc.arsenault@gprmtl.com;claude.robillard@gprmtl.com;milan.situm@gprtor.com;info@gprmtl.com\">Ground Survey Team<\/a>.<\/p>\n<\/div>\n<\/div><\/div><\/div><\/div><\/div><div id=\"pg-705-1\"  class=\"panel-grid panel-no-style\" ><div id=\"pgc-705-1-0\"  class=\"panel-grid-cell\" ><div id=\"panel-705-1-0-0\" class=\"so-panel widget widget_black-studio-tinymce widget_black_studio_tinymce panel-first-child panel-last-child\" data-index=\"1\" ><div class=\"textwidget\"><p><div id=\"wondergridgallerylightbox_options\" data-skinsfoldername=\"skins\/default\/\"  data-jsfolder=\"https:\/\/ground.geophysicsgpr.com\/wp-content\/plugins\/wonderplugin-gridgallery\/engine\/\" style=\"display:none;\"><\/div>\r\n<style type=\"text\/css\">.wpp-btn-blue-medium {     background: #fa4c06;  .wpp-btn-blue-medium:hover {     color: #fff;     background: #fa4c06; }<\/style><style type=\"text\/css\">@import url(https:\/\/fonts.googleapis.com\/css?family=Open+Sans);  #wonderplugingridgallery-10 .wonderplugin-gridgallery-item-text {     text-align: center;     box-sizing: border-box;     -webkit-box-sizing: border-box;     -moz-box-sizing: border-box; }  #wonderplugingridgallery-10 .wonderplugin-gridgallery-item-title {     font-family: 'Open Sans', sans-serif;     font-size: 18px;     position: absolute;     left: 5px;     top: 5px;     width: 97.5%;     height: auto;     background-color: #fa4c06;     color: #fff;     padding: 12px 5px; }  #wonderplugingridgallery-10 .wonderplugin-gridgallery-item-description {     font-size: 12px; }  #wonderplugingridgallery-10 .wonderplugin-gridgallery-item-button {     position: absolute;     right: 20px;     bottom: 20px; }  #wonderplugingridgallery-10 .wonderplugin-gridgallery-item-container img:hover { }<\/style><div class=\"wonderplugingridgallery\" id=\"wonderplugingridgallery-10\" data-gridgalleryid=\"10\" data-width=\"440\" data-height=\"350\" data-skin=\"threecolumns\" data-random=\"false\" data-shownavigation=\"true\" data-hoverzoomin=\"false\" data-hoverzoominimageonly=\"true\" data-hoverzoominimagecenter=\"false\" data-hoverfade=\"false\" data-responsive=\"true\" data-mediumscreen=\"true\" data-smallscreen=\"true\" data-showtitle=\"true\" data-showtexttitle=\"true\" data-showtextdescription=\"false\" data-showtextbutton=\"true\" data-lightboxnogroup=\"false\" data-lightboxshowtitle=\"true\" data-lightboxshowdescription=\"false\" data-lightboxresponsive=\"true\" data-circularimage=\"false\" data-firstimage=\"false\" data-textinsidespace=\"false\" data-thumbwidth=\"90\" data-thumbheight=\"60\" data-thumbtopmargin=\"12\" data-thumbbottommargin=\"4\" data-barheight=\"64\" data-titlebottomcss=\"{color:#333; font-size:14px; font-family:Armata,sans-serif,Arial; overflow:hidden; text-align:left;}\" data-descriptionbottomcss=\"{color:#333; font-size:12px; font-family:Arial,Helvetica,sans-serif; overflow:hidden; text-align:left; margin:4px 0px 0px; padding: 0px;}\" data-googleanalyticsaccount=\"\" data-gap=\"4\" data-margin=\"10\" data-borderradius=\"0\" data-hoverzoominvalue=\"0\" data-hoverzoominduration=\"1000\" data-hoverzoominimagescale=\"1.01\" data-hoverzoominimageduration=\"360\" data-hoverfadeopacity=\"0.8\" data-hoverfadeduration=\"300\" data-videoplaybutton=\"playvideo-64-64-0.png\" data-column=\"3\" data-mediumcolumn=\"2\" data-mediumscreensize=\"800\" data-smallcolumn=\"1\" data-smallscreensize=\"600\" data-titlemode=\"always\" data-titleeffect=\"fade\" data-titleeffectduration=\"500\" data-titleheight=\"0\" data-jsfolder=\"https:\/\/ground.geophysicsgpr.com\/wp-content\/plugins\/wonderplugin-gridgallery\/engine\/\" data-skinsfoldername=\"skins\/default\/\" style=\"display:none;position:relative;margin:0 auto;width:100%;max-width:1328px;\" ><div class=\"wonderplugin-gridgallery-list\" style=\"display:block;position:relative;max-width:100%;margin:0 auto;\"><div class=\"wonderplugin-gridgallery-item\" data-row=\"1\" data-col=\"1\"><div class=\"wonderplugin-gridgallery-item-container\"><a href=\"http:\/\/ground.geophysicsgpr.com\/en\/ground-geophysics-applications\/geological-studies-and-geotechnical-study\" title=\"Geological and Geotechnical Studies\" data-description=\"Geological and geotechnical risks studies and geological soil survey.\" data-button=\"<a href=&quot;http:\/\/ground.geophysicsgpr.com\/en\/ground-geophysics-applications\/geological-studies-and-geotechnical-study&quot;><button class=&quot;wpp-btn-blue-medium&quot;>See more<\/button><\/a>\"><img decoding=\"async\" class=\"wonderplugin-gridgallery-item-img\" src=\"http:\/\/ground.geophysicsgpr.com\/wp-content\/uploads\/sites\/7\/2015\/08\/Applications_Geological_b.jpg\" \/><\/a><\/div><\/div><div class=\"wonderplugin-gridgallery-item\" data-row=\"1\" data-col=\"1\"><div class=\"wonderplugin-gridgallery-item-container\"><a href=\"http:\/\/ground.geophysicsgpr.com\/en\/ground-geophysics-applications\/infrastructures-projects\" title=\"Civil Engineering and Infrastructure Projects\" data-description=\"Geotechnical methods applied to various construction and civil engineering projects or mining infrastructure.\" data-button=\"<a href=&quot;http:\/\/ground.geophysicsgpr.com\/en\/ground-geophysics-applications\/infrastructures-projects&quot;><button class=&quot;wpp-btn-blue-medium&quot;>See more<\/button><\/a>\"><img decoding=\"async\" class=\"wonderplugin-gridgallery-item-img\" src=\"http:\/\/ground.geophysicsgpr.com\/wp-content\/uploads\/sites\/7\/2015\/08\/Applications_Civil.jpg\" \/><\/a><\/div><\/div><div class=\"wonderplugin-gridgallery-item\" data-row=\"1\" data-col=\"1\"><div class=\"wonderplugin-gridgallery-item-container\"><a href=\"http:\/\/ground.geophysicsgpr.com\/en\/applications\/environmental-investigations\/\" title=\"Environmental Investigations\" data-description=\"Geophysical surveys for exploration and environmental studies.\" data-button=\"<a href=&quot;http:\/\/ground.geophysicsgpr.com\/en\/applications\/environmental-investigations\/&quot;><button class=&quot;wpp-btn-blue-medium&quot;>See more<\/button><\/a>\"><img decoding=\"async\" class=\"wonderplugin-gridgallery-item-img\" src=\"http:\/\/ground.geophysicsgpr.com\/wp-content\/uploads\/sites\/7\/2015\/08\/IMG_5387-HDR.jpg\" \/><\/a><\/div><\/div><div class=\"wonderplugin-gridgallery-item\" data-row=\"1\" data-col=\"1\"><div class=\"wonderplugin-gridgallery-item-container\"><a href=\"http:\/\/ground.geophysicsgpr.com\/en\/ground-geophysics-applications\/mineral-exploration\" title=\"Mineral Exploration\" data-description=\"Different methods applied to geophysical exploration .\" data-button=\"<a href=&quot;http:\/\/ground.geophysicsgpr.com\/en\/ground-geophysics-applications\/mineral-exploration&quot;><button class=&quot;wpp-btn-blue-medium&quot;>See more<\/button><\/a>\"><img decoding=\"async\" class=\"wonderplugin-gridgallery-item-img\" src=\"http:\/\/ground.geophysicsgpr.com\/wp-content\/uploads\/sites\/7\/2015\/08\/app_mineral.jpg\" \/><\/a><\/div><\/div><div class=\"wonderplugin-gridgallery-item\" data-row=\"1\" data-col=\"1\"><div class=\"wonderplugin-gridgallery-item-container\"><a href=\"http:\/\/ground.geophysicsgpr.com\/en\/ground-geophysics-applications\/oil-and-gas-exploration\" title=\"Oil & Gas Exploration\" data-description=\"Geophysical techniques used in the search for underground reservoirs and oil and gas exploration.\" data-button=\"<a href=&quot;http:\/\/ground.geophysicsgpr.com\/en\/ground-geophysics-applications\/oil-and-gas-exploration&quot;><button class=&quot;wpp-btn-blue-medium&quot;>See more<\/button><\/a>\"><img decoding=\"async\" class=\"wonderplugin-gridgallery-item-img\" src=\"http:\/\/ground.geophysicsgpr.com\/wp-content\/uploads\/sites\/7\/2015\/07\/Ground_Applications_Oil-and-Gas.jpg\" \/><\/a><\/div><\/div><div class=\"wonderplugin-gridgallery-item\" data-row=\"1\" data-col=\"1\"><div class=\"wonderplugin-gridgallery-item-container\"><a href=\"http:\/\/ground.geophysicsgpr.com\/en\/applications\/mining-and-mine-sites-projects\/\" title=\"Mining and Mine Sites Projects\" data-description=\"Prospecting for base metals by characterizing geophysical conductors.\" data-button=\"<a href=&quot;http:\/\/ground.geophysicsgpr.com\/en\/applications\/mining-and-mine-sites-projects\/&quot;><button class=&quot;wpp-btn-blue-medium&quot;>See more<\/button><\/a>\"><img decoding=\"async\" class=\"wonderplugin-gridgallery-item-img\" src=\"http:\/\/ground.geophysicsgpr.com\/wp-content\/uploads\/sites\/7\/2015\/08\/app_mines.jpg\" \/><\/a><\/div><\/div><div class=\"wonderplugin-gridgallery-item\" data-row=\"1\" data-col=\"1\"><div class=\"wonderplugin-gridgallery-item-container\"><a href=\"http:\/\/ground.geophysicsgpr.com\/en\/applications\/hydrogeological-studies\/\" title=\"Hydrogeological Studies\" data-description=\"Geophysical methods applied to the location of potential mining areas and locating water supply projects.\" data-button=\"<a href=&quot;http:\/\/ground.geophysicsgpr.com\/en\/applications\/hydrogeological-studies\/&quot;><button class=&quot;wpp-btn-blue-medium&quot;>See more<\/button><\/a>\"><img decoding=\"async\" class=\"wonderplugin-gridgallery-item-img\" src=\"http:\/\/ground.geophysicsgpr.com\/wp-content\/uploads\/sites\/7\/2015\/08\/app_hydro.jpg\" \/><\/a><\/div><\/div><div class=\"wonderplugin-gridgallery-item\" data-row=\"1\" data-col=\"1\"><div class=\"wonderplugin-gridgallery-item-container\"><a href=\"http:\/\/ground.geophysicsgpr.com\/en\/applications\/archaeological-studies\/\" title=\"Archaeological Studies\" data-description=\"Dans le cadre d\u2019\u00e9tudes d\u2019impact, une prospection g\u00e9ophysique contribue \u00e0 dresser un premier \u00e9tat des lieux avant tout projet d\u2019am\u00e9nagement.\" data-button=\"<a href=&quot;http:\/\/ground.geophysicsgpr.com\/en\/applications\/archaeological-studies\/&quot;><button class=&quot;wpp-btn-blue-medium&quot;>See more<\/button><\/a>\"><img decoding=\"async\" class=\"wonderplugin-gridgallery-item-img\" src=\"http:\/\/ground.geophysicsgpr.com\/wp-content\/uploads\/sites\/7\/2015\/08\/app_arch.jpg\" \/><\/a><\/div><\/div><div style=\"clear:both;\"><\/div><\/div><div class=\"wonderplugin-gridgallery-engine\"><a href=\"http:\/\/www.wonderplugin.com\/wordpress-gridgallery\/\" title=\"WordPress Grid Gallery Plugin\">WordPress Grid Gallery Plugin<\/a><\/div><\/div><\/p>\n<\/div><\/div><\/div><\/div><\/div>","protected":false},"excerpt":{"rendered":"<p>This section provides a brief summary of the various ground geophysics applications offered by Geophysics GPR. Our company is continually expanding the range of applications for geophysical techniques to serve you better. We\u00a0strives to maintain a relationship of confidence with its partners and clients by assuring that all projects are completed to the entire satisfaction&#8230;  <a href=\"https:\/\/ground.geophysicsgpr.com\/en\/ground-geophysics-applications\" class=\"more-link\" title=\"Read Applications\">Read more &raquo;<\/a><\/p>\n","protected":false},"author":1,"featured_media":1118,"parent":0,"menu_order":0,"comment_status":"closed","ping_status":"closed","template":"page-full-width.php","meta":{"content-type":"","footnotes":""},"class_list":["post-705","page","type-page","status-publish","has-post-thumbnail","hentry"],"_links":{"self":[{"href":"https:\/\/ground.geophysicsgpr.com\/en\/wp-json\/wp\/v2\/pages\/705","targetHints":{"allow":["GET"]}}],"collection":[{"href":"https:\/\/ground.geophysicsgpr.com\/en\/wp-json\/wp\/v2\/pages"}],"about":[{"href":"https:\/\/ground.geophysicsgpr.com\/en\/wp-json\/wp\/v2\/types\/page"}],"author":[{"embeddable":true,"href":"https:\/\/ground.geophysicsgpr.com\/en\/wp-json\/wp\/v2\/users\/1"}],"replies":[{"embeddable":true,"href":"https:\/\/ground.geophysicsgpr.com\/en\/wp-json\/wp\/v2\/comments?post=705"}],"version-history":[{"count":2,"href":"https:\/\/ground.geophysicsgpr.com\/en\/wp-json\/wp\/v2\/pages\/705\/revisions"}],"predecessor-version":[{"id":3173,"href":"https:\/\/ground.geophysicsgpr.com\/en\/wp-json\/wp\/v2\/pages\/705\/revisions\/3173"}],"wp:featuredmedia":[{"embeddable":true,"href":"https:\/\/ground.geophysicsgpr.com\/en\/wp-json\/wp\/v2\/media\/1118"}],"wp:attachment":[{"href":"https:\/\/ground.geophysicsgpr.com\/en\/wp-json\/wp\/v2\/media?parent=705"}],"curies":[{"name":"wp","href":"https:\/\/api.w.org\/{rel}","templated":true}]}}