{"id":1010,"date":"2015-07-21T16:56:50","date_gmt":"2015-07-21T16:56:50","guid":{"rendered":"http:\/\/ground.geophysicsgpr.com\/?page_id=1010"},"modified":"2015-11-14T01:26:52","modified_gmt":"2015-11-14T01:26:52","slug":"mines-et-projets-miniers","status":"publish","type":"page","link":"https:\/\/ground.geophysicsgpr.com\/fr\/applications-geophysique-terrestre\/mines-et-projets-miniers","title":{"rendered":"Mines et projets miniers"},"content":{"rendered":"<div id=\"pl-1010\"  class=\"panel-layout\" ><div id=\"pg-1010-0\"  class=\"panel-grid panel-no-style\" ><div id=\"pgc-1010-0-0\"  class=\"panel-grid-cell\" ><div id=\"panel-1010-0-0-0\" class=\"so-panel widget widget_sow-editor panel-first-child panel-last-child\" data-index=\"0\" ><div class=\"texte-home-right article panel-widget-style panel-widget-style-for-1010-0-0-0\" ><div\n\t\t\t\n\t\t\tclass=\"so-widget-sow-editor so-widget-sow-editor-base\"\n\t\t\t\n\t\t>\n<div class=\"siteorigin-widget-tinymce textwidget\">\n\t<p>G\u00e9ophysique GPR offre \u00e9galement ses services pour des projets\u00a0miniers et ce, tout au long du cycle de vie du projet. \u00c0 titre d'exemple, \u00e0 l'\u00e9tape de la conception, la cartographie du substrat rocheux pourra aider au choix du meilleur emplacement du puits de la mine alors qu'au moment du d\u00e9classement d'un site, des lev\u00e9s environnementaux pourront d\u00e9limit\u00e9s l'\u00e9tendue d'une zone avant sa r\u00e9habilitation.<\/p>\n<p>\u00a0<\/p>\n<h2 class=\"h2resize\">Les services suivants sont offerts par G\u00e9ophysique GPR aux \u00e9tapes d'\u00e9tudes de faisabilit\u00e9, de la vie active \u00e0 l'abandon de projets miniers:<\/h2>\n<ul>\n<li>Cartographie des d\u00e9p\u00f4ts meubles et du substrat rocheux par sismique r\u00e9fraction;<\/li>\n<li>Identification de la cat\u00e9gorie d'emplacement avant la construction d'infrastructures;<\/li>\n<li>Exploration pour agr\u00e9gats;<\/li>\n<li>Contr\u00f4le de vibrations;<\/li>\n<li>Lev\u00e9s de g\u00e9oradar pour les mines de sel et cartographie de mar\u00e9cages;<\/li>\n<li>Conception de patron de sautage;<\/li>\n<li>\u00c9tudes environnementales;<\/li>\n<li>Mesure d'\u00e9paisseur et calcul de volume des r\u00e9sidus miniers;<\/li>\n<li>Cartographie des fuites des bassins de r\u00e9tention;<\/li>\n<li>Cartographie des chambres, galeries et puits.<\/li>\n<\/ul>\n<h2 class=\"h2resize\">Le contr\u00f4le du bruit et des vibrations dans les secteurs des mines, des carri\u00e8res et de la construction<\/h2>\n<p>Ceci inclut l'analyse des risques, les devis, ainsi que la vente, location et maintenance d'appareils de monitoring.<\/p>\n<p>Les travaux de prospection et d\u2019exploration pr\u00e9liminaire comportent surtout la collecte d\u2019\u00e9chantillons et des lev\u00e9s g\u00e9ophysiques qui ont des incidences minimales sur l\u2019environnement et les communaut\u00e9s. Si le projet n\u2019avance pas au prochain stade d\u2019exploration, le site sera r\u00e9habilit\u00e9 et l\u2019\u00e9quipement sera enlev\u00e9. Les travaux d\u2019exploration pr\u00e9liminaire n\u2019ont habituellement pas de r\u00e9percussions importantes \u00e0 long terme sur le territoire.<\/p>\n<p>\u00a0<\/p>\n<p>Pour plus d'information, veuillez contacter notre <a href=\"mailto:daniel.campos@gprmtl.com;jean-luc.arsenault@gprmtl.com;claude.robillard@gprmtl.com;info@gprmtl.com; francis.trepanier@gprmtl.com\">\u00c9quipe de Lev\u00e9 Terrestre<\/a>.<\/p>\n<\/div>\n<\/div><\/div><\/div><\/div><\/div><div id=\"pg-1010-1\"  class=\"panel-grid panel-no-style\" ><div id=\"pgc-1010-1-0\"  class=\"panel-grid-cell\" ><div id=\"panel-1010-1-0-0\" class=\"so-panel widget widget_sow-image panel-first-child panel-last-child\" data-index=\"1\" ><div class=\"panel-widget-style panel-widget-style-for-1010-1-0-0\" ><div\n\t\t\t\n\t\t\tclass=\"so-widget-sow-image so-widget-sow-image-default-8b5b6f678277-1010\"\n\t\t\t\n\t\t>\n<div class=\"sow-image-container\">\n\t\t<img loading=\"lazy\" decoding=\"async\" src=\"https:\/\/ground.geophysicsgpr.com\/wp-content\/uploads\/sites\/7\/2015\/07\/Ground_Applications_Mine_Sites.jpg\" width=\"640\" height=\"372\" srcset=\"https:\/\/ground.geophysicsgpr.com\/wp-content\/uploads\/sites\/7\/2015\/07\/Ground_Applications_Mine_Sites.jpg 640w, https:\/\/ground.geophysicsgpr.com\/wp-content\/uploads\/sites\/7\/2015\/07\/Ground_Applications_Mine_Sites-300x174.jpg 300w\" sizes=\"auto, (max-width: 640px) 100vw, 640px\" title=\"Ground Applications Mine Sites\" alt=\"projets miniers\" \t\tclass=\"so-widget-image\"\/>\n\t<\/div>\n\n<\/div><\/div><\/div><\/div><div id=\"pgc-1010-1-1\"  class=\"panel-grid-cell\" ><div id=\"panel-1010-1-1-0\" class=\"so-panel widget widget_sow-image panel-first-child panel-last-child\" data-index=\"2\" ><div class=\"panel-widget-style panel-widget-style-for-1010-1-1-0\" ><div\n\t\t\t\n\t\t\tclass=\"so-widget-sow-image so-widget-sow-image-default-8b5b6f678277-1010\"\n\t\t\t\n\t\t>\n<div class=\"sow-image-container\">\n\t\t<img loading=\"lazy\" decoding=\"async\" src=\"https:\/\/ground.geophysicsgpr.com\/wp-content\/uploads\/sites\/7\/2015\/07\/Ground_Applications_Quarry_res-e1446840992449.jpg\" width=\"160\" height=\"192\" sizes=\"auto, (max-width: 160px) 100vw, 160px\" title=\"Ground Applications Quarry\" alt=\"projets miniers\" \t\tclass=\"so-widget-image\"\/>\n\t<\/div>\n\n<\/div><\/div><\/div><\/div><div id=\"pgc-1010-1-2\"  class=\"panel-grid-cell\" ><div id=\"panel-1010-1-2-0\" class=\"so-panel widget widget_sow-image panel-first-child panel-last-child\" data-index=\"3\" ><div class=\"panel-widget-style panel-widget-style-for-1010-1-2-0\" ><div\n\t\t\t\n\t\t\tclass=\"so-widget-sow-image so-widget-sow-image-default-8b5b6f678277-1010\"\n\t\t\t\n\t\t>\n<div class=\"sow-image-container\">\n\t\t<img loading=\"lazy\" decoding=\"async\" src=\"https:\/\/ground.geophysicsgpr.com\/wp-content\/uploads\/sites\/7\/2015\/07\/Ground_Applications_Mine-site_Rbox-e1446840413219.jpg\" width=\"155\" height=\"150\" sizes=\"auto, (max-width: 155px) 100vw, 155px\" title=\"Ground Applications Mine site\" alt=\"projets miniers\" \t\tclass=\"so-widget-image\"\/>\n\t<\/div>\n\n<\/div><\/div><\/div><\/div><\/div><\/div>","protected":false},"excerpt":{"rendered":"<p>G\u00e9ophysique GPR offre \u00e9galement ses services pour des projets\u00a0miniers et ce, tout au long du cycle de vie du projet. \u00c0 titre d&rsquo;exemple, \u00e0 l&rsquo;\u00e9tape de la conception, la cartographie du substrat rocheux pourra aider au choix du meilleur emplacement du puits de la mine alors qu&rsquo;au moment du d\u00e9classement d&rsquo;un site, des lev\u00e9s environnementaux&#8230;  <a href=\"https:\/\/ground.geophysicsgpr.com\/fr\/applications-geophysique-terrestre\/mines-et-projets-miniers\" class=\"more-link\" title=\"Read Mines et projets miniers\">Read more &raquo;<\/a><\/p>\n","protected":false},"author":1,"featured_media":1118,"parent":707,"menu_order":0,"comment_status":"closed","ping_status":"closed","template":"page-full-width.php","meta":{"content-type":"","footnotes":""},"class_list":["post-1010","page","type-page","status-publish","has-post-thumbnail","hentry"],"_links":{"self":[{"href":"https:\/\/ground.geophysicsgpr.com\/fr\/wp-json\/wp\/v2\/pages\/1010","targetHints":{"allow":["GET"]}}],"collection":[{"href":"https:\/\/ground.geophysicsgpr.com\/fr\/wp-json\/wp\/v2\/pages"}],"about":[{"href":"https:\/\/ground.geophysicsgpr.com\/fr\/wp-json\/wp\/v2\/types\/page"}],"author":[{"embeddable":true,"href":"https:\/\/ground.geophysicsgpr.com\/fr\/wp-json\/wp\/v2\/users\/1"}],"replies":[{"embeddable":true,"href":"https:\/\/ground.geophysicsgpr.com\/fr\/wp-json\/wp\/v2\/comments?post=1010"}],"version-history":[{"count":0,"href":"https:\/\/ground.geophysicsgpr.com\/fr\/wp-json\/wp\/v2\/pages\/1010\/revisions"}],"up":[{"embeddable":true,"href":"https:\/\/ground.geophysicsgpr.com\/fr\/wp-json\/wp\/v2\/pages\/707"}],"wp:featuredmedia":[{"embeddable":true,"href":"https:\/\/ground.geophysicsgpr.com\/fr\/wp-json\/wp\/v2\/media\/1118"}],"wp:attachment":[{"href":"https:\/\/ground.geophysicsgpr.com\/fr\/wp-json\/wp\/v2\/media?parent=1010"}],"curies":[{"name":"wp","href":"https:\/\/api.w.org\/{rel}","templated":true}]}}