{"id":1024,"date":"2015-07-21T16:59:18","date_gmt":"2015-07-21T16:59:18","guid":{"rendered":"http:\/\/ground.geophysicsgpr.com\/?page_id=1024"},"modified":"2015-11-14T01:27:37","modified_gmt":"2015-11-14T01:27:37","slug":"etudes-archeologiques","status":"publish","type":"page","link":"https:\/\/ground.geophysicsgpr.com\/fr\/applications-geophysique-terrestre\/etudes-archeologiques","title":{"rendered":"\u00c9tudes arch\u00e9ologiques"},"content":{"rendered":"<div id=\"pl-1024\"  class=\"panel-layout\" ><div id=\"pg-1024-0\"  class=\"panel-grid panel-no-style\" ><div id=\"pgc-1024-0-0\"  class=\"panel-grid-cell\" ><div id=\"panel-1024-0-0-0\" class=\"so-panel widget widget_sow-editor panel-first-child panel-last-child\" data-index=\"0\" ><div class=\"texte-home-right article panel-widget-style panel-widget-style-for-1024-0-0-0\" ><div\n\t\t\t\n\t\t\tclass=\"so-widget-sow-editor so-widget-sow-editor-base\"\n\t\t\t\n\t\t>\n<div class=\"siteorigin-widget-tinymce textwidget\">\n\t<p>Depuis une quarantaine d'ann\u00e9es, la g\u00e9ophysique a peu \u00e0 peu acquis une place importante parmi les m\u00e9thodes utilis\u00e9es pour des\u00a0\u00e9tudes arch\u00e9ologiques. Elle est la seule m\u00e9thode qui permette d'obtenir, de mani\u00e8re non destructive, des informations sur les structures pr\u00e9sentes dans le sous-sol et qu'aucun indice ne signale en surface.\u00a0<\/p>\n<p>Les potentialit\u00e9s d'investigation qu'elle offre dans ce domaine restent, pourtant, encore mal connues du grand public et d'une grande partie de la communaut\u00e9 scientifique, en comparaison \u00e0 d'autres disciplines de l'arch\u00e9om\u00e9trie.\u00a0<\/p>\n<p>Le g\u00e9oradar est une m\u00e9thode pouvant servir \u00e0 localiser des objets, d'anciennes fondations de b\u00e2timents, des tunnels souterrains ainsi que des s\u00e9pultures.<\/p>\n<h2 class=\"h2resize\">Dans certains cas, les m\u00e9thodes \u00e9lectromagn\u00e9tiques (syst\u00e8mes EM-61, EM-31, etc.), ainsi que la magn\u00e9tom\u00e9trie et la r\u00e9sistivit\u00e9 \u00e9lectrique sont d'autres m\u00e9thodes pouvant \u00eatre appliqu\u00e9es aux \u00e9tudes arch\u00e9ologiques<\/h2>\n<p>La vision du sous-sol que nous obtenons par prospection g\u00e9ophysique est toujours partielle et m\u00eame lorsque plusieurs m\u00e9thodes sont employ\u00e9es, les limites sp\u00e9cifiques \u00e0 chacune d\u2019entre elles (sensibilit\u00e9 aux perturbations, profondeur d\u2019investigation, contextes environnementaux non favorables\u2026) font que jamais nous n\u2019obtiendrons une connaissance exhaustive du sous-sol.\u00a0<\/p>\n<p>Si la g\u00e9ophysique ne peut donc \u00e0 elle seule \u00e9tablir un diagnostic arch\u00e9ologique, elle peut, en revanche, \u00eatre d\u2019une aide essentielle dans les diff\u00e9rentes \u00e9tapes de protection et d\u2019\u00e9tude des sites, de l\u2019\u00e9tude d\u2019impact en amont des travaux d\u2019am\u00e9nagement \u00e0 la fouille pr\u00e9ventive avant la destruction totale ou partielle des vestiges.<\/p>\n<p>\u00a0<\/p>\n<p>\u00a0<\/p>\n<p>Pour plus d'information, veuillez contacter notre <a href=\"mailto:daniel.campos@gprmtl.com;jean-luc.arsenault@gprmtl.com;claude.robillard@gprmtl.com;info@gprmtl.com\">\u00c9quipe de Lev\u00e9 Terrestre<\/a>.<\/p>\n<\/div>\n<\/div><\/div><\/div><\/div><div id=\"pgc-1024-0-1\"  class=\"panel-grid-cell\" ><div id=\"panel-1024-0-1-0\" class=\"so-panel widget widget_sow-image panel-first-child panel-last-child\" data-index=\"1\" ><div class=\"panel-widget-style panel-widget-style-for-1024-0-1-0\" ><div\n\t\t\t\n\t\t\tclass=\"so-widget-sow-image so-widget-sow-image-default-8b5b6f678277-1024\"\n\t\t\t\n\t\t>\n<div class=\"sow-image-container\">\n\t\t<img loading=\"lazy\" decoding=\"async\" src=\"https:\/\/ground.geophysicsgpr.com\/wp-content\/uploads\/sites\/7\/2015\/07\/Ground_Applications_Archaeo_Rbox.jpg\" width=\"155\" height=\"134\" sizes=\"auto, (max-width: 155px) 100vw, 155px\" title=\"Ground Applications Archaeo\" alt=\"\u00e9tudes arch\u00e9ologiques\" \t\tclass=\"so-widget-image\"\/>\n\t<\/div>\n\n<\/div><\/div><\/div><\/div><\/div><div id=\"pg-1024-1\"  class=\"panel-grid panel-no-style\" ><div id=\"pgc-1024-1-0\"  class=\"panel-grid-cell\" ><div id=\"panel-1024-1-0-0\" class=\"so-panel widget widget_sow-image panel-first-child panel-last-child\" data-index=\"2\" ><div class=\"panel-widget-style panel-widget-style-for-1024-1-0-0\" ><div\n\t\t\t\n\t\t\tclass=\"so-widget-sow-image so-widget-sow-image-default-8b5b6f678277-1024\"\n\t\t\t\n\t\t>\n<div class=\"sow-image-container\">\n\t\t<img loading=\"lazy\" decoding=\"async\" src=\"https:\/\/ground.geophysicsgpr.com\/wp-content\/uploads\/sites\/7\/2015\/07\/Ground_Applications_Archaeological.jpg\" width=\"640\" height=\"265\" srcset=\"https:\/\/ground.geophysicsgpr.com\/wp-content\/uploads\/sites\/7\/2015\/07\/Ground_Applications_Archaeological.jpg 640w, https:\/\/ground.geophysicsgpr.com\/wp-content\/uploads\/sites\/7\/2015\/07\/Ground_Applications_Archaeological-300x124.jpg 300w\" sizes=\"auto, (max-width: 640px) 100vw, 640px\" title=\"Ground Applications Archaeological\" alt=\"\u00e9tudes arch\u00e9ologiques\" \t\tclass=\"so-widget-image\"\/>\n\t<\/div>\n\n<\/div><\/div><\/div><\/div><\/div><\/div>","protected":false},"excerpt":{"rendered":"<p>Depuis une quarantaine d&rsquo;ann\u00e9es, la g\u00e9ophysique a peu \u00e0 peu acquis une place importante parmi les m\u00e9thodes utilis\u00e9es pour des\u00a0\u00e9tudes arch\u00e9ologiques. Elle est la seule m\u00e9thode qui permette d&rsquo;obtenir, de mani\u00e8re non destructive, des informations sur les structures pr\u00e9sentes dans le sous-sol et qu&rsquo;aucun indice ne signale en surface.\u00a0Les potentialit\u00e9s d&rsquo;investigation qu&rsquo;elle offre dans ce&#8230;  <a href=\"https:\/\/ground.geophysicsgpr.com\/fr\/applications-geophysique-terrestre\/etudes-archeologiques\" class=\"more-link\" title=\"Read \u00c9tudes arch\u00e9ologiques\">Read more &raquo;<\/a><\/p>\n","protected":false},"author":1,"featured_media":1118,"parent":707,"menu_order":0,"comment_status":"closed","ping_status":"closed","template":"page-full-width.php","meta":{"content-type":"","footnotes":""},"class_list":["post-1024","page","type-page","status-publish","has-post-thumbnail","hentry"],"_links":{"self":[{"href":"https:\/\/ground.geophysicsgpr.com\/fr\/wp-json\/wp\/v2\/pages\/1024","targetHints":{"allow":["GET"]}}],"collection":[{"href":"https:\/\/ground.geophysicsgpr.com\/fr\/wp-json\/wp\/v2\/pages"}],"about":[{"href":"https:\/\/ground.geophysicsgpr.com\/fr\/wp-json\/wp\/v2\/types\/page"}],"author":[{"embeddable":true,"href":"https:\/\/ground.geophysicsgpr.com\/fr\/wp-json\/wp\/v2\/users\/1"}],"replies":[{"embeddable":true,"href":"https:\/\/ground.geophysicsgpr.com\/fr\/wp-json\/wp\/v2\/comments?post=1024"}],"version-history":[{"count":0,"href":"https:\/\/ground.geophysicsgpr.com\/fr\/wp-json\/wp\/v2\/pages\/1024\/revisions"}],"up":[{"embeddable":true,"href":"https:\/\/ground.geophysicsgpr.com\/fr\/wp-json\/wp\/v2\/pages\/707"}],"wp:featuredmedia":[{"embeddable":true,"href":"https:\/\/ground.geophysicsgpr.com\/fr\/wp-json\/wp\/v2\/media\/1118"}],"wp:attachment":[{"href":"https:\/\/ground.geophysicsgpr.com\/fr\/wp-json\/wp\/v2\/media?parent=1024"}],"curies":[{"name":"wp","href":"https:\/\/api.w.org\/{rel}","templated":true}]}}