{"id":701,"date":"2015-07-21T15:11:24","date_gmt":"2015-07-21T15:11:24","guid":{"rendered":"http:\/\/ground.geophysicsgpr.com\/?page_id=701"},"modified":"2020-07-31T13:19:24","modified_gmt":"2020-07-31T13:19:24","slug":"techniques-de-geophysique-terrestre","status":"publish","type":"page","link":"https:\/\/ground.geophysicsgpr.com\/fr\/techniques-de-geophysique-terrestre","title":{"rendered":"Techniques"},"content":{"rendered":"<div id=\"pl-701\"  class=\"panel-layout\" ><div id=\"pg-701-0\"  class=\"panel-grid panel-has-style\" ><div class=\"texte-home-right article panel-row-style panel-row-style-for-701-0\" ><div id=\"pgc-701-0-0\"  class=\"panel-grid-cell\" ><div id=\"panel-701-0-0-0\" class=\"so-panel widget widget_sow-editor panel-first-child panel-last-child\" data-index=\"0\" ><div\n\t\t\t\n\t\t\tclass=\"so-widget-sow-editor so-widget-sow-editor-base\"\n\t\t\t\n\t\t>\n<div class=\"siteorigin-widget-tinymce textwidget\">\n\t<h2 class=\"h2resize\">Principales\u00a0techniques de g\u00e9ophysique terrestre<\/h2>\n<p>Les diff\u00e9rentes techniques de g\u00e9ophysique terrestre sont couramment utilis\u00e9es pour une premi\u00e8re reconnaissance de champs p\u00e9trolif\u00e8res, miniers ou arch\u00e9ologiques et ont pour but de rechercher des gisements de p\u00e9trole et de minerai ainsi que de mener certaines \u00e9tudes environnementales.\u00a0Les m\u00e9thodes sismiques sont des techniques d\u2019imagerie bas\u00e9es sur l\u2019\u00e9tude de la propagation des ondes sismiques de nature m\u00e9canique se propageant dans l\u2019espace en fonction des propri\u00e9t\u00e9s physiques du milieu.<\/p>\n<p><strong>Le g\u00e9oradar<\/strong> est un dispositif \u00e9lectromagn\u00e9tique permettant d\u2019\u00e9tablir un profil en fonction de la topographie, de la permittivit\u00e9 di\u00e9lectrique et de la conductivit\u00e9.\u00a0Les applications utilisant le magn\u00e9tisme comprennent l'arch\u00e9ologie, la cartographie g\u00e9ologique, l'exploration mini\u00e8re et la localisation de corps magn\u00e9tiques enfouis.<\/p>\n<p><strong>La r\u00e9sistivit\u00e9 \u00e9lectrique<\/strong> comprend les techniques d'\u00e9tudes de mise \u00e0 la terre, d'hydrog\u00e9ologie, d'exploration mini\u00e8re et de cartographie de vides. <strong>Le contr\u00f4le des vibrations<\/strong> permet\u00a0de minimiser l'inconfort aux personnes et d'\u00e9viter l'endommagement des structures et des \u00e9quipements sensibles se trouvant \u00e0 proximit\u00e9 de travaux<\/p>\n<p>Pour plus d'information, veuillez contacter notre <a href=\"mailto:info@geophysicsgpr.com\">\u00c9quipe de Lev\u00e9 Terrestre<\/a>.<\/p>\n<\/div>\n<\/div><\/div><\/div><\/div><\/div><div id=\"pg-701-1\"  class=\"panel-grid panel-no-style\" ><div id=\"pgc-701-1-0\"  class=\"panel-grid-cell\" ><div id=\"panel-701-1-0-0\" class=\"so-panel widget widget_black-studio-tinymce widget_black_studio_tinymce panel-first-child panel-last-child\" data-index=\"1\" ><div class=\"textwidget\"><p><div id=\"wondergridgallerylightbox_options\" data-skinsfoldername=\"skins\/default\/\"  data-jsfolder=\"https:\/\/ground.geophysicsgpr.com\/wp-content\/plugins\/wonderplugin-gridgallery\/engine\/\" style=\"display:none;\"><\/div>\r\n<style type=\"text\/css\">.wpp-btn-blue-medium {     background: #fa4c06; }  .wpp-btn-blue-medium:hover {     color: #fff;     background: #fa4c06; }<\/style><style type=\"text\/css\">@import url(https:\/\/fonts.googleapis.com\/css?family=Open+Sans);  #wonderplugingridgallery-1 .wonderplugin-gridgallery-item-text {     text-align: center;     box-sizing: border-box;     -webkit-box-sizing: border-box;     -moz-box-sizing: border-box; }  #wonderplugingridgallery-1 .wonderplugin-gridgallery-item-title {     font-family: 'Open Sans', sans-serif;     font-size: 18px;     position: absolute;     left: 5px;     top: 5px;     width: 97.5%;     height: auto;     background-color: #fa4c06;     color: #fff;     padding: 12px 5px; }  #wonderplugingridgallery-1 .wonderplugin-gridgallery-item-description {     font-size: 12px; }  #wonderplugingridgallery-1 .wonderplugin-gridgallery-item-button {     position: absolute;     right: 20px;     bottom: 20px; }  #wonderplugingridgallery-1 .wonderplugin-gridgallery-item-container img:hover { }<\/style><div class=\"wonderplugingridgallery\" id=\"wonderplugingridgallery-1\" data-gridgalleryid=\"1\" data-width=\"440\" data-height=\"350\" data-skin=\"threecolumns\" data-random=\"false\" data-shownavigation=\"true\" data-hoverzoomin=\"false\" data-hoverzoominimageonly=\"true\" data-hoverzoominimagecenter=\"false\" data-hoverfade=\"true\" data-responsive=\"true\" data-mediumscreen=\"true\" data-smallscreen=\"true\" data-showtitle=\"true\" data-showtexttitle=\"true\" data-showtextdescription=\"false\" data-showtextbutton=\"true\" data-lightboxnogroup=\"false\" data-lightboxshowtitle=\"true\" data-lightboxshowdescription=\"false\" data-lightboxresponsive=\"true\" data-circularimage=\"false\" data-firstimage=\"false\" data-textinsidespace=\"false\" data-thumbwidth=\"90\" data-thumbheight=\"60\" data-thumbtopmargin=\"12\" data-thumbbottommargin=\"4\" data-barheight=\"64\" data-titlebottomcss=\"{color:#333; font-size:14px; font-family:Armata,sans-serif,Arial; overflow:hidden; text-align:left;}\" data-descriptionbottomcss=\"{color:#333; font-size:12px; font-family:Arial,Helvetica,sans-serif; overflow:hidden; text-align:left; margin:4px 0px 0px; padding: 0px;}\" data-googleanalyticsaccount=\"\" data-gap=\"4\" data-margin=\"10\" data-borderradius=\"0\" data-hoverzoominvalue=\"24\" data-hoverzoominduration=\"180\" data-hoverzoominimagescale=\"1.1\" data-hoverzoominimageduration=\"360\" data-hoverfadeopacity=\"0.8\" data-hoverfadeduration=\"300\" data-videoplaybutton=\"playvideo-64-64-0.png\" data-column=\"3\" data-mediumcolumn=\"2\" data-mediumscreensize=\"800\" data-smallcolumn=\"1\" data-smallscreensize=\"600\" data-titlemode=\"always\" data-titleeffect=\"fade\" data-titleeffectduration=\"300\" data-titleheight=\"0\" data-jsfolder=\"https:\/\/ground.geophysicsgpr.com\/wp-content\/plugins\/wonderplugin-gridgallery\/engine\/\" data-skinsfoldername=\"skins\/default\/\" style=\"display:none;position:relative;margin:0 auto;width:100%;max-width:1328px;\" ><div class=\"wonderplugin-gridgallery-list\" style=\"display:block;position:relative;max-width:100%;margin:0 auto;\"><div class=\"wonderplugin-gridgallery-item\" data-row=\"1\" data-col=\"1\"><div class=\"wonderplugin-gridgallery-item-container\"><a href=\"http:\/\/ground.geophysicsgpr.com\/fr\/techniques\/methodes-sismiques-de-geophysique\/\" title=\"M\u00e9thodes sismiques\" data-description=\"Les m\u00e9thodes sismiques sont des techniques d\u2019imagerie bas\u00e9es sur l\u2019\u00e9tude de la propagation des ondes sismiques de nature m\u00e9canique se propageant dans l\u2019espace en fonction des propri\u00e9t\u00e9s physiques du milieu.\" data-button=\"<a href=&quot;http:\/\/ground.geophysicsgpr.com\/fr\/techniques\/methodes-sismiques-de-geophysique\/&quot;><button class=&quot;wpp-btn-blue-medium&quot;>En savoir plus<\/button><\/a>\"><img decoding=\"async\" class=\"wonderplugin-gridgallery-item-img\" src=\"http:\/\/ground.geophysicsgpr.com\/wp-content\/uploads\/sites\/7\/2015\/07\/seismic-700x500.jpg\" \/><\/a><\/div><\/div><div class=\"wonderplugin-gridgallery-item\" data-row=\"1\" data-col=\"1\"><div class=\"wonderplugin-gridgallery-item-container\"><a href=\"http:\/\/ground.geophysicsgpr.com\/fr\/techniques\/georadar\/\" title=\"G\u00e9oradar\" data-description=\"Le g\u00e9oradar est un dispositif \u00e9lectromagn\u00e9tique permettant d\u2019\u00e9tablir un profil en fonction de la topographie, de la permittivit\u00e9 di\u00e9lectrique et de la conductivit\u00e9. C\u2019est une m\u00e9thode similaire \u00e0 la sismique r\u00e9flexion.\" data-button=\"<a href=&quot;http:\/\/ground.geophysicsgpr.com\/fr\/techniques\/georadar\/&quot;><button class=&quot;wpp-btn-blue-medium&quot;>En savoir plus<\/button><\/a>\"><img decoding=\"async\" class=\"wonderplugin-gridgallery-item-img\" src=\"http:\/\/ground.geophysicsgpr.com\/wp-content\/uploads\/sites\/7\/2015\/08\/IMG_6252_ajust.jpg\" \/><\/a><\/div><\/div><div class=\"wonderplugin-gridgallery-item\" data-row=\"1\" data-col=\"1\"><div class=\"wonderplugin-gridgallery-item-container\"><a href=\"http:\/\/ground.geophysicsgpr.com\/fr\/techniques\/methodes-magnetiques-et-electromagnetiques\/\" title=\"Magn\u00e9tisme & Electromagn\u00e9tisme\" data-description=\"Les applications utilisant le magn\u00e9tisme comprennent l'arch\u00e9ologie, la cartographie g\u00e9ologique, l'exploration mini\u00e8re et la localisation de corps magn\u00e9tiques enfouis.\" data-button=\"<a href=&quot;http:\/\/ground.geophysicsgpr.com\/fr\/techniques\/methodes-magnetiques-et-electromagnetiques\/&quot;><button class=&quot;wpp-btn-blue-medium&quot;>En savoir plus<\/button><\/a>\"><img decoding=\"async\" class=\"wonderplugin-gridgallery-item-img\" src=\"http:\/\/ground.geophysicsgpr.com\/wp-content\/uploads\/sites\/7\/2015\/07\/Ground_Techniques_EM-600x400.jpg\" \/><\/a><\/div><\/div><div class=\"wonderplugin-gridgallery-item\" data-row=\"1\" data-col=\"1\"><div class=\"wonderplugin-gridgallery-item-container\"><a href=\"http:\/\/ground.geophysicsgpr.com\/fr\/techniques\/resistivite-electrique-pp-ps\/\" title=\"R\u00e9sistivit\u00e9 \u00e9lectrique \/ PP \/ PS\" data-description=\"La r\u00e9sistivit\u00e9 \u00e9lectrique comprend les techniques d'\u00e9tudes de mise \u00e0 la terre, d'hydrog\u00e9ologie, d'exploration mini\u00e8re et de cartographie de vides\" data-button=\"<a href=&quot;http:\/\/ground.geophysicsgpr.com\/fr\/techniques\/resistivite-electrique-pp-ps\/&quot;><button class=&quot;wpp-btn-blue-medium&quot;>En savoir plus<\/button><\/a>\"><img decoding=\"async\" class=\"wonderplugin-gridgallery-item-img\" src=\"http:\/\/ground.geophysicsgpr.com\/wp-content\/uploads\/sites\/7\/2015\/08\/IMG_0480.jpg\" \/><\/a><\/div><\/div><div class=\"wonderplugin-gridgallery-item\" data-row=\"1\" data-col=\"1\"><div class=\"wonderplugin-gridgallery-item-container\"><a href=\"http:\/\/ground.geophysicsgpr.com\/fr\/techniques\/gravimetrie\/\" title=\"Gravim\u00e9trie\" data-description=\"Permet de caract\u00e9riser un aquif\u00e8re, une cavit\u00e9, un glacier, un d\u00f4me de sel, un site arch\u00e9ologique, un g\u00eete m\u00e9tallif\u00e8re, un bassin s\u00e9dimentaire ou la structure d'une cha\u00eene de montagne.\" data-button=\"<a href=&quot;http:\/\/ground.geophysicsgpr.com\/fr\/techniques\/gravimetrie\/&quot;><button class=&quot;wpp-btn-blue-medium&quot;>En savoir plus<\/button><\/a>\"><img decoding=\"async\" class=\"wonderplugin-gridgallery-item-img\" src=\"http:\/\/ground.geophysicsgpr.com\/wp-content\/uploads\/sites\/7\/2015\/07\/Ground_Techniques_Gravimetry.jpg\" \/><\/a><\/div><\/div><div class=\"wonderplugin-gridgallery-item\" data-row=\"1\" data-col=\"1\"><div class=\"wonderplugin-gridgallery-item-container\"><a href=\"http:\/\/ground.geophysicsgpr.com\/fr\/techniques\/controle-de-vibrations\/\" title=\"Contr\u00f4le des vibrations\" data-description=\"Analyse de risques reli\u00e9s aux op\u00e9rations de dynamitage, \u00e9valuation des impacts hydrog\u00e9ologiques et localisation des infrastructures souterraines.\" data-button=\"<a href=&quot;http:\/\/ground.geophysicsgpr.com\/fr\/techniques\/controle-de-vibrations\/&quot;><button class=&quot;wpp-btn-blue-medium&quot;>En savoir plus<\/button><\/a>\"><img decoding=\"async\" class=\"wonderplugin-gridgallery-item-img\" src=\"http:\/\/ground.geophysicsgpr.com\/wp-content\/uploads\/sites\/7\/2015\/11\/DSC_0189-300x201.jpg\" \/><\/a><\/div><\/div><div class=\"wonderplugin-gridgallery-item\" data-row=\"1\" data-col=\"1\"><div class=\"wonderplugin-gridgallery-item-container\"><a href=\"http:\/\/ground.geophysicsgpr.com\/fr\/techniques\/borehole-logging\/\" title=\"Diagraphie\" data-description=\"Enregistrement continu des variations, en fonction de la profondeur, d'une caract\u00e9ristique donn\u00e9e des formations travers\u00e9es par un sondage en vue d'un forage.\" data-button=\"<a href=&quot;http:\/\/ground.geophysicsgpr.com\/fr\/techniques\/diagraphie\/&quot;><button class=&quot;wpp-btn-blue-medium&quot;>En savoir plus<\/button><\/a>\"><img decoding=\"async\" class=\"wonderplugin-gridgallery-item-img\" src=\"http:\/\/ground.geophysicsgpr.com\/wp-content\/uploads\/sites\/7\/2015\/07\/Borehole-Logging-700x500.jpg\" \/><\/a><\/div><\/div><div style=\"clear:both;\"><\/div><\/div><div class=\"wonderplugin-gridgallery-engine\"><a href=\"http:\/\/www.wonderplugin.com\/wordpress-gridgallery\/\" title=\"WordPress Grid Gallery Plugin\">WordPress Grid Gallery Plugin<\/a><\/div><\/div><\/p>\n<\/div><\/div><\/div><\/div><\/div>","protected":false},"excerpt":{"rendered":"<p>Principales\u00a0techniques de g\u00e9ophysique terrestre Les diff\u00e9rentes techniques de g\u00e9ophysique terrestre sont couramment utilis\u00e9es pour une premi\u00e8re reconnaissance de champs p\u00e9trolif\u00e8res, miniers ou arch\u00e9ologiques et ont pour but de rechercher des gisements de p\u00e9trole et de minerai ainsi que de mener certaines \u00e9tudes environnementales.\u00a0Les m\u00e9thodes sismiques sont des techniques d\u2019imagerie bas\u00e9es sur l\u2019\u00e9tude de la propagation&#8230;  <a href=\"https:\/\/ground.geophysicsgpr.com\/fr\/techniques-de-geophysique-terrestre\" class=\"more-link\" title=\"Read Techniques\">Read more &raquo;<\/a><\/p>\n","protected":false},"author":1,"featured_media":1118,"parent":0,"menu_order":0,"comment_status":"closed","ping_status":"closed","template":"page-full-width.php","meta":{"content-type":"","footnotes":""},"class_list":["post-701","page","type-page","status-publish","has-post-thumbnail","hentry"],"_links":{"self":[{"href":"https:\/\/ground.geophysicsgpr.com\/fr\/wp-json\/wp\/v2\/pages\/701","targetHints":{"allow":["GET"]}}],"collection":[{"href":"https:\/\/ground.geophysicsgpr.com\/fr\/wp-json\/wp\/v2\/pages"}],"about":[{"href":"https:\/\/ground.geophysicsgpr.com\/fr\/wp-json\/wp\/v2\/types\/page"}],"author":[{"embeddable":true,"href":"https:\/\/ground.geophysicsgpr.com\/fr\/wp-json\/wp\/v2\/users\/1"}],"replies":[{"embeddable":true,"href":"https:\/\/ground.geophysicsgpr.com\/fr\/wp-json\/wp\/v2\/comments?post=701"}],"version-history":[{"count":4,"href":"https:\/\/ground.geophysicsgpr.com\/fr\/wp-json\/wp\/v2\/pages\/701\/revisions"}],"predecessor-version":[{"id":3438,"href":"https:\/\/ground.geophysicsgpr.com\/fr\/wp-json\/wp\/v2\/pages\/701\/revisions\/3438"}],"wp:featuredmedia":[{"embeddable":true,"href":"https:\/\/ground.geophysicsgpr.com\/fr\/wp-json\/wp\/v2\/media\/1118"}],"wp:attachment":[{"href":"https:\/\/ground.geophysicsgpr.com\/fr\/wp-json\/wp\/v2\/media?parent=701"}],"curies":[{"name":"wp","href":"https:\/\/api.w.org\/{rel}","templated":true}]}}