{"id":707,"date":"2015-07-21T15:12:45","date_gmt":"2015-07-21T15:12:45","guid":{"rendered":"http:\/\/ground.geophysicsgpr.com\/?page_id=707"},"modified":"2018-07-30T16:46:26","modified_gmt":"2018-07-30T16:46:26","slug":"applications-geophysique-terrestre","status":"publish","type":"page","link":"https:\/\/ground.geophysicsgpr.com\/fr\/applications-geophysique-terrestre","title":{"rendered":"Applications"},"content":{"rendered":"<div id=\"pl-707\"  class=\"panel-layout\" ><div id=\"pg-707-0\"  class=\"panel-grid panel-has-style\" ><div class=\"texte-home-right article panel-row-style panel-row-style-for-707-0\" ><div id=\"pgc-707-0-0\"  class=\"panel-grid-cell\" ><div id=\"panel-707-0-0-0\" class=\"so-panel widget widget_sow-editor panel-first-child panel-last-child\" data-index=\"0\" ><div\n\t\t\t\n\t\t\tclass=\"so-widget-sow-editor so-widget-sow-editor-base\"\n\t\t\t\n\t\t>\n<div class=\"siteorigin-widget-tinymce textwidget\">\n\t<h2>Principales applications de la g\u00e9ophysique terrestre<\/h2>\n<p>Les lev\u00e9s g\u00e9ophysiques \u00e0 partir de trous de forages peuvent jouer un r\u00f4le important pour des \u00e9tudes environnementales g\u00e9ologiques et g\u00e9otechniques. Nos m\u00e9thodes sont principalement appliqu\u00e9es pour les \u00e9tudes g\u00e9ologiques et g\u00e9otechniques, le g\u00e9nie civil et les projets d'infrastructures, les \u00e9tudes environnementales, l'exploration mini\u00e8re, p\u00e9troli\u00e8re et gazi\u00e8re et autres projets miniers, et les \u00e9tudes hydrog\u00e9ologiques et arch\u00e9ologiques.<\/p>\n<p>G\u00e9ophysique GPR International fait tous les efforts pour maintenir une relation de confiance avec ses partenaires et clients, en s'assurant d'un travail \u00e0 leur enti\u00e8re satisfaction et en leur offrant des r\u00e9sultats de la plus haute qualit\u00e9. Nous sommes \u00e9galement fiers de notre certification ISO 9001:2015 du bureau chef de Longueuil au Canada.<\/p>\n<p>Pour plus d'information, veuillez contacter notre <a href=\"mailto:daniel.campos@gprmtl.com;jean-luc.arsenault@gprmtl.com;claude.robillard@gprmtl.com;info@gprmtl.com\">\u00c9quipe de Lev\u00e9 Terrestre<\/a>.<\/p>\n<\/div>\n<\/div><\/div><\/div><\/div><\/div><div id=\"pg-707-1\"  class=\"panel-grid panel-no-style\" ><div id=\"pgc-707-1-0\"  class=\"panel-grid-cell\" ><div id=\"panel-707-1-0-0\" class=\"so-panel widget widget_black-studio-tinymce widget_black_studio_tinymce panel-first-child panel-last-child\" data-index=\"1\" ><div class=\"textwidget\"><p><div id=\"wondergridgallerylightbox_options\" data-skinsfoldername=\"skins\/default\/\"  data-jsfolder=\"https:\/\/ground.geophysicsgpr.com\/wp-content\/plugins\/wonderplugin-gridgallery\/engine\/\" style=\"display:none;\"><\/div>\r\n<style type=\"text\/css\">.wpp-btn-blue-medium {     background: #fa4c06; }  .wpp-btn-blue-medium:hover {     color: #fff;     background: #fa4c06; }<\/style><style type=\"text\/css\">@import url(https:\/\/fonts.googleapis.com\/css?family=Open+Sans);  #wonderplugingridgallery-9 .wonderplugin-gridgallery-item-text {     text-align: center;     box-sizing: border-box;     -webkit-box-sizing: border-box;     -moz-box-sizing: border-box; }  #wonderplugingridgallery-9 .wonderplugin-gridgallery-item-title {     font-family: 'Open Sans', sans-serif;     font-size: 18px;     position: absolute;     left: 5px;     top: 5px;     width: 97.5%;     height: auto;     background-color: #fa4c06;     color: #fff;     padding: 12px 5px; }  #wonderplugingridgallery-9 .wonderplugin-gridgallery-item-description {     font-size: 12px; }  #wonderplugingridgallery-9 .wonderplugin-gridgallery-item-button {     position: absolute;     right: 20px;     bottom: 20px; }  #wonderplugingridgallery-9 .wonderplugin-gridgallery-item-container img:hover { }<\/style><div class=\"wonderplugingridgallery\" id=\"wonderplugingridgallery-9\" data-gridgalleryid=\"9\" data-width=\"440\" data-height=\"350\" data-skin=\"threecolumns\" data-random=\"false\" data-shownavigation=\"true\" data-hoverzoomin=\"false\" data-hoverzoominimageonly=\"true\" data-hoverzoominimagecenter=\"false\" data-hoverfade=\"false\" data-responsive=\"true\" data-mediumscreen=\"true\" data-smallscreen=\"true\" data-showtitle=\"true\" data-showtexttitle=\"true\" data-showtextdescription=\"false\" data-showtextbutton=\"true\" data-lightboxnogroup=\"false\" data-lightboxshowtitle=\"true\" data-lightboxshowdescription=\"false\" data-lightboxresponsive=\"true\" data-circularimage=\"false\" data-firstimage=\"false\" data-textinsidespace=\"false\" data-thumbwidth=\"90\" data-thumbheight=\"60\" data-thumbtopmargin=\"12\" data-thumbbottommargin=\"4\" data-barheight=\"64\" data-titlebottomcss=\"{color:#333; font-size:14px; font-family:Armata,sans-serif,Arial; overflow:hidden; text-align:left;}\" data-descriptionbottomcss=\"{color:#333; font-size:12px; font-family:Arial,Helvetica,sans-serif; overflow:hidden; text-align:left; margin:4px 0px 0px; padding: 0px;}\" data-googleanalyticsaccount=\"\" data-gap=\"4\" data-margin=\"10\" data-borderradius=\"0\" data-hoverzoominvalue=\"0\" data-hoverzoominduration=\"1000\" data-hoverzoominimagescale=\"1.01\" data-hoverzoominimageduration=\"360\" data-hoverfadeopacity=\"0.8\" data-hoverfadeduration=\"300\" data-videoplaybutton=\"playvideo-64-64-0.png\" data-column=\"3\" data-mediumcolumn=\"2\" data-mediumscreensize=\"800\" data-smallcolumn=\"1\" data-smallscreensize=\"600\" data-titlemode=\"always\" data-titleeffect=\"fade\" data-titleeffectduration=\"500\" data-titleheight=\"0\" data-jsfolder=\"https:\/\/ground.geophysicsgpr.com\/wp-content\/plugins\/wonderplugin-gridgallery\/engine\/\" data-skinsfoldername=\"skins\/default\/\" style=\"display:none;position:relative;margin:0 auto;width:100%;max-width:1328px;\" ><div class=\"wonderplugin-gridgallery-list\" style=\"display:block;position:relative;max-width:100%;margin:0 auto;\"><div class=\"wonderplugin-gridgallery-item\" data-row=\"1\" data-col=\"1\"><div class=\"wonderplugin-gridgallery-item-container\"><a href=\"http:\/\/ground.geophysicsgpr.com\/fr\/applications\/etudes-geologiques-et-geotechniques\/\" title=\"\u00c9tudes g\u00e9ologiques et g\u00e9otechniques\" data-description=\"\u00c9tudes de risques g\u00e9ologique et g\u00e9otechniques et \u00e9tude g\u00e9ologique des sols.\" data-button=\"<a href=&quot;http:\/\/ground.geophysicsgpr.com\/fr\/applications\/etudes-geologiques-et-geotechniques\/&quot;><button class=&quot;wpp-btn-blue-medium&quot;>En savoir plus<\/button><\/a>\"><img decoding=\"async\" class=\"wonderplugin-gridgallery-item-img\" src=\"http:\/\/ground.geophysicsgpr.com\/wp-content\/uploads\/sites\/7\/2015\/08\/Applications_Geological_b.jpg\" \/><\/a><\/div><\/div><div class=\"wonderplugin-gridgallery-item\" data-row=\"1\" data-col=\"1\"><div class=\"wonderplugin-gridgallery-item-container\"><a href=\"http:\/\/ground.geophysicsgpr.com\/fr\/applications\/genie-civil-et-projets-dinfrastructures\/\" title=\"G\u00e9nie civil et projets d'infrastructures\" data-description=\"M\u00e9thodes g\u00e9otechniques appliqu\u00e9es \u00e0 divers projets de construction et de g\u00e9nie civil ou projets d'infrastructures mini\u00e8res.\" data-button=\"<a href=&quot;http:\/\/ground.geophysicsgpr.com\/fr\/applications\/genie-civil-et-projets-dinfrastructures\/&quot;><button class=&quot;wpp-btn-blue-medium&quot;>En savoir plus<\/button><\/a>\"><img decoding=\"async\" class=\"wonderplugin-gridgallery-item-img\" src=\"http:\/\/ground.geophysicsgpr.com\/wp-content\/uploads\/sites\/7\/2015\/08\/Applications_Civil.jpg\" \/><\/a><\/div><\/div><div class=\"wonderplugin-gridgallery-item\" data-row=\"1\" data-col=\"1\"><div class=\"wonderplugin-gridgallery-item-container\"><a href=\"http:\/\/ground.geophysicsgpr.com\/fr\/applications\/etudes-environnementales\/\" title=\"\u00c9tudes environnementales\" data-description=\"Lev\u00e9s g\u00e9ophysiques pour l'exploration et les \u00e9tudes environnementales.\" data-button=\"<a href=&quot;http:\/\/ground.geophysicsgpr.com\/fr\/applications\/etudes-environnementales\/&quot;><button class=&quot;wpp-btn-blue-medium&quot;>En savoir plus<\/button><\/a>\"><img decoding=\"async\" class=\"wonderplugin-gridgallery-item-img\" src=\"http:\/\/ground.geophysicsgpr.com\/wp-content\/uploads\/sites\/7\/2015\/08\/IMG_5387-HDR.jpg\" \/><\/a><\/div><\/div><div class=\"wonderplugin-gridgallery-item\" data-row=\"1\" data-col=\"1\"><div class=\"wonderplugin-gridgallery-item-container\"><a href=\"http:\/\/ground.geophysicsgpr.com\/fr\/applications\/exploration-miniere\/\" title=\"Exploration mini\u00e8re\" data-description=\"Diff\u00e9rentes m\u00e9thodes appliqu\u00e9es \u00e0 la prospection g\u00e9ophysique.\" data-button=\"<a href=&quot;http:\/\/ground.geophysicsgpr.com\/fr\/applications\/exploration-miniere\/&quot;><button class=&quot;wpp-btn-blue-medium&quot;>En savoir plus<\/button><\/a>\"><img decoding=\"async\" class=\"wonderplugin-gridgallery-item-img\" src=\"http:\/\/ground.geophysicsgpr.com\/wp-content\/uploads\/sites\/7\/2015\/08\/app_mineral.jpg\" \/><\/a><\/div><\/div><div class=\"wonderplugin-gridgallery-item\" data-row=\"1\" data-col=\"1\"><div class=\"wonderplugin-gridgallery-item-container\"><a href=\"http:\/\/ground.geophysicsgpr.com\/fr\/applications\/exploration-petroliere-et-gaziere\/\" title=\"Exploration p\u00e9troli\u00e8re et gazi\u00e8re\" data-description=\"Techniques g\u00e9ophysique utilis\u00e9es dans la recherche de r\u00e9servoirs souterrains et pour l'exploration p\u00e9troli\u00e8re et gazi\u00e8re.\" data-button=\"<a href=&quot;http:\/\/ground.geophysicsgpr.com\/fr\/applications\/exploration-petroliere-et-gaziere\/&quot;><button class=&quot;wpp-btn-blue-medium&quot;>En savoir plus<\/button><\/a>\"><img decoding=\"async\" class=\"wonderplugin-gridgallery-item-img\" src=\"http:\/\/ground.geophysicsgpr.com\/wp-content\/uploads\/sites\/7\/2015\/07\/Ground_Applications_Oil-and-Gas.jpg\" \/><\/a><\/div><\/div><div class=\"wonderplugin-gridgallery-item\" data-row=\"1\" data-col=\"1\"><div class=\"wonderplugin-gridgallery-item-container\"><a href=\"http:\/\/ground.geophysicsgpr.com\/fr\/applications\/mines-et-projets-miniers\/\" title=\"Mines et projets miniers\" data-description=\"Prospection des m\u00e9taux de base par la caract\u00e9risation des conducteurs g\u00e9ophysiques.\" data-button=\"<a href=&quot;http:\/\/ground.geophysicsgpr.com\/fr\/applications\/mines-et-projets-miniers\/&quot;><button class=&quot;wpp-btn-blue-medium&quot;>En savoir plus<\/button><\/a>\"><img decoding=\"async\" class=\"wonderplugin-gridgallery-item-img\" src=\"http:\/\/ground.geophysicsgpr.com\/wp-content\/uploads\/sites\/7\/2015\/08\/app_mines.jpg\" \/><\/a><\/div><\/div><div class=\"wonderplugin-gridgallery-item\" data-row=\"1\" data-col=\"1\"><div class=\"wonderplugin-gridgallery-item-container\"><a href=\"http:\/\/ground.geophysicsgpr.com\/fr\/applications\/etudes-hydrogeologiques\/\" title=\"\u00c9tudes hydrog\u00e9ologiques\" data-description=\"M\u00e9thodes g\u00e9ophysique appliqu\u00e9es \u00e0 la localisation des zones d'exploitation potentielle et situant des projets d\u2019alimentation en eau.\" data-button=\"<a href=&quot;http:\/\/ground.geophysicsgpr.com\/fr\/applications\/etudes-hydrogeologiques\/&quot;><button class=&quot;wpp-btn-blue-medium&quot;>En savoir plus<\/button><\/a>\"><img decoding=\"async\" class=\"wonderplugin-gridgallery-item-img\" src=\"http:\/\/ground.geophysicsgpr.com\/wp-content\/uploads\/sites\/7\/2015\/08\/app_hydro.jpg\" \/><\/a><\/div><\/div><div class=\"wonderplugin-gridgallery-item\" data-row=\"1\" data-col=\"1\"><div class=\"wonderplugin-gridgallery-item-container\"><a href=\"http:\/\/ground.geophysicsgpr.com\/fr\/applications\/etudes-archeologiques\/\" title=\"\u00c9tudes arch\u00e9ologiques\" data-description=\"Dans le cadre d\u2019\u00e9tudes d\u2019impact, une prospection g\u00e9ophysique contribue \u00e0 dresser un premier \u00e9tat des lieux avant tout projet d\u2019am\u00e9nagement.\" data-button=\"<a href=&quot;http:\/\/ground.geophysicsgpr.com\/fr\/applications\/etudes-archeologiques\/&quot;><button class=&quot;wpp-btn-blue-medium&quot;>En savoir plus<\/button><\/a>\"><img decoding=\"async\" class=\"wonderplugin-gridgallery-item-img\" src=\"http:\/\/ground.geophysicsgpr.com\/wp-content\/uploads\/sites\/7\/2015\/08\/app_arch.jpg\" \/><\/a><\/div><\/div><div style=\"clear:both;\"><\/div><\/div><div class=\"wonderplugin-gridgallery-engine\"><a href=\"http:\/\/www.wonderplugin.com\/wordpress-gridgallery\/\" title=\"WordPress Grid Gallery Plugin\">WordPress Grid Gallery Plugin<\/a><\/div><\/div><\/p>\n<\/div><\/div><\/div><\/div><\/div>","protected":false},"excerpt":{"rendered":"<p>Principales applications de la g\u00e9ophysique terrestre Les lev\u00e9s g\u00e9ophysiques \u00e0 partir de trous de forages peuvent jouer un r\u00f4le important pour des \u00e9tudes environnementales g\u00e9ologiques et g\u00e9otechniques. Nos m\u00e9thodes sont principalement appliqu\u00e9es pour les \u00e9tudes g\u00e9ologiques et g\u00e9otechniques, le g\u00e9nie civil et les projets d&rsquo;infrastructures, les \u00e9tudes environnementales, l&rsquo;exploration mini\u00e8re, p\u00e9troli\u00e8re et gazi\u00e8re et autres&#8230;  <a href=\"https:\/\/ground.geophysicsgpr.com\/fr\/applications-geophysique-terrestre\" class=\"more-link\" title=\"Read Applications\">Read more &raquo;<\/a><\/p>\n","protected":false},"author":1,"featured_media":1118,"parent":0,"menu_order":0,"comment_status":"closed","ping_status":"closed","template":"page-full-width.php","meta":{"content-type":"","footnotes":""},"class_list":["post-707","page","type-page","status-publish","has-post-thumbnail","hentry"],"_links":{"self":[{"href":"https:\/\/ground.geophysicsgpr.com\/fr\/wp-json\/wp\/v2\/pages\/707","targetHints":{"allow":["GET"]}}],"collection":[{"href":"https:\/\/ground.geophysicsgpr.com\/fr\/wp-json\/wp\/v2\/pages"}],"about":[{"href":"https:\/\/ground.geophysicsgpr.com\/fr\/wp-json\/wp\/v2\/types\/page"}],"author":[{"embeddable":true,"href":"https:\/\/ground.geophysicsgpr.com\/fr\/wp-json\/wp\/v2\/users\/1"}],"replies":[{"embeddable":true,"href":"https:\/\/ground.geophysicsgpr.com\/fr\/wp-json\/wp\/v2\/comments?post=707"}],"version-history":[{"count":2,"href":"https:\/\/ground.geophysicsgpr.com\/fr\/wp-json\/wp\/v2\/pages\/707\/revisions"}],"predecessor-version":[{"id":3171,"href":"https:\/\/ground.geophysicsgpr.com\/fr\/wp-json\/wp\/v2\/pages\/707\/revisions\/3171"}],"wp:featuredmedia":[{"embeddable":true,"href":"https:\/\/ground.geophysicsgpr.com\/fr\/wp-json\/wp\/v2\/media\/1118"}],"wp:attachment":[{"href":"https:\/\/ground.geophysicsgpr.com\/fr\/wp-json\/wp\/v2\/media?parent=707"}],"curies":[{"name":"wp","href":"https:\/\/api.w.org\/{rel}","templated":true}]}}