{"id":789,"date":"2015-07-21T15:54:44","date_gmt":"2015-07-21T15:54:44","guid":{"rendered":"http:\/\/ground.geophysicsgpr.com\/?page_id=789"},"modified":"2017-02-28T21:08:32","modified_gmt":"2017-02-28T21:08:32","slug":"georadar","status":"publish","type":"page","link":"https:\/\/ground.geophysicsgpr.com\/fr\/techniques-de-geophysique-terrestre\/georadar","title":{"rendered":"G\u00e9oradar"},"content":{"rendered":"<div id=\"pl-789\"  class=\"panel-layout\" ><div id=\"pg-789-0\"  class=\"panel-grid panel-has-style\" ><div class=\"texte-home-right article panel-row-style panel-row-style-for-789-0\" ><div id=\"pgc-789-0-0\"  class=\"panel-grid-cell\" ><div id=\"panel-789-0-0-0\" class=\"so-panel widget widget_sow-editor panel-first-child panel-last-child\" data-index=\"0\" ><div\n\t\t\t\n\t\t\tclass=\"so-widget-sow-editor so-widget-sow-editor-base\"\n\t\t\t\n\t\t>\n<div class=\"siteorigin-widget-tinymce textwidget\">\n\t<p>Le radar g\u00e9ologique ou g\u00e9oradar est une technique g\u00e9ophysique permettant d'obtenir de l'information sur le sous-sol, de faire l'\u00e9valuation des chauss\u00e9es et la d\u00e9tection d'objets enfouis en un temps tr\u00e8s court et avec une r\u00e9solution in\u00e9gal\u00e9e.<\/p>\n<h2 class=\"h2resize\">Diverses applications du g\u00e9oradar<\/h2>\n<p>Ce syst\u00e8me est couramment utilis\u00e9 en g\u00e9nie civil pour effectuer l'auscultation du b\u00e9ton afin d'y cartographier les conduits et les armatures se trouvant \u00e0 l'int\u00e9rieur d'une dalle. Le g\u00e9oradar peut \u00e9galement \u00eatre utilis\u00e9 pour effectuer le profilage du roc ou d'autres couches g\u00e9ologiques et est aussi utile pour effectuer la cartographie de l'\u00e9paisseur de rev\u00eatement bitumineux sur les routes ainsi que dans les stationnements.<\/p>\n<p>\u00a0<\/p>\n<p>\u00a0<\/p>\n<p>Pour plus d'information, veuillez contacter notre <a href=\"mailto:daniel.campos@geophysicsgpr.com;jean-luc.arsenault@geophysicsgpr.com;claude.robillard@geophysicsgpr.com;info@geophysicsgpr.com\">\u00c9quipe de Lev\u00e9 Terrestre<\/a>.<\/p>\n<\/div>\n<\/div><\/div><\/div><\/div><\/div><div id=\"pg-789-1\"  class=\"panel-grid panel-no-style\" ><div id=\"pgc-789-1-0\"  class=\"panel-grid-cell\" ><div id=\"panel-789-1-0-0\" class=\"so-panel widget widget_black-studio-tinymce widget_black_studio_tinymce panel-first-child panel-last-child\" data-index=\"1\" ><div class=\"textwidget\"><p><div id=\"wondergridgallerylightbox_options\" data-skinsfoldername=\"skins\/default\/\"  data-jsfolder=\"https:\/\/ground.geophysicsgpr.com\/wp-content\/plugins\/wonderplugin-gridgallery\/engine\/\" style=\"display:none;\"><\/div>\r\n<style type=\"text\/css\">.wpp-btn-blue-medium {     background: #fa4c06; }  .wpp-btn-blue-medium:hover {     color: #fff;     background: #fa4c06; }<\/style><style type=\"text\/css\">@import url(https:\/\/fonts.googleapis.com\/css?family=Open+Sans);  #wonderplugingridgallery-5 .wonderplugin-gridgallery-item-text {     text-align: center;     box-sizing: border-box;     -webkit-box-sizing: border-box;     -moz-box-sizing: border-box; }  #wonderplugingridgallery-5 .wonderplugin-gridgallery-item-title {     font-family: 'Open Sans', sans-serif;     font-size: 18px;     position: absolute;     left: 5px;     top: 5px;     width: 97.5%;     height: auto;     background-color: #fa4c06;     color: #fff;     padding: 12px 5px; }  #wonderplugingridgallery-5 .wonderplugin-gridgallery-item-description {     font-size: 12px; }  #wonderplugingridgallery-5 .wonderplugin-gridgallery-item-button {     position: absolute;     right: 20px;     bottom: 20px; }  #wonderplugingridgallery-5 .wonderplugin-gridgallery-item-container img:hover { }<\/style><div class=\"wonderplugingridgallery\" id=\"wonderplugingridgallery-5\" data-gridgalleryid=\"5\" data-width=\"440\" data-height=\"350\" data-skin=\"threecolumns\" data-random=\"false\" data-shownavigation=\"true\" data-hoverzoomin=\"false\" data-hoverzoominimageonly=\"true\" data-hoverzoominimagecenter=\"false\" data-hoverfade=\"true\" data-responsive=\"true\" data-mediumscreen=\"true\" data-smallscreen=\"true\" data-showtitle=\"true\" data-showtexttitle=\"true\" data-showtextdescription=\"false\" data-showtextbutton=\"true\" data-lightboxnogroup=\"false\" data-lightboxshowtitle=\"true\" data-lightboxshowdescription=\"false\" data-lightboxresponsive=\"true\" data-circularimage=\"false\" data-firstimage=\"false\" data-textinsidespace=\"false\" data-thumbwidth=\"90\" data-thumbheight=\"60\" data-thumbtopmargin=\"12\" data-thumbbottommargin=\"4\" data-barheight=\"64\" data-titlebottomcss=\"{color:#333; font-size:14px; font-family:Armata,sans-serif,Arial; overflow:hidden; text-align:left;}\" data-descriptionbottomcss=\"{color:#333; font-size:12px; font-family:Arial,Helvetica,sans-serif; overflow:hidden; text-align:left; margin:4px 0px 0px; padding: 0px;}\" data-googleanalyticsaccount=\"\" data-gap=\"4\" data-margin=\"10\" data-borderradius=\"0\" data-hoverzoominvalue=\"24\" data-hoverzoominduration=\"180\" data-hoverzoominimagescale=\"1.1\" data-hoverzoominimageduration=\"360\" data-hoverfadeopacity=\"0.8\" data-hoverfadeduration=\"300\" data-videoplaybutton=\"playvideo-64-64-0.png\" data-column=\"3\" data-mediumcolumn=\"2\" data-mediumscreensize=\"800\" data-smallcolumn=\"1\" data-smallscreensize=\"600\" data-titlemode=\"always\" data-titleeffect=\"fade\" data-titleeffectduration=\"300\" data-titleheight=\"0\" data-jsfolder=\"https:\/\/ground.geophysicsgpr.com\/wp-content\/plugins\/wonderplugin-gridgallery\/engine\/\" data-skinsfoldername=\"skins\/default\/\" style=\"display:none;position:relative;margin:0 auto;width:100%;max-width:1328px;\" ><div class=\"wonderplugin-gridgallery-list\" style=\"display:block;position:relative;max-width:100%;margin:0 auto;\"><div class=\"wonderplugin-gridgallery-item\" data-row=\"1\" data-col=\"1\"><div class=\"wonderplugin-gridgallery-item-container\"><a href=\"http:\/\/ground.geophysicsgpr.com\/fr\/techniques\/georadar\/routes-et-ponts\/\" title=\"Routes et ponts\" data-description=\"Dans le domaine des transports, le g\u00e9oradar sert \u00e0 effectuer la cartographie de l'\u00e9paisseur de rev\u00eatement bitumineux sur les routes.\" data-button=\"<a href=&quot;http:\/\/ground.geophysicsgpr.com\/fr\/techniques\/georadar\/routes-et-ponts\/&quot;><button class=&quot;wpp-btn-blue-medium&quot;>En savoir plus<\/button><\/a>\"><img decoding=\"async\" class=\"wonderplugin-gridgallery-item-img\" src=\"http:\/\/ground.geophysicsgpr.com\/wp-content\/uploads\/sites\/7\/2015\/07\/georadar_bridges.jpg\" \/><\/a><\/div><\/div><div class=\"wonderplugin-gridgallery-item\" data-row=\"1\" data-col=\"1\"><div class=\"wonderplugin-gridgallery-item-container\"><a href=\"http:\/\/ground.geophysicsgpr.com\/fr\/techniques\/georadar\/infrastructures-civiles\/\" title=\"Infrastructures\" data-description=\"Caract\u00e9riser l'\u00e9tat de d\u00e9t\u00e9rioration du b\u00e9ton des infrastructures urbaines avec une haute r\u00e9solution.\" data-button=\"<a href=&quot;http:\/\/ground.geophysicsgpr.com\/fr\/techniques\/georadar\/infrastructures-civiles\/&quot;><button class=&quot;wpp-btn-blue-medium&quot;>En savoir plus<\/button><\/a>\"><img decoding=\"async\" class=\"wonderplugin-gridgallery-item-img\" src=\"http:\/\/ground.geophysicsgpr.com\/wp-content\/uploads\/sites\/7\/2015\/07\/IMG_6252-300x267.jpg\" \/><\/a><\/div><\/div><div class=\"wonderplugin-gridgallery-item\" data-row=\"1\" data-col=\"1\"><div class=\"wonderplugin-gridgallery-item-container\"><a href=\"http:\/\/ground.geophysicsgpr.com\/fr\/techniques\/georadar\/cartographie-geologique\/\" title=\"Cartographie g\u00e9ologique\" data-description=\"M\u00e9thode g\u00e9ophysique permettant de d\u00e9tecter ais\u00e9ment le rayonnement \u00e9mis par les \u00e9l\u00e9ments radioactifs pr\u00e9sents dans la nature.\" data-button=\"<a href=&quot;http:\/\/ground.geophysicsgpr.com\/fr\/techniques\/georadar\/cartographie-geologique\/&quot;><button class=&quot;wpp-btn-blue-medium&quot;>En savoir plus<\/button><\/a>\"><img decoding=\"async\" class=\"wonderplugin-gridgallery-item-img\" src=\"http:\/\/ground.geophysicsgpr.com\/wp-content\/uploads\/sites\/7\/2015\/07\/Georadar_Geological.jpg\" \/><\/a><\/div><\/div><div class=\"wonderplugin-gridgallery-item\" data-row=\"1\" data-col=\"1\"><div class=\"wonderplugin-gridgallery-item-container\"><a href=\"http:\/\/ground.geophysicsgpr.com\/fr\/techniques\/georadar\/etudes-environnementales\/\" title=\"\u00c9tudes environnementales\" data-description=\"Les lev\u00e9s g\u00e9ophysiques \u00e0 partir de trous de forages peuvent jouer un r\u00f4le important pour les \u00e9tudes environnementales g\u00e9otechniques.\" data-button=\"<a href=&quot;http:\/\/ground.geophysicsgpr.com\/fr\/techniques\/georadar\/etudes-environnementales\/&quot;><button class=&quot;wpp-btn-blue-medium&quot;>En savoir plus<\/button><\/a>\"><img decoding=\"async\" class=\"wonderplugin-gridgallery-item-img\" src=\"http:\/\/ground.geophysicsgpr.com\/wp-content\/uploads\/sites\/7\/2015\/07\/Georadar_Environmental.jpg\" \/><\/a><\/div><\/div><div class=\"wonderplugin-gridgallery-item\" data-row=\"1\" data-col=\"1\"><div class=\"wonderplugin-gridgallery-item-container\"><a href=\"http:\/\/ground.geophysicsgpr.com\/fr\/techniques\/georadar\/cartographie-de-karsts\/\" title=\"Cartographie des vides\" data-description=\"Couramment utilis\u00e9 en g\u00e9nie civil pour effectuer l'auscultation du b\u00e9ton afin d'y cartographier les conduits et les armatures.\" data-button=\"<a href=&quot;http:\/\/ground.geophysicsgpr.com\/fr\/techniques\/georadar\/cartographie-de-karsts\/&quot;><button class=&quot;wpp-btn-blue-medium&quot;>En savoir plus<\/button><\/a>\"><img decoding=\"async\" class=\"wonderplugin-gridgallery-item-img\" src=\"http:\/\/ground.geophysicsgpr.com\/wp-content\/uploads\/sites\/7\/2015\/07\/Georadar_Voids.jpg\" \/><\/a><\/div><\/div><div class=\"wonderplugin-gridgallery-item\" data-row=\"1\" data-col=\"1\"><div class=\"wonderplugin-gridgallery-item-container\"><a href=\"http:\/\/ground.geophysicsgpr.com\/fr\/techniques\/georadar\/mesure-de-lepaisseur-de-glace-et-etudes-du-pergelisol\/\" title=\"Glace et perg\u00e9lisol\" data-description=\"M\u00e9thode Georadar utilis\u00e9e pour la s\u00e9curit\u00e9 routi\u00e8re hivernale, la glaciologie et les recherches en milieu polaire.\" data-button=\"<a href=&quot;http:\/\/ground.geophysicsgpr.com\/fr\/techniques\/georadar\/mesure-de-lepaisseur-de-glace-et-etudes-du-pergelisol\/&quot;><button class=&quot;wpp-btn-blue-medium&quot;>En savoir plus<\/button><\/a>\"><img decoding=\"async\" class=\"wonderplugin-gridgallery-item-img\" src=\"http:\/\/ground.geophysicsgpr.com\/wp-content\/uploads\/sites\/7\/2015\/07\/Ground_Techniques_Georadar_Permafrost_1.jpg\" \/><\/a><\/div><\/div><div style=\"clear:both;\"><\/div><\/div><div class=\"wonderplugin-gridgallery-engine\"><a href=\"http:\/\/www.wonderplugin.com\/wordpress-gridgallery\/\" title=\"WordPress Grid Gallery Plugin\">WordPress Grid Gallery Plugin<\/a><\/div><\/div><\/p>\n<\/div><\/div><\/div><\/div><\/div>","protected":false},"excerpt":{"rendered":"<p>Le radar g\u00e9ologique ou g\u00e9oradar est une technique g\u00e9ophysique permettant d&rsquo;obtenir de l&rsquo;information sur le sous-sol, de faire l&rsquo;\u00e9valuation des chauss\u00e9es et la d\u00e9tection d&rsquo;objets enfouis en un temps tr\u00e8s court et avec une r\u00e9solution in\u00e9gal\u00e9e.Diverses applications du g\u00e9oradarCe syst\u00e8me est couramment utilis\u00e9 en g\u00e9nie civil pour effectuer l&rsquo;auscultation du b\u00e9ton afin d&rsquo;y cartographier les&#8230;  <a href=\"https:\/\/ground.geophysicsgpr.com\/fr\/techniques-de-geophysique-terrestre\/georadar\" class=\"more-link\" title=\"Read G\u00e9oradar\">Read more &raquo;<\/a><\/p>\n","protected":false},"author":1,"featured_media":1118,"parent":701,"menu_order":0,"comment_status":"closed","ping_status":"closed","template":"page-full-width.php","meta":{"content-type":"","footnotes":""},"class_list":["post-789","page","type-page","status-publish","has-post-thumbnail","hentry"],"_links":{"self":[{"href":"https:\/\/ground.geophysicsgpr.com\/fr\/wp-json\/wp\/v2\/pages\/789","targetHints":{"allow":["GET"]}}],"collection":[{"href":"https:\/\/ground.geophysicsgpr.com\/fr\/wp-json\/wp\/v2\/pages"}],"about":[{"href":"https:\/\/ground.geophysicsgpr.com\/fr\/wp-json\/wp\/v2\/types\/page"}],"author":[{"embeddable":true,"href":"https:\/\/ground.geophysicsgpr.com\/fr\/wp-json\/wp\/v2\/users\/1"}],"replies":[{"embeddable":true,"href":"https:\/\/ground.geophysicsgpr.com\/fr\/wp-json\/wp\/v2\/comments?post=789"}],"version-history":[{"count":1,"href":"https:\/\/ground.geophysicsgpr.com\/fr\/wp-json\/wp\/v2\/pages\/789\/revisions"}],"predecessor-version":[{"id":3007,"href":"https:\/\/ground.geophysicsgpr.com\/fr\/wp-json\/wp\/v2\/pages\/789\/revisions\/3007"}],"up":[{"embeddable":true,"href":"https:\/\/ground.geophysicsgpr.com\/fr\/wp-json\/wp\/v2\/pages\/701"}],"wp:featuredmedia":[{"embeddable":true,"href":"https:\/\/ground.geophysicsgpr.com\/fr\/wp-json\/wp\/v2\/media\/1118"}],"wp:attachment":[{"href":"https:\/\/ground.geophysicsgpr.com\/fr\/wp-json\/wp\/v2\/media?parent=789"}],"curies":[{"name":"wp","href":"https:\/\/api.w.org\/{rel}","templated":true}]}}