{"id":831,"date":"2015-07-21T16:07:27","date_gmt":"2015-07-21T16:07:27","guid":{"rendered":"http:\/\/ground.geophysicsgpr.com\/?page_id=831"},"modified":"2017-02-28T21:19:02","modified_gmt":"2017-02-28T21:19:02","slug":"mesure-de-lepaisseur-de-glace-et-etudes-du-pergelisol","status":"publish","type":"page","link":"https:\/\/ground.geophysicsgpr.com\/fr\/techniques-de-geophysique-terrestre\/georadar\/mesure-de-lepaisseur-de-glace-et-etudes-du-pergelisol","title":{"rendered":"Mesure de l&rsquo;\u00e9paisseur de glace et \u00e9tude du perg\u00e9lisol"},"content":{"rendered":"<div id=\"pl-831\"  class=\"panel-layout\" ><div id=\"pg-831-0\"  class=\"panel-grid panel-no-style\" ><div id=\"pgc-831-0-0\"  class=\"panel-grid-cell\" ><div id=\"panel-831-0-0-0\" class=\"so-panel widget widget_sow-editor panel-first-child panel-last-child\" data-index=\"0\" ><div class=\"texte-home-right article panel-widget-style panel-widget-style-for-831-0-0-0\" ><div\n\t\t\t\n\t\t\tclass=\"so-widget-sow-editor so-widget-sow-editor-base\"\n\t\t\t\n\t\t>\n<div class=\"siteorigin-widget-tinymce textwidget\">\n\t<p>Le g\u00e9oradar est une technique pr\u00e9cise pour cartographier l'\u00e9paisseur de la glace et de la neige le long des routes en saison hivernale, ceci constitue l'\u00e9tude\u00a0du perg\u00e9lisol.<\/p>\n<p>Le g\u00e9oradar est \u00e9galement un moyen efficace de cartographier les variations dans le perg\u00e9lisol pour de grands territoires.\u00a0L'emploi de m\u00e9thodes g\u00e9ophysiques permet la pr\u00e9vision de l'\u00e9volution temporelle du perg\u00e9lisol.<\/p>\n<p>Le d\u00e9gel d\u2019un perg\u00e9lisol riche en glace est un risque naturel majeur \u00e0 l\u2019origine de probl\u00e8mes d\u2019instabilit\u00e9 du sous-sol tels que le tassement diff\u00e9rentiel au d\u00e9gel qui affecte la performance des infrastructures civiles. Afin d\u2019\u00e9viter les zones de perg\u00e9lisol riches en glace en vue de la construction d\u2019une infrastructure civile, des techniques d\u2019auscultation non destructive et performante du sous-sol doivent \u00eatre d\u00e9velopp\u00e9es. Parmi ces techniques, plusieurs m\u00e9thodes g\u00e9ophysiques dont notamment la tomographie de polarisation provoqu\u00e9e pr\u00e9sentent un fort potentiel pour r\u00e9pondre aux besoins d\u2019auscultation du perg\u00e9lisol et identifier les zones vuln\u00e9rables \u00e0 la d\u00e9gradation du perg\u00e9lisol.<\/p>\n<h2 class=\"h2resize\">L'\u00e9tude du perg\u00e9lisol\u00a0par\u00a0prospection multi-m\u00e9thodes\u00a0g\u00e9ophysiques<\/h2>\n<p>A\u00a0l'aide\u00a0de\u00a0m\u00e9thodes thermiques (temp\u00e9rature des sources et de la surface du sol), de r\u00e9sistivit\u00e9 (sondage g\u00e9o\u00e9lectrique) et d'\u00e9lectromagn\u00e9tique (VLF-R et conductivim\u00e8tre EM31) il est possible\u00a0de d\u00e9terminer la r\u00e9partition et les caract\u00e9ristiques du perg\u00e9lisol dans les glaces et la neige.<\/p>\n<p>En effet, la r\u00e9sistivit\u00e9 \u00e9lectrique d\u2019un sol d\u00e9pend directement de ses propri\u00e9t\u00e9s physiques. En outre, le fort contraste de r\u00e9sistivit\u00e9 \u00e9lectrique entre un sol gel\u00e9 et d\u00e9gel\u00e9 peut \u00eatre facilement d\u00e9tect\u00e9 lors d\u2019un profilage de r\u00e9sistivit\u00e9 \u00e9lectrique. La tomographie de polarisation provoqu\u00e9e consiste \u00e0 injecter un courant \u00e9lectrique dans le sol entre deux \u00e9lectrodes m\u00e9talliques plant\u00e9es \u00e0 la surface du sol et de mesurer les diff\u00e9rences de potentiel induites par la circulation du courant entre deux autres \u00e9lectrodes. Il est ainsi possible de caract\u00e9riser les propri\u00e9t\u00e9s \u00e9lectriques du sous-sol en une dimension (1D) en profondeur ou lat\u00e9ralement, en deux dimensions (2D) en couplant les investigations verticale et lat\u00e9rale, ou m\u00eame en trois dimensions (3D) en investiguant le long de plusieurs lignes de lev\u00e9 dans diff\u00e9rentes directions.<\/p>\n<p>\u00a0<\/p>\n<p>\u00a0<\/p>\n<p>Pour plus d'information, veuillez contacter notre <a href=\"mailto:daniel.campos@geophysicsgpr.com;jean-luc.arsenault@geophysicsgpr.com;claude.robillard@geophysicsgpr.com;info@geophysicsgpr.com\">\u00c9quipe de Lev\u00e9 Terrestre<\/a>.<\/p>\n<\/div>\n<\/div><\/div><\/div><\/div><div id=\"pgc-831-0-1\"  class=\"panel-grid-cell\" ><div id=\"panel-831-0-1-0\" class=\"so-panel widget widget_sow-image panel-first-child panel-last-child\" data-index=\"1\" ><div class=\"panel-widget-style panel-widget-style-for-831-0-1-0\" ><div\n\t\t\t\n\t\t\tclass=\"so-widget-sow-image so-widget-sow-image-default-8b5b6f678277-831\"\n\t\t\t\n\t\t>\n<div class=\"sow-image-container\">\n\t\t<img loading=\"lazy\" decoding=\"async\" src=\"https:\/\/ground.geophysicsgpr.com\/wp-content\/uploads\/sites\/7\/2015\/07\/Ground_Techniques_Georadar_Permafrost_33.jpg\" width=\"150\" height=\"200\" sizes=\"auto, (max-width: 150px) 100vw, 150px\" title=\"Ground Techniques Georadar Permafrost\" alt=\"Ground Techniques Georadar Permafrost\" \t\tclass=\"so-widget-image\"\/>\n\t<\/div>\n\n<\/div><\/div><\/div><\/div><\/div><div id=\"pg-831-1\"  class=\"panel-grid panel-no-style\" ><div id=\"pgc-831-1-0\"  class=\"panel-grid-cell\" ><div id=\"panel-831-1-0-0\" class=\"so-panel widget widget_sow-image panel-first-child panel-last-child\" data-index=\"2\" ><div class=\"panel-widget-style panel-widget-style-for-831-1-0-0\" ><div\n\t\t\t\n\t\t\tclass=\"so-widget-sow-image so-widget-sow-image-default-8b5b6f678277-831\"\n\t\t\t\n\t\t>\n<div class=\"sow-image-container\">\n\t\t<img loading=\"lazy\" decoding=\"async\" src=\"https:\/\/ground.geophysicsgpr.com\/wp-content\/uploads\/sites\/7\/2015\/07\/Ground_Techniques_Georadar_Permafrost_1.jpg\" width=\"640\" height=\"480\" srcset=\"https:\/\/ground.geophysicsgpr.com\/wp-content\/uploads\/sites\/7\/2015\/07\/Ground_Techniques_Georadar_Permafrost_1.jpg 640w, https:\/\/ground.geophysicsgpr.com\/wp-content\/uploads\/sites\/7\/2015\/07\/Ground_Techniques_Georadar_Permafrost_1-300x225.jpg 300w\" sizes=\"auto, (max-width: 640px) 100vw, 640px\" title=\"Ground Techniques Georadar Permafrost\" alt=\"\u00e9tudes du perg\u00e9lisol\" \t\tclass=\"so-widget-image\"\/>\n\t<\/div>\n\n<\/div><\/div><\/div><\/div><div id=\"pgc-831-1-1\"  class=\"panel-grid-cell\" ><div id=\"panel-831-1-1-0\" class=\"so-panel widget widget_sow-image panel-first-child panel-last-child\" data-index=\"3\" ><div class=\"panel-widget-style panel-widget-style-for-831-1-1-0\" ><div\n\t\t\t\n\t\t\tclass=\"so-widget-sow-image so-widget-sow-image-default-8b5b6f678277-831\"\n\t\t\t\n\t\t>\n<div class=\"sow-image-container\">\n\t\t<img loading=\"lazy\" decoding=\"async\" src=\"https:\/\/ground.geophysicsgpr.com\/wp-content\/uploads\/sites\/7\/2015\/07\/Ground_Techniques_Georadar_Permafrost_2.jpg\" width=\"640\" height=\"480\" srcset=\"https:\/\/ground.geophysicsgpr.com\/wp-content\/uploads\/sites\/7\/2015\/07\/Ground_Techniques_Georadar_Permafrost_2.jpg 640w, https:\/\/ground.geophysicsgpr.com\/wp-content\/uploads\/sites\/7\/2015\/07\/Ground_Techniques_Georadar_Permafrost_2-300x225.jpg 300w\" sizes=\"auto, (max-width: 640px) 100vw, 640px\" title=\"Ground Techniques Georadar Permafrost\" alt=\"\" \t\tclass=\"so-widget-image\"\/>\n\t<\/div>\n\n<\/div><\/div><\/div><\/div><\/div><\/div>","protected":false},"excerpt":{"rendered":"<p>Le g\u00e9oradar est une technique pr\u00e9cise pour cartographier l&rsquo;\u00e9paisseur de la glace et de la neige le long des routes en saison hivernale, ceci constitue l&rsquo;\u00e9tude\u00a0du perg\u00e9lisol.Le g\u00e9oradar est \u00e9galement un moyen efficace de cartographier les variations dans le perg\u00e9lisol pour de grands territoires.\u00a0L&#8217;emploi de m\u00e9thodes g\u00e9ophysiques permet la pr\u00e9vision de l&rsquo;\u00e9volution temporelle du perg\u00e9lisol.Le&#8230;  <a href=\"https:\/\/ground.geophysicsgpr.com\/fr\/techniques-de-geophysique-terrestre\/georadar\/mesure-de-lepaisseur-de-glace-et-etudes-du-pergelisol\" class=\"more-link\" title=\"Read Mesure de l&rsquo;\u00e9paisseur de glace et \u00e9tude du perg\u00e9lisol\">Read more &raquo;<\/a><\/p>\n","protected":false},"author":1,"featured_media":1118,"parent":789,"menu_order":0,"comment_status":"closed","ping_status":"closed","template":"page-full-width.php","meta":{"content-type":"","footnotes":""},"class_list":["post-831","page","type-page","status-publish","has-post-thumbnail","hentry"],"_links":{"self":[{"href":"https:\/\/ground.geophysicsgpr.com\/fr\/wp-json\/wp\/v2\/pages\/831","targetHints":{"allow":["GET"]}}],"collection":[{"href":"https:\/\/ground.geophysicsgpr.com\/fr\/wp-json\/wp\/v2\/pages"}],"about":[{"href":"https:\/\/ground.geophysicsgpr.com\/fr\/wp-json\/wp\/v2\/types\/page"}],"author":[{"embeddable":true,"href":"https:\/\/ground.geophysicsgpr.com\/fr\/wp-json\/wp\/v2\/users\/1"}],"replies":[{"embeddable":true,"href":"https:\/\/ground.geophysicsgpr.com\/fr\/wp-json\/wp\/v2\/comments?post=831"}],"version-history":[{"count":1,"href":"https:\/\/ground.geophysicsgpr.com\/fr\/wp-json\/wp\/v2\/pages\/831\/revisions"}],"predecessor-version":[{"id":3013,"href":"https:\/\/ground.geophysicsgpr.com\/fr\/wp-json\/wp\/v2\/pages\/831\/revisions\/3013"}],"up":[{"embeddable":true,"href":"https:\/\/ground.geophysicsgpr.com\/fr\/wp-json\/wp\/v2\/pages\/789"}],"wp:featuredmedia":[{"embeddable":true,"href":"https:\/\/ground.geophysicsgpr.com\/fr\/wp-json\/wp\/v2\/media\/1118"}],"wp:attachment":[{"href":"https:\/\/ground.geophysicsgpr.com\/fr\/wp-json\/wp\/v2\/media?parent=831"}],"curies":[{"name":"wp","href":"https:\/\/api.w.org\/{rel}","templated":true}]}}