{"id":853,"date":"2015-07-21T16:14:18","date_gmt":"2015-07-21T16:14:18","guid":{"rendered":"http:\/\/ground.geophysicsgpr.com\/?page_id=853"},"modified":"2017-02-28T21:27:46","modified_gmt":"2017-02-28T21:27:46","slug":"etudes-de-mise-a-la-terre","status":"publish","type":"page","link":"https:\/\/ground.geophysicsgpr.com\/fr\/techniques-de-geophysique-terrestre\/resistivite-electrique-pp-ps\/etudes-de-mise-a-la-terre","title":{"rendered":"\u00c9tudes de Mise \u00e0 la Terre (MALT)"},"content":{"rendered":"<div id=\"pl-853\"  class=\"panel-layout\" ><div id=\"pg-853-0\"  class=\"panel-grid panel-no-style\" ><div id=\"pgc-853-0-0\"  class=\"panel-grid-cell\" ><div id=\"panel-853-0-0-0\" class=\"so-panel widget widget_sow-editor panel-first-child panel-last-child\" data-index=\"0\" ><div class=\"texte-home-right article panel-widget-style panel-widget-style-for-853-0-0-0\" ><div\n\t\t\t\n\t\t\tclass=\"so-widget-sow-editor so-widget-sow-editor-base\"\n\t\t\t\n\t\t>\n<div class=\"siteorigin-widget-tinymce textwidget\">\n\t<p>La conception des syst\u00e8mes de <strong>M<\/strong><b>ise \u00e0 la Terre (MALT)<\/b> pour les projets de production et de transport \u00e9lectrique ainsi que pour la protection de surcharges potentielles li\u00e9es \u00e0 la foudre d\u00e9pend des propri\u00e9t\u00e9s \u00e9lectriques des sols. Les lev\u00e9s g\u00e9ophysiques terrestres de r\u00e9sistivit\u00e9 \u00e9lectrique, selon les normes ASTM ou IEEE, fournissent un profil de r\u00e9sistivit\u00e9 du sous-sol en fonction de la profondeur.<\/p>\n<h2 class=\"h2resize\">Donn\u00e9es n\u00e9cessaires aux \u00e9tudes de Mise \u00e0 la Terre<\/h2>\n<p>Les donn\u00e9es de ces lev\u00e9s sont ensuite interpr\u00e9t\u00e9es et utilis\u00e9es pour les \u00e9tudes de Mise \u00e0 la Terre d'installations \u00e9lectriques et pour l\u2019investigation p\u00e9troli\u00e8re. Les m\u00e9thodes g\u00e9ophysiques d\u00e9ploy\u00e9es dans le cadre des \u00e9tudes de Mise \u00e0 la Terre sont les mesures de r\u00e9sistance des grilles de mise \u00e0 la terre, les mesures et le contr\u00f4le des vibrations, la polarisation provoqu\u00e9e et la r\u00e9sistivit\u00e9 \u00e9lectrique des terrains.<\/p>\n<p>\u00a0<\/p>\n<p>\u00a0<\/p>\n<p>Pour plus d'information, veuillez contacter notre <a href=\"mailto:daniel.campos@geophysicsgpr.com;jean-luc.arsenault@geophysicsgpr.com;claude.robillard@geophysicsgpr.com;info@geophysicsgpr.com\">\u00c9quipe de Lev\u00e9 Terrestre<\/a>.<\/p>\n<\/div>\n<\/div><\/div><\/div><\/div><div id=\"pgc-853-0-1\"  class=\"panel-grid-cell\" ><div id=\"panel-853-0-1-0\" class=\"so-panel widget widget_sow-image panel-first-child\" data-index=\"1\" ><div class=\"panel-widget-style panel-widget-style-for-853-0-1-0\" ><div\n\t\t\t\n\t\t\tclass=\"so-widget-sow-image so-widget-sow-image-default-8b5b6f678277-853\"\n\t\t\t\n\t\t>\n<div class=\"sow-image-container\">\n\t\t<img loading=\"lazy\" decoding=\"async\" src=\"https:\/\/ground.geophysicsgpr.com\/wp-content\/uploads\/sites\/7\/2015\/07\/Ground_Techniques_Resistivity_Sounding1.png\" width=\"640\" height=\"466\" srcset=\"https:\/\/ground.geophysicsgpr.com\/wp-content\/uploads\/sites\/7\/2015\/07\/Ground_Techniques_Resistivity_Sounding1.png 640w, https:\/\/ground.geophysicsgpr.com\/wp-content\/uploads\/sites\/7\/2015\/07\/Ground_Techniques_Resistivity_Sounding1-300x218.png 300w\" sizes=\"auto, (max-width: 640px) 100vw, 640px\" title=\"Ground Techniques Resistivity Sounding\" alt=\"\u00c9tudes de mise \u00e0 la terre\" \t\tclass=\"so-widget-image\"\/>\n\t<\/div>\n\n<\/div><\/div><\/div><div id=\"panel-853-0-1-1\" class=\"so-panel widget widget_sow-image panel-last-child\" data-index=\"2\" ><div class=\"panel-widget-style panel-widget-style-for-853-0-1-1\" ><div\n\t\t\t\n\t\t\tclass=\"so-widget-sow-image so-widget-sow-image-default-8b5b6f678277-853\"\n\t\t\t\n\t\t>\n<div class=\"sow-image-container\">\n\t\t<img loading=\"lazy\" decoding=\"async\" src=\"https:\/\/ground.geophysicsgpr.com\/wp-content\/uploads\/sites\/7\/2015\/07\/Ground_Technqiues_Resistivity_insert_3-e1446842833967.jpg\" width=\"160\" height=\"200\" sizes=\"auto, (max-width: 160px) 100vw, 160px\" title=\"Ground Technqiues Resistivity\" alt=\"\u00c9tudes de mise \u00e0 la terre\" \t\tclass=\"so-widget-image\"\/>\n\t<\/div>\n\n<\/div><\/div><\/div><\/div><\/div><div id=\"pg-853-1\"  class=\"panel-grid panel-no-style\" ><div id=\"pgc-853-1-0\"  class=\"panel-grid-cell panel-grid-cell-empty panel-grid-cell-mobile-last\" ><\/div><div id=\"pgc-853-1-1\"  class=\"panel-grid-cell panel-grid-cell-empty\" ><\/div><\/div><\/div>","protected":false},"excerpt":{"rendered":"<p>La conception des syst\u00e8mes de Mise \u00e0 la Terre (MALT) pour les projets de production et de transport \u00e9lectrique ainsi que pour la protection de surcharges potentielles li\u00e9es \u00e0 la foudre d\u00e9pend des propri\u00e9t\u00e9s \u00e9lectriques des sols. Les lev\u00e9s g\u00e9ophysiques terrestres de r\u00e9sistivit\u00e9 \u00e9lectrique, selon les normes ASTM ou IEEE, fournissent un profil de r\u00e9sistivit\u00e9&#8230;  <a href=\"https:\/\/ground.geophysicsgpr.com\/fr\/techniques-de-geophysique-terrestre\/resistivite-electrique-pp-ps\/etudes-de-mise-a-la-terre\" class=\"more-link\" title=\"Read \u00c9tudes de Mise \u00e0 la Terre (MALT)\">Read more &raquo;<\/a><\/p>\n","protected":false},"author":1,"featured_media":1118,"parent":846,"menu_order":0,"comment_status":"closed","ping_status":"closed","template":"page-full-width.php","meta":{"content-type":"","footnotes":""},"class_list":["post-853","page","type-page","status-publish","has-post-thumbnail","hentry"],"_links":{"self":[{"href":"https:\/\/ground.geophysicsgpr.com\/fr\/wp-json\/wp\/v2\/pages\/853","targetHints":{"allow":["GET"]}}],"collection":[{"href":"https:\/\/ground.geophysicsgpr.com\/fr\/wp-json\/wp\/v2\/pages"}],"about":[{"href":"https:\/\/ground.geophysicsgpr.com\/fr\/wp-json\/wp\/v2\/types\/page"}],"author":[{"embeddable":true,"href":"https:\/\/ground.geophysicsgpr.com\/fr\/wp-json\/wp\/v2\/users\/1"}],"replies":[{"embeddable":true,"href":"https:\/\/ground.geophysicsgpr.com\/fr\/wp-json\/wp\/v2\/comments?post=853"}],"version-history":[{"count":1,"href":"https:\/\/ground.geophysicsgpr.com\/fr\/wp-json\/wp\/v2\/pages\/853\/revisions"}],"predecessor-version":[{"id":3017,"href":"https:\/\/ground.geophysicsgpr.com\/fr\/wp-json\/wp\/v2\/pages\/853\/revisions\/3017"}],"up":[{"embeddable":true,"href":"https:\/\/ground.geophysicsgpr.com\/fr\/wp-json\/wp\/v2\/pages\/846"}],"wp:featuredmedia":[{"embeddable":true,"href":"https:\/\/ground.geophysicsgpr.com\/fr\/wp-json\/wp\/v2\/media\/1118"}],"wp:attachment":[{"href":"https:\/\/ground.geophysicsgpr.com\/fr\/wp-json\/wp\/v2\/media?parent=853"}],"curies":[{"name":"wp","href":"https:\/\/api.w.org\/{rel}","templated":true}]}}