{"id":888,"date":"2015-07-21T16:21:42","date_gmt":"2015-07-21T16:21:42","guid":{"rendered":"http:\/\/ground.geophysicsgpr.com\/?page_id=888"},"modified":"2017-02-28T21:48:29","modified_gmt":"2017-02-28T21:48:29","slug":"controle-de-vibrations","status":"publish","type":"page","link":"https:\/\/ground.geophysicsgpr.com\/fr\/techniques-de-geophysique-terrestre\/controle-de-vibrations","title":{"rendered":"Contr\u00f4le des vibrations"},"content":{"rendered":"<div id=\"pl-888\"  class=\"panel-layout\" ><div id=\"pg-888-0\"  class=\"panel-grid panel-no-style\" ><div id=\"pgc-888-0-0\"  class=\"panel-grid-cell\" ><div id=\"panel-888-0-0-0\" class=\"so-panel widget widget_sow-editor panel-first-child panel-last-child\" data-index=\"0\" ><div class=\"texte-home-right article panel-widget-style panel-widget-style-for-888-0-0-0\" ><div\n\t\t\t\n\t\t\tclass=\"so-widget-sow-editor so-widget-sow-editor-base\"\n\t\t\t\n\t\t>\n<div class=\"siteorigin-widget-tinymce textwidget\">\n\t<p><b>Le contr\u00f4le des vibrations<\/b> est une technique g\u00e9ophysique terrestre visant la mesure et l'analyse des vibrations reli\u00e9es aux travaux de construction et d'excavation. Le contr\u00f4le des vibrations est recommand\u00e9 afin de minimiser l'inconfort potentiel aux personnes et \u00e9viter l'endommagement aux structures et \u00e9quipements sensibles se trouvant \u00e0 proximit\u00e9.<\/p>\n<p>Une gamme d'instruments sp\u00e9cialis\u00e9s sont utilis\u00e9s pour mesurer les vibrations caus\u00e9es par le dynamitage, le battage de pieux, la compaction\u00a0dynamique, ainsi que le trafic routier et ferroviaire dans diff\u00e9rents secteurs du g\u00e9nie civil, industriel et minier.<\/p>\n<p><b>Nos services en contr\u00f4le des vibrations comprennent\u00a0:<\/b><\/p>\n<ul>\n<li>Pr\u00e9 et postinspection de b\u00e2timents;<\/li>\n<li>Mesures des vibrations et des surpressions d'air;<\/li>\n<li>Mesures des surpressions dans l'eau;<\/li>\n<li>Rapport d'expertise;<\/li>\n<li>Formation;<\/li>\n<li>Vente, location, calibration et entretien des sismographes NOMIS;<\/li>\n<li>Soutien technique et professionnel.<\/li>\n<\/ul>\n<p>Pour plus d'information, veuillez contacter notre <a href=\"mailto:francis.trepanier@geophysicsgpr.com;charles.trottier@geophysicsgpr.com;info@geophysicsgpr.com\">\u00c9quipe de Lev\u00e9 Terrestre<\/a>.<\/p>\n<\/div>\n<\/div><\/div><\/div><\/div><div id=\"pgc-888-0-1\"  class=\"panel-grid-cell\" ><div id=\"panel-888-0-1-0\" class=\"so-panel widget widget_sow-image panel-first-child\" data-index=\"1\" ><div class=\"panel-widget-style panel-widget-style-for-888-0-1-0\" ><div\n\t\t\t\n\t\t\tclass=\"so-widget-sow-image so-widget-sow-image-default-8b5b6f678277-888\"\n\t\t\t\n\t\t>\n<div class=\"sow-image-container\">\n\t\t<img loading=\"lazy\" decoding=\"async\" src=\"https:\/\/ground.geophysicsgpr.com\/wp-content\/uploads\/sites\/7\/2015\/07\/DSCN5921.jpg\" width=\"4608\" height=\"3456\" srcset=\"https:\/\/ground.geophysicsgpr.com\/wp-content\/uploads\/sites\/7\/2015\/07\/DSCN5921.jpg 4608w, https:\/\/ground.geophysicsgpr.com\/wp-content\/uploads\/sites\/7\/2015\/07\/DSCN5921-300x225.jpg 300w, https:\/\/ground.geophysicsgpr.com\/wp-content\/uploads\/sites\/7\/2015\/07\/DSCN5921-1024x768.jpg 1024w\" sizes=\"auto, (max-width: 4608px) 100vw, 4608px\" alt=\"\" \t\tclass=\"so-widget-image\"\/>\n\t<\/div>\n\n<\/div><\/div><\/div><div id=\"panel-888-0-1-1\" class=\"so-panel widget widget_sow-image panel-last-child\" data-index=\"2\" ><div class=\"panel-widget-style panel-widget-style-for-888-0-1-1\" ><div\n\t\t\t\n\t\t\tclass=\"so-widget-sow-image so-widget-sow-image-default-8b5b6f678277-888\"\n\t\t\t\n\t\t>\n<div class=\"sow-image-container\">\n\t\t<img loading=\"lazy\" decoding=\"async\" src=\"https:\/\/ground.geophysicsgpr.com\/wp-content\/uploads\/sites\/7\/2015\/07\/Ground_vibration-monitoring_insert.jpg\" width=\"225\" height=\"169\" sizes=\"auto, (max-width: 225px) 100vw, 225px\" title=\"Ground vibration monitoring insert\" alt=\"Ground vibration monitoring insert\" \t\tclass=\"so-widget-image\"\/>\n\t<\/div>\n\n<\/div><\/div><\/div><\/div><\/div><div id=\"pg-888-1\"  class=\"panel-grid panel-no-style\" ><div id=\"pgc-888-1-0\"  class=\"panel-grid-cell\" ><div id=\"panel-888-1-0-0\" class=\"so-panel widget widget_sow-image panel-first-child panel-last-child\" data-index=\"3\" ><div class=\"panel-widget-style panel-widget-style-for-888-1-0-0\" ><div\n\t\t\t\n\t\t\tclass=\"so-widget-sow-image so-widget-sow-image-default-8b5b6f678277-888\"\n\t\t\t\n\t\t>\n<div class=\"sow-image-container\">\n\t\t<img loading=\"lazy\" decoding=\"async\" src=\"https:\/\/ground.geophysicsgpr.com\/wp-content\/uploads\/sites\/7\/2015\/07\/DSCN0900.jpg\" width=\"4608\" height=\"3456\" srcset=\"https:\/\/ground.geophysicsgpr.com\/wp-content\/uploads\/sites\/7\/2015\/07\/DSCN0900.jpg 4608w, https:\/\/ground.geophysicsgpr.com\/wp-content\/uploads\/sites\/7\/2015\/07\/DSCN0900-300x225.jpg 300w, https:\/\/ground.geophysicsgpr.com\/wp-content\/uploads\/sites\/7\/2015\/07\/DSCN0900-1024x768.jpg 1024w\" sizes=\"auto, (max-width: 4608px) 100vw, 4608px\" alt=\"contr\u00f4le de vibrations\" \t\tclass=\"so-widget-image\"\/>\n\t<\/div>\n\n<\/div><\/div><\/div><\/div><div id=\"pgc-888-1-1\"  class=\"panel-grid-cell\" ><div id=\"panel-888-1-1-0\" class=\"so-panel widget widget_sow-image panel-first-child panel-last-child\" data-index=\"4\" ><div class=\"panel-widget-style panel-widget-style-for-888-1-1-0\" ><div\n\t\t\t\n\t\t\tclass=\"so-widget-sow-image so-widget-sow-image-default-8b5b6f678277-888\"\n\t\t\t\n\t\t>\n<div class=\"sow-image-container\">\n\t\t<img loading=\"lazy\" decoding=\"async\" src=\"https:\/\/ground.geophysicsgpr.com\/wp-content\/uploads\/sites\/7\/2015\/07\/Ground_Applications_Noise-and-Vibrations__Quarries_2.jpg\" width=\"400\" height=\"300\" srcset=\"https:\/\/ground.geophysicsgpr.com\/wp-content\/uploads\/sites\/7\/2015\/07\/Ground_Applications_Noise-and-Vibrations__Quarries_2.jpg 400w, https:\/\/ground.geophysicsgpr.com\/wp-content\/uploads\/sites\/7\/2015\/07\/Ground_Applications_Noise-and-Vibrations__Quarries_2-300x225.jpg 300w\" sizes=\"auto, (max-width: 400px) 100vw, 400px\" title=\"Ground application controle de vibration\" alt=\"contr\u00f4le de vibrations\" \t\tclass=\"so-widget-image\"\/>\n\t<\/div>\n\n<\/div><\/div><\/div><\/div><\/div><\/div>","protected":false},"excerpt":{"rendered":"<p>Le contr\u00f4le des vibrations est une technique g\u00e9ophysique terrestre visant la mesure et l&rsquo;analyse des vibrations reli\u00e9es aux travaux de construction et d&rsquo;excavation. Le contr\u00f4le des vibrations est recommand\u00e9 afin de minimiser l&rsquo;inconfort potentiel aux personnes et \u00e9viter l&rsquo;endommagement aux structures et \u00e9quipements sensibles se trouvant \u00e0 proximit\u00e9.Une gamme d&rsquo;instruments sp\u00e9cialis\u00e9s sont utilis\u00e9s pour mesurer&#8230;  <a href=\"https:\/\/ground.geophysicsgpr.com\/fr\/techniques-de-geophysique-terrestre\/controle-de-vibrations\" class=\"more-link\" title=\"Read Contr\u00f4le des vibrations\">Read more &raquo;<\/a><\/p>\n","protected":false},"author":1,"featured_media":1118,"parent":701,"menu_order":0,"comment_status":"closed","ping_status":"closed","template":"page-full-width.php","meta":{"content-type":"","footnotes":""},"class_list":["post-888","page","type-page","status-publish","has-post-thumbnail","hentry"],"_links":{"self":[{"href":"https:\/\/ground.geophysicsgpr.com\/fr\/wp-json\/wp\/v2\/pages\/888","targetHints":{"allow":["GET"]}}],"collection":[{"href":"https:\/\/ground.geophysicsgpr.com\/fr\/wp-json\/wp\/v2\/pages"}],"about":[{"href":"https:\/\/ground.geophysicsgpr.com\/fr\/wp-json\/wp\/v2\/types\/page"}],"author":[{"embeddable":true,"href":"https:\/\/ground.geophysicsgpr.com\/fr\/wp-json\/wp\/v2\/users\/1"}],"replies":[{"embeddable":true,"href":"https:\/\/ground.geophysicsgpr.com\/fr\/wp-json\/wp\/v2\/comments?post=888"}],"version-history":[{"count":2,"href":"https:\/\/ground.geophysicsgpr.com\/fr\/wp-json\/wp\/v2\/pages\/888\/revisions"}],"predecessor-version":[{"id":3411,"href":"https:\/\/ground.geophysicsgpr.com\/fr\/wp-json\/wp\/v2\/pages\/888\/revisions\/3411"}],"up":[{"embeddable":true,"href":"https:\/\/ground.geophysicsgpr.com\/fr\/wp-json\/wp\/v2\/pages\/701"}],"wp:featuredmedia":[{"embeddable":true,"href":"https:\/\/ground.geophysicsgpr.com\/fr\/wp-json\/wp\/v2\/media\/1118"}],"wp:attachment":[{"href":"https:\/\/ground.geophysicsgpr.com\/fr\/wp-json\/wp\/v2\/media?parent=888"}],"curies":[{"name":"wp","href":"https:\/\/api.w.org\/{rel}","templated":true}]}}