{"id":892,"date":"2015-07-21T16:23:06","date_gmt":"2015-07-21T16:23:06","guid":{"rendered":"http:\/\/ground.geophysicsgpr.com\/?page_id=892"},"modified":"2021-07-08T20:59:37","modified_gmt":"2021-07-08T20:59:37","slug":"geocamera-diagraphie-et-essais-cpt","status":"publish","type":"page","link":"https:\/\/ground.geophysicsgpr.com\/fr\/techniques-de-geophysique-terrestre\/geocamera-diagraphie-et-essais-cpt","title":{"rendered":"G\u00e9ocam\u00e9ra, diagraphie g\u00e9ophysique et essais CPT"},"content":{"rendered":"<div id=\"pl-892\"  class=\"panel-layout\" ><div id=\"pg-892-0\"  class=\"panel-grid panel-no-style\" ><div id=\"pgc-892-0-0\"  class=\"panel-grid-cell\" ><div id=\"panel-892-0-0-0\" class=\"so-panel widget widget_sow-editor panel-first-child\" data-index=\"0\" ><div class=\"texte-home-right article panel-widget-style panel-widget-style-for-892-0-0-0\" ><div\n\t\t\t\n\t\t\tclass=\"so-widget-sow-editor so-widget-sow-editor-base\"\n\t\t\t\n\t\t>\n<div class=\"siteorigin-widget-tinymce textwidget\">\n\t<h2 class=\"h2resize\" style=\"margin-bottom: 30px;\">G\u00e9ophysique GPR offre la gamme compl\u00e8te d\u2019outils d\u2019imagerie et de diagraphie g\u00e9ophysique. Avec des \u00e9quipements de derni\u00e8re g\u00e9n\u00e9ration pour l\u2019acquisition par g\u00e9ocam\u00e9ra acoustique et optique, nous pouvons fournir des images \u00e0 haute-r\u00e9solution et permettre une analyse structurale pr\u00e9cise pour les \u00e9tudes g\u00e9otechniques.<\/h2>\n<p class=\"p2\">Voici les <strong>techniques de diagraphie<\/strong> les plus couramment utilis\u00e9es:<\/p>\n<ul class=\"newhomelist\" style=\"margin-top: 25px; margin-bottom: 25px;\">\n<li class=\"p3\">G\u00e9ocam\u00e9ra optique avec gamma naturel<\/li>\n<li class=\"p3\">G\u00e9ocam\u00e9ra acoustique<\/li>\n<li class=\"p3\">Diagraphie conventionnelle (<a href=\"https:\/\/ground.geophysicsgpr.com\/fr\/techniques-de-geophysique-terrestre\/resistivite-electrique-pp-ps\">r\u00e9sistivit\u00e9<\/a>, susceptibilit\u00e9 mag., \u00ab\u00a0full-waveform sonic\u00a0\u00bb, caliper, etc.)<\/li>\n<li class=\"p3\">CPTu<\/li>\n<\/ul>\n<p class=\"p1\">Nous offrons \u00e9galement des <strong>solutions versatiles pour r\u00e9aliser des essais de p\u00e9n\u00e9tration au pi\u00e9zoc\u00f4ne (CPTu),<\/strong> afin de mesurer la r\u00e9sistance de la pointe, la pression interstitielle dynamique et le frottement du manchon en continu pendant la p\u00e9n\u00e9tration.<\/p>\n<p class=\"p1\">Nos \u00e9quipes de <a href=\"https:\/\/geophysicsgpr.com\/fr\/innovation-geophysique-appliquee\/\">R&amp;D<\/a> travaillent pr\u00e9sentement sur <strong>un laboratoire de diagraphie \u00ab\u00a0tout-en-un\u00a0\u00bb qui nous permettra de r\u00e9aliser des lev\u00e9s multi-param\u00e8tres \u00e0 partir d\u2019un m\u00eame v\u00e9hicule.<\/strong><\/p>\n<p class=\"p2\">\n<\/div>\n<\/div><\/div><\/div><div id=\"panel-892-0-0-1\" class=\"so-panel widget widget_sow-editor panel-last-child\" data-index=\"1\" ><div class=\"texte-home-right article panel-widget-style panel-widget-style-for-892-0-0-1\" ><div\n\t\t\t\n\t\t\tclass=\"so-widget-sow-editor so-widget-sow-editor-base\"\n\t\t\t\n\t\t><h3 class=\"widget-title\">Pour toute demande concernant nos services, contactez-nous via le formulaire ci-dessous ou appelez nous au 450.679.2400, poste 316<\/h3>\n<div class=\"siteorigin-widget-tinymce textwidget\">\n\t\n<div class=\"wpcf7 no-js\" id=\"wpcf7-f3220-o1\" lang=\"en-US\" dir=\"ltr\" data-wpcf7-id=\"3220\">\n<div class=\"screen-reader-response\"><p role=\"status\" aria-live=\"polite\" aria-atomic=\"true\"><\/p> <ul><\/ul><\/div>\n<form action=\"\/fr\/wp-json\/wp\/v2\/pages\/892#wpcf7-f3220-o1\" method=\"post\" class=\"wpcf7-form init\" aria-label=\"Contact form\" novalidate=\"novalidate\" data-status=\"init\">\n<div style=\"display: none;\">\n<input type=\"hidden\" name=\"_wpcf7\" value=\"3220\" \/>\n<input type=\"hidden\" name=\"_wpcf7_version\" value=\"6.0.6\" \/>\n<input type=\"hidden\" name=\"_wpcf7_locale\" value=\"en_US\" \/>\n<input type=\"hidden\" name=\"_wpcf7_unit_tag\" value=\"wpcf7-f3220-o1\" \/>\n<input type=\"hidden\" name=\"_wpcf7_container_post\" value=\"0\" \/>\n<input type=\"hidden\" name=\"_wpcf7_posted_data_hash\" value=\"\" \/>\n<input type=\"hidden\" name=\"_wpcf7_recaptcha_response\" value=\"\" \/>\n<\/div>\n<p><label> Nom (requis)<br \/>\n<span class=\"wpcf7-form-control-wrap\" data-name=\"your-name\"><input size=\"40\" maxlength=\"400\" class=\"wpcf7-form-control wpcf7-text wpcf7-validates-as-required\" aria-required=\"true\" aria-invalid=\"false\" value=\"\" type=\"text\" name=\"your-name\" \/><\/span> <\/label>\n<\/p>\n<p><label> Adresse courriel (requise)<br \/>\n<span class=\"wpcf7-form-control-wrap\" data-name=\"your-email\"><input size=\"40\" maxlength=\"400\" class=\"wpcf7-form-control wpcf7-email wpcf7-validates-as-required wpcf7-text wpcf7-validates-as-email\" aria-required=\"true\" aria-invalid=\"false\" value=\"\" type=\"email\" name=\"your-email\" \/><\/span> <\/label>\n<\/p>\n<p><label> Num\u00e9ro de t\u00e9l\u00e9phone (requis)<br \/>\n<span class=\"wpcf7-form-control-wrap\" data-name=\"your-phone\"><input size=\"40\" maxlength=\"400\" class=\"wpcf7-form-control wpcf7-text wpcf7-validates-as-required\" aria-required=\"true\" aria-invalid=\"false\" value=\"\" type=\"text\" name=\"your-phone\" \/><\/span> <\/label>\n<\/p>\n<p><label> Compagnie (requis)<br \/>\n<span class=\"wpcf7-form-control-wrap\" data-name=\"your-compagnie\"><input size=\"40\" maxlength=\"400\" class=\"wpcf7-form-control wpcf7-text wpcf7-validates-as-required\" aria-required=\"true\" aria-invalid=\"false\" value=\"\" type=\"text\" name=\"your-compagnie\" \/><\/span> <\/label>\n<\/p>\n<p><label> Sujet<br \/>\n<span class=\"wpcf7-form-control-wrap\" data-name=\"your-subject\"><input size=\"40\" maxlength=\"400\" class=\"wpcf7-form-control wpcf7-text\" aria-invalid=\"false\" value=\"\" type=\"text\" name=\"your-subject\" \/><\/span> <\/label>\n<\/p>\n<p><label> Message<br \/>\n<span class=\"wpcf7-form-control-wrap\" data-name=\"your-message\"><textarea cols=\"40\" rows=\"10\" maxlength=\"2000\" class=\"wpcf7-form-control wpcf7-textarea\" aria-invalid=\"false\" name=\"your-message\"><\/textarea><\/span> <\/label>\n<\/p>\n<p><input class=\"wpcf7-form-control wpcf7-submit has-spinner\" type=\"submit\" value=\"Envoyer\" \/>\n<\/p><div class=\"wpcf7-response-output\" aria-hidden=\"true\"><\/div>\n<\/form>\n<\/div>\n\n<\/div>\n<\/div><\/div><\/div><\/div><\/div><div id=\"pg-892-1\"  class=\"panel-grid panel-has-style\" ><div class=\"panel-row-style panel-row-style-for-892-1\" ><div id=\"pgc-892-1-0\"  class=\"panel-grid-cell\" ><div id=\"panel-892-1-0-0\" class=\"so-panel widget widget_sow-image panel-first-child panel-last-child\" data-index=\"2\" ><div class=\"panel-widget-style panel-widget-style-for-892-1-0-0\" ><div\n\t\t\t\n\t\t\tclass=\"so-widget-sow-image so-widget-sow-image-default-8b5b6f678277-892\"\n\t\t\t\n\t\t>\n<div class=\"sow-image-container\">\n\t\t<img loading=\"lazy\" decoding=\"async\" src=\"https:\/\/ground.geophysicsgpr.com\/wp-content\/uploads\/sites\/7\/2015\/07\/Borehole-Logging.jpg\" width=\"1200\" height=\"647\" srcset=\"https:\/\/ground.geophysicsgpr.com\/wp-content\/uploads\/sites\/7\/2015\/07\/Borehole-Logging.jpg 1200w, https:\/\/ground.geophysicsgpr.com\/wp-content\/uploads\/sites\/7\/2015\/07\/Borehole-Logging-300x162.jpg 300w, https:\/\/ground.geophysicsgpr.com\/wp-content\/uploads\/sites\/7\/2015\/07\/Borehole-Logging-1024x552.jpg 1024w\" sizes=\"auto, (max-width: 1200px) 100vw, 1200px\" title=\"Borehole Logging\" alt=\"diagraphie\" \t\tclass=\"so-widget-image\"\/>\n\t<\/div>\n\n<\/div><\/div><\/div><\/div><div id=\"pgc-892-1-1\"  class=\"panel-grid-cell\" ><div id=\"panel-892-1-1-0\" class=\"so-panel widget widget_sow-image panel-first-child panel-last-child\" data-index=\"3\" ><div class=\"panel-widget-style panel-widget-style-for-892-1-1-0\" ><div\n\t\t\t\n\t\t\tclass=\"so-widget-sow-image so-widget-sow-image-default-8b5b6f678277-892\"\n\t\t\t\n\t\t>\n<div class=\"sow-image-container\">\n\t\t<img loading=\"lazy\" decoding=\"async\" src=\"https:\/\/ground.geophysicsgpr.com\/wp-content\/uploads\/sites\/7\/2015\/07\/Ground_Techniques_Borehole-Logging_1resized.jpg\" width=\"169\" height=\"225\" sizes=\"auto, (max-width: 169px) 100vw, 169px\" title=\"Ground Techniques Borehole Logging\" alt=\"diagraphie\" \t\tclass=\"so-widget-image\"\/>\n\t<\/div>\n\n<\/div><\/div><\/div><\/div><div id=\"pgc-892-1-2\"  class=\"panel-grid-cell\" ><div id=\"panel-892-1-2-0\" class=\"so-panel widget widget_sow-image panel-first-child panel-last-child\" data-index=\"4\" ><div class=\"panel-widget-style panel-widget-style-for-892-1-2-0\" ><div\n\t\t\t\n\t\t\tclass=\"so-widget-sow-image so-widget-sow-image-default-8b5b6f678277-892\"\n\t\t\t\n\t\t>\n<div class=\"sow-image-container\">\n\t\t<img loading=\"lazy\" decoding=\"async\" src=\"https:\/\/ground.geophysicsgpr.com\/wp-content\/uploads\/sites\/7\/2015\/07\/Ground_Techniques_Borehole-Logging_2.jpg\" width=\"160\" height=\"234\" sizes=\"auto, (max-width: 160px) 100vw, 160px\" title=\"Ground Techniques Borehole Logging\" alt=\"diagraphie\" \t\tclass=\"so-widget-image\"\/>\n\t<\/div>\n\n<\/div><\/div><\/div><\/div><\/div><\/div><\/div>","protected":false},"excerpt":{"rendered":"<p>G\u00e9ophysique GPR offre la gamme compl\u00e8te d\u2019outils d\u2019imagerie et de diagraphie g\u00e9ophysique. Avec des \u00e9quipements de derni\u00e8re g\u00e9n\u00e9ration pour l\u2019acquisition par g\u00e9ocam\u00e9ra acoustique et optique, nous pouvons fournir des images \u00e0 haute-r\u00e9solution et permettre une analyse structurale pr\u00e9cise pour les \u00e9tudes g\u00e9otechniques. Voici les techniques de diagraphie les plus couramment utilis\u00e9es: G\u00e9ocam\u00e9ra optique avec gamma&#8230;  <a href=\"https:\/\/ground.geophysicsgpr.com\/fr\/techniques-de-geophysique-terrestre\/geocamera-diagraphie-et-essais-cpt\" class=\"more-link\" title=\"Read G\u00e9ocam\u00e9ra, diagraphie g\u00e9ophysique et essais CPT\">Read more &raquo;<\/a><\/p>\n","protected":false},"author":1,"featured_media":3197,"parent":701,"menu_order":0,"comment_status":"closed","ping_status":"closed","template":"page-full-width.php","meta":{"content-type":"","footnotes":""},"class_list":["post-892","page","type-page","status-publish","has-post-thumbnail","hentry"],"_links":{"self":[{"href":"https:\/\/ground.geophysicsgpr.com\/fr\/wp-json\/wp\/v2\/pages\/892","targetHints":{"allow":["GET"]}}],"collection":[{"href":"https:\/\/ground.geophysicsgpr.com\/fr\/wp-json\/wp\/v2\/pages"}],"about":[{"href":"https:\/\/ground.geophysicsgpr.com\/fr\/wp-json\/wp\/v2\/types\/page"}],"author":[{"embeddable":true,"href":"https:\/\/ground.geophysicsgpr.com\/fr\/wp-json\/wp\/v2\/users\/1"}],"replies":[{"embeddable":true,"href":"https:\/\/ground.geophysicsgpr.com\/fr\/wp-json\/wp\/v2\/comments?post=892"}],"version-history":[{"count":51,"href":"https:\/\/ground.geophysicsgpr.com\/fr\/wp-json\/wp\/v2\/pages\/892\/revisions"}],"predecessor-version":[{"id":3476,"href":"https:\/\/ground.geophysicsgpr.com\/fr\/wp-json\/wp\/v2\/pages\/892\/revisions\/3476"}],"up":[{"embeddable":true,"href":"https:\/\/ground.geophysicsgpr.com\/fr\/wp-json\/wp\/v2\/pages\/701"}],"wp:featuredmedia":[{"embeddable":true,"href":"https:\/\/ground.geophysicsgpr.com\/fr\/wp-json\/wp\/v2\/media\/3197"}],"wp:attachment":[{"href":"https:\/\/ground.geophysicsgpr.com\/fr\/wp-json\/wp\/v2\/media?parent=892"}],"curies":[{"name":"wp","href":"https:\/\/api.w.org\/{rel}","templated":true}]}}