{"id":903,"date":"2015-07-21T16:25:47","date_gmt":"2015-07-21T16:25:47","guid":{"rendered":"http:\/\/ground.geophysicsgpr.com\/?page_id=903"},"modified":"2015-11-04T21:36:52","modified_gmt":"2015-11-04T21:36:52","slug":"etudes-geologiques-et-geotechniques","status":"publish","type":"page","link":"https:\/\/ground.geophysicsgpr.com\/fr\/applications-geophysique-terrestre\/etudes-geologiques-et-geotechniques","title":{"rendered":"\u00c9tudes g\u00e9ologiques et g\u00e9otechniques"},"content":{"rendered":"<div id=\"pl-903\"  class=\"panel-layout\" ><div id=\"pg-903-0\"  class=\"panel-grid panel-has-style\" ><div class=\"texte-home-right article panel-row-style panel-row-style-for-903-0\" ><div id=\"pgc-903-0-0\"  class=\"panel-grid-cell\" ><div id=\"panel-903-0-0-0\" class=\"so-panel widget widget_sow-editor panel-first-child panel-last-child\" data-index=\"0\" ><div\n\t\t\t\n\t\t\tclass=\"so-widget-sow-editor so-widget-sow-editor-base\"\n\t\t\t\n\t\t>\n<div class=\"siteorigin-widget-tinymce textwidget\">\n\t<p>Les \u00e9tudes g\u00e9ologiques et g\u00e9otechniques sont\u00a0des op\u00e9rations dont d\u00e9pend en grande partie la qualit\u00e9 de l\u2019ouvrage projet\u00e9.<\/p>\n<p>Sa d\u00e9marche g\u00e9n\u00e9rale consiste d\u2019abord \u00e0 caract\u00e9riser le sol afin de pouvoir proposer des solutions pratiques \u00e0 la r\u00e9alisation de l\u2019ouvrage. Son but est de fournir aux diff\u00e9rents intervenants d\u2019un projet tels que les ing\u00e9nieurs, les architectes, les entrepreneurs, etc., des renseignements sur la nature et les propri\u00e9t\u00e9s des sols et de formuler des recommandations d\u2019ordre g\u00e9otechnique devant leur permettre de concevoir et de r\u00e9aliser l\u2019ouvrage projet\u00e9.<\/p>\n<h2 class=\"h2resize\">Propri\u00e9t\u00e9s g\u00e9otechniques et \u00e9tudes g\u00e9ologiques<\/h2>\n<p>Plusieurs m\u00e9thodes telles que le profilage des sols et du roc, la cat\u00e9gorisation d'emplacements, mesurer les\u00a0propri\u00e9t\u00e9s g\u00e9ologiques et g\u00e9otechniques in situ des sols et du roc\u00a0et la cartographie sont appliqu\u00e9es.<\/p>\n<p>\u00a0<\/p>\n<\/div>\n<\/div><\/div><\/div><\/div><\/div><div id=\"pg-903-1\"  class=\"panel-grid panel-no-style\" ><div id=\"pgc-903-1-0\"  class=\"panel-grid-cell\" ><div id=\"panel-903-1-0-0\" class=\"so-panel widget widget_black-studio-tinymce widget_black_studio_tinymce panel-first-child panel-last-child\" data-index=\"1\" ><div class=\"textwidget\"><p><div id=\"wondergridgallerylightbox_options\" data-skinsfoldername=\"skins\/default\/\"  data-jsfolder=\"https:\/\/ground.geophysicsgpr.com\/wp-content\/plugins\/wonderplugin-gridgallery\/engine\/\" style=\"display:none;\"><\/div>\r\n<style type=\"text\/css\">.wpp-btn-blue-medium {     background: #fa4c06; }  .wpp-btn-blue-medium:hover {     color: #fff;     background: #fa4c06; }<\/style><style type=\"text\/css\">@import url(https:\/\/fonts.googleapis.com\/css?family=Open+Sans);  #wonderplugingridgallery-11 .wonderplugin-gridgallery-item-text {     text-align: center;     box-sizing: border-box;     -webkit-box-sizing: border-box;     -moz-box-sizing: border-box; }  #wonderplugingridgallery-11 .wonderplugin-gridgallery-item-title {     font-family: 'Open Sans', sans-serif;     font-size: 18px;     position: absolute;     left: 5px;     top: 5px;     width: 97.5%;     height: auto;     background-color: #fa4c06;     color: #fff;     padding: 12px 5px; }  #wonderplugingridgallery-11 .wonderplugin-gridgallery-item-description {     font-size: 12px; }  #wonderplugingridgallery-11 .wonderplugin-gridgallery-item-button {     position: absolute;     right: 20px;     bottom: 20px; }  #wonderplugingridgallery-11 .wonderplugin-gridgallery-item-container img:hover { }<\/style><div class=\"wonderplugingridgallery\" id=\"wonderplugingridgallery-11\" data-gridgalleryid=\"11\" data-width=\"440\" data-height=\"350\" data-skin=\"threecolumns\" data-random=\"false\" data-shownavigation=\"true\" data-hoverzoomin=\"false\" data-hoverzoominimageonly=\"true\" data-hoverzoominimagecenter=\"false\" data-hoverfade=\"false\" data-responsive=\"true\" data-mediumscreen=\"true\" data-smallscreen=\"true\" data-showtitle=\"true\" data-showtexttitle=\"true\" data-showtextdescription=\"false\" data-showtextbutton=\"true\" data-lightboxnogroup=\"false\" data-lightboxshowtitle=\"true\" data-lightboxshowdescription=\"false\" data-lightboxresponsive=\"true\" data-circularimage=\"false\" data-firstimage=\"false\" data-textinsidespace=\"false\" data-thumbwidth=\"90\" data-thumbheight=\"60\" data-thumbtopmargin=\"12\" data-thumbbottommargin=\"4\" data-barheight=\"64\" data-titlebottomcss=\"{color:#333; font-size:14px; font-family:Armata,sans-serif,Arial; overflow:hidden; text-align:left;}\" data-descriptionbottomcss=\"{color:#333; font-size:12px; font-family:Arial,Helvetica,sans-serif; overflow:hidden; text-align:left; margin:4px 0px 0px; padding: 0px;}\" data-googleanalyticsaccount=\"\" data-gap=\"4\" data-margin=\"10\" data-borderradius=\"0\" data-hoverzoominvalue=\"0\" data-hoverzoominduration=\"1000\" data-hoverzoominimagescale=\"1.01\" data-hoverzoominimageduration=\"360\" data-hoverfadeopacity=\"0.8\" data-hoverfadeduration=\"300\" data-videoplaybutton=\"playvideo-64-64-0.png\" data-column=\"3\" data-mediumcolumn=\"2\" data-mediumscreensize=\"800\" data-smallcolumn=\"1\" data-smallscreensize=\"600\" data-titlemode=\"always\" data-titleeffect=\"fade\" data-titleeffectduration=\"500\" data-titleheight=\"0\" data-jsfolder=\"https:\/\/ground.geophysicsgpr.com\/wp-content\/plugins\/wonderplugin-gridgallery\/engine\/\" data-skinsfoldername=\"skins\/default\/\" style=\"display:none;position:relative;margin:0 auto;width:100%;max-width:1328px;\" ><div class=\"wonderplugin-gridgallery-list\" style=\"display:block;position:relative;max-width:100%;margin:0 auto;\"><div class=\"wonderplugin-gridgallery-item\" data-row=\"1\" data-col=\"1\"><div class=\"wonderplugin-gridgallery-item-container\"><a href=\"http:\/\/ground.geophysicsgpr.com\/fr\/applications\/etudes-geologiques-et-geotechniques\/profilage-des-sols-et-du-roc\/\" title=\"Profilage des sols et du roc\" data-description=\"Cartographier et identifier les caract\u00e9ristiques du substrat rocheux sous un vaste \u00e9ventail de conditions de terrain.\" data-button=\"<a href=&quot;http:\/\/ground.geophysicsgpr.com\/fr\/applications\/etudes-geologiques-et-geotechniques\/profilage-des-sols-et-du-roc\/&quot;><button class=&quot;wpp-btn-blue-medium&quot;>En savoir plus<\/button><\/a>\"><img decoding=\"async\" class=\"wonderplugin-gridgallery-item-img\" src=\"http:\/\/ground.geophysicsgpr.com\/wp-content\/uploads\/sites\/7\/2015\/08\/Applications_Geological_Overburden.jpg\" \/><\/a><\/div><\/div><div class=\"wonderplugin-gridgallery-item\" data-row=\"1\" data-col=\"1\"><div class=\"wonderplugin-gridgallery-item-container\"><a href=\"http:\/\/ground.geophysicsgpr.com\/fr\/applications\/etudes-geologiques-et-geotechniques\/categorie-demplacements-vs30\/\" title=\"Cat\u00e9gorie d\u2019emplacements (V\u0304S30)\" data-description=\"Exigence requise par le code du b\u00e2timent, bas\u00e9e sur la vitesse moyenne des ondes de cisaillement dans les 30 m\u00e8tres superficiels (V\u0304S30)\" data-button=\"<a href=&quot;http:\/\/ground.geophysicsgpr.com\/fr\/applications\/etudes-geologiques-et-geotechniques\/categorie-demplacements-vs30\/&quot;><button class=&quot;wpp-btn-blue-medium&quot;>En savoir plus<\/button><\/a>\"><img decoding=\"async\" class=\"wonderplugin-gridgallery-item-img\" src=\"http:\/\/ground.geophysicsgpr.com\/wp-content\/uploads\/sites\/7\/2015\/08\/Applications_Geological_Seismic_site_class.jpg\" \/><\/a><\/div><\/div><div class=\"wonderplugin-gridgallery-item\" data-row=\"1\" data-col=\"1\"><div class=\"wonderplugin-gridgallery-item-container\"><a href=\"http:\/\/ground.geophysicsgpr.com\/fr\/applications\/etudes-geologiques-et-geotechniques\/proprietes-geologiques-et-geotechniques\/\" title=\"Propri\u00e9t\u00e9s g\u00e9ologiques et g\u00e9otechniques\" data-description=\"Chacune des m\u00e9thodes g\u00e9ophysiques d'investigation oriente le choix de la meilleure technique \u00e0 utiliser.\" data-button=\"<a href=&quot;http:\/\/ground.geophysicsgpr.com\/fr\/applications\/etudes-geologiques-et-geotechniques\/proprietes-geologiques-et-geotechniques\/&quot;><button class=&quot;wpp-btn-blue-medium&quot;>En savoir plus<\/button><\/a>\"><img decoding=\"async\" class=\"wonderplugin-gridgallery-item-img\" src=\"http:\/\/ground.geophysicsgpr.com\/wp-content\/uploads\/sites\/7\/2015\/08\/Applications_Geological_Soil_and_Rock.jpg\" \/><\/a><\/div><\/div><div class=\"wonderplugin-gridgallery-item\" data-row=\"1\" data-col=\"1\"><div class=\"wonderplugin-gridgallery-item-container\"><a href=\"http:\/\/ground.geophysicsgpr.com\/fr\/applications\/etudes-geologiques-et-geotechniques\/cartographie-de-karsts-de-vides-et-daffaissements-des-sols\/\" title=\"Cartographie de karsts, de vides et d\u2019affaissements des sols\" data-description=\"Cartographie des zones d'affaissement, de vides dans les sols, et de cavit\u00e9s karstiques.\" data-button=\"<a href=&quot;http:\/\/ground.geophysicsgpr.com\/fr\/applications\/etudes-geologiques-et-geotechniques\/cartographie-de-karsts-de-vides-et-daffaissements-des-sols\/&quot;><button class=&quot;wpp-btn-blue-medium&quot;>En savoir plus<\/button><\/a>\"><img decoding=\"async\" class=\"wonderplugin-gridgallery-item-img\" src=\"http:\/\/ground.geophysicsgpr.com\/wp-content\/uploads\/sites\/7\/2015\/07\/Ground_Applications_Karst.jpg\" \/><\/a><\/div><\/div><div style=\"clear:both;\"><\/div><\/div><div class=\"wonderplugin-gridgallery-engine\"><a href=\"http:\/\/www.wonderplugin.com\/wordpress-gridgallery\/\" title=\"WordPress Grid Gallery Plugin\">WordPress Grid Gallery Plugin<\/a><\/div><\/div><\/p>\n<\/div><\/div><\/div><\/div><\/div>","protected":false},"excerpt":{"rendered":"<p>Les \u00e9tudes g\u00e9ologiques et g\u00e9otechniques sont\u00a0des op\u00e9rations dont d\u00e9pend en grande partie la qualit\u00e9 de l\u2019ouvrage projet\u00e9.Sa d\u00e9marche g\u00e9n\u00e9rale consiste d\u2019abord \u00e0 caract\u00e9riser le sol afin de pouvoir proposer des solutions pratiques \u00e0 la r\u00e9alisation de l\u2019ouvrage. Son but est de fournir aux diff\u00e9rents intervenants d\u2019un projet tels que les ing\u00e9nieurs, les architectes, les entrepreneurs,&#8230;  <a href=\"https:\/\/ground.geophysicsgpr.com\/fr\/applications-geophysique-terrestre\/etudes-geologiques-et-geotechniques\" class=\"more-link\" title=\"Read \u00c9tudes g\u00e9ologiques et g\u00e9otechniques\">Read more &raquo;<\/a><\/p>\n","protected":false},"author":1,"featured_media":1118,"parent":707,"menu_order":0,"comment_status":"closed","ping_status":"closed","template":"page-full-width.php","meta":{"content-type":"","footnotes":""},"class_list":["post-903","page","type-page","status-publish","has-post-thumbnail","hentry"],"_links":{"self":[{"href":"https:\/\/ground.geophysicsgpr.com\/fr\/wp-json\/wp\/v2\/pages\/903","targetHints":{"allow":["GET"]}}],"collection":[{"href":"https:\/\/ground.geophysicsgpr.com\/fr\/wp-json\/wp\/v2\/pages"}],"about":[{"href":"https:\/\/ground.geophysicsgpr.com\/fr\/wp-json\/wp\/v2\/types\/page"}],"author":[{"embeddable":true,"href":"https:\/\/ground.geophysicsgpr.com\/fr\/wp-json\/wp\/v2\/users\/1"}],"replies":[{"embeddable":true,"href":"https:\/\/ground.geophysicsgpr.com\/fr\/wp-json\/wp\/v2\/comments?post=903"}],"version-history":[{"count":0,"href":"https:\/\/ground.geophysicsgpr.com\/fr\/wp-json\/wp\/v2\/pages\/903\/revisions"}],"up":[{"embeddable":true,"href":"https:\/\/ground.geophysicsgpr.com\/fr\/wp-json\/wp\/v2\/pages\/707"}],"wp:featuredmedia":[{"embeddable":true,"href":"https:\/\/ground.geophysicsgpr.com\/fr\/wp-json\/wp\/v2\/media\/1118"}],"wp:attachment":[{"href":"https:\/\/ground.geophysicsgpr.com\/fr\/wp-json\/wp\/v2\/media?parent=903"}],"curies":[{"name":"wp","href":"https:\/\/api.w.org\/{rel}","templated":true}]}}