{"id":916,"date":"2015-07-21T16:29:07","date_gmt":"2015-07-21T16:29:07","guid":{"rendered":"http:\/\/ground.geophysicsgpr.com\/?page_id=916"},"modified":"2020-06-16T12:26:26","modified_gmt":"2020-06-16T12:26:26","slug":"classification-sismique","status":"publish","type":"page","link":"https:\/\/ground.geophysicsgpr.com\/fr\/applications-geophysique-terrestre\/etudes-geologiques-et-geotechniques\/classification-sismique","title":{"rendered":"Mesure des vitesses de cisaillement par MASW \u2013 Valeur v\u0304<sub>S30<\/sub> \u2013 Cat\u00e9gorie sismique de site"},"content":{"rendered":"<div id=\"pl-916\"  class=\"panel-layout\" ><div id=\"pg-916-0\"  class=\"panel-grid panel-no-style\" ><div id=\"pgc-916-0-0\"  class=\"panel-grid-cell\" ><div id=\"panel-916-0-0-0\" class=\"so-panel widget widget_sow-editor panel-first-child\" data-index=\"0\" ><div class=\"texte-home-right article panel-widget-style panel-widget-style-for-916-0-0-0\" ><div\n\t\t\t\n\t\t\tclass=\"so-widget-sow-editor so-widget-sow-editor-base\"\n\t\t\t\n\t\t>\n<div class=\"siteorigin-widget-tinymce textwidget\">\n\t<p class=\"p1\">G\u00e9ophysique GPR offre une large <strong>gamme de m\u00e9thodes g\u00e9ophysiques pour d\u00e9terminer la cat\u00e9gorie sismique de site (V\u0304<sub>s30<\/sub>) selon les exigences du Code national du b\u00e2timent, de m\u00eame que pour les mesures des vitesses de l\u2019onde sismique de cisaillement<\/strong>.<\/p>\n<h2 class=\"h2resize\">Au cours des 15 derni\u00e8res ann\u00e9es, GPR a d\u00e9velopp\u00e9 une expertise in\u00e9gal\u00e9e dans la classification sismique de site, couvrant des milliers de sites avec des conditions diff\u00e9rentes dans tout l\u2019est du Canada. Avec l\u2019aide d\u2019outils logiciels d\u2019interpr\u00e9tation sp\u00e9cialis\u00e9s, nos experts produisent des r\u00e9sultats de V\u0304<sub>s30<\/sub> fiables et rapides.<\/h2>\n<p>&nbsp;<\/p>\n<p class=\"p1\">Les contraintes propres \u00e0 chaque site, les contextes g\u00e9ologique et g\u00e9otechnique, les exigences du projet et les principes g\u00e9ophysiques sur lesquels sont bas\u00e9s chaque m\u00e9thode dictent le choix de la meilleure technique \u00e0 utiliser.<\/p>\n<\/div>\n<\/div><\/div><\/div><div id=\"panel-916-0-0-1\" class=\"so-panel widget widget_sow-editor\" data-index=\"1\" ><div class=\"texte-home-right article newhomelist panel-widget-style panel-widget-style-for-916-0-0-1\" ><div\n\t\t\t\n\t\t\tclass=\"so-widget-sow-editor so-widget-sow-editor-base\"\n\t\t\t\n\t\t><h3 class=\"widget-title\">Les techniques courantes pour la mesure des vitesses de l\u2019onde de cisaillement sont :<\/h3>\n<div class=\"siteorigin-widget-tinymce textwidget\">\n\t<div style=\"background-color: #fa4c06; width: 200px; height: 8px;\"><\/div>\n<ul class=\"ul1\">\n<li class=\"li1\">Multi-channel Analysis of Surface Waves (MASW)<\/li>\n<li class=\"li1\">Extended Spatial Autocorrelation (ESPAC)<\/li>\n<li class=\"li1\">Analyse des modes superiors<\/li>\n<li class=\"li1\">Lev\u00e9s en forage \u00ab\u00a0Downhole\u00a0\u00bb<\/li>\n<li class=\"li1\">Lev\u00e9s en forage \u00ab\u00a0Cross-hole\u00a0\u00bb<\/li>\n<li class=\"li1\">Mesures directes de la vitesse de l\u2019onde de cisaillement<\/li>\n<\/ul>\n<\/div>\n<\/div><\/div><\/div><div id=\"panel-916-0-0-2\" class=\"so-panel widget widget_sow-editor panel-last-child\" data-index=\"2\" ><div class=\"texte-home-right article panel-widget-style panel-widget-style-for-916-0-0-2\" ><div\n\t\t\t\n\t\t\tclass=\"so-widget-sow-editor so-widget-sow-editor-base\"\n\t\t\t\n\t\t><h3 class=\"widget-title\">Pour toute requ\u00eate concernant les mesures de V\u0304s30 ou de la cat\u00e9gorie sismique d\u2019emplacement, contactez-nous ci-dessous ou appelez au 450.769.2400, poste 316.<\/h3>\n<div class=\"siteorigin-widget-tinymce textwidget\">\n\t\n<div class=\"wpcf7 no-js\" id=\"wpcf7-f3220-o1\" lang=\"en-US\" dir=\"ltr\" data-wpcf7-id=\"3220\">\n<div class=\"screen-reader-response\"><p role=\"status\" aria-live=\"polite\" aria-atomic=\"true\"><\/p> <ul><\/ul><\/div>\n<form action=\"\/fr\/wp-json\/wp\/v2\/pages\/916#wpcf7-f3220-o1\" method=\"post\" class=\"wpcf7-form init\" aria-label=\"Contact form\" novalidate=\"novalidate\" data-status=\"init\">\n<div style=\"display: none;\">\n<input type=\"hidden\" name=\"_wpcf7\" value=\"3220\" \/>\n<input type=\"hidden\" name=\"_wpcf7_version\" value=\"6.0.6\" \/>\n<input type=\"hidden\" name=\"_wpcf7_locale\" value=\"en_US\" \/>\n<input type=\"hidden\" name=\"_wpcf7_unit_tag\" value=\"wpcf7-f3220-o1\" \/>\n<input type=\"hidden\" name=\"_wpcf7_container_post\" value=\"0\" \/>\n<input type=\"hidden\" name=\"_wpcf7_posted_data_hash\" value=\"\" \/>\n<input type=\"hidden\" name=\"_wpcf7_recaptcha_response\" value=\"\" \/>\n<\/div>\n<p><label> Nom (requis)<br \/>\n<span class=\"wpcf7-form-control-wrap\" data-name=\"your-name\"><input size=\"40\" maxlength=\"400\" class=\"wpcf7-form-control wpcf7-text wpcf7-validates-as-required\" aria-required=\"true\" aria-invalid=\"false\" value=\"\" type=\"text\" name=\"your-name\" \/><\/span> <\/label>\n<\/p>\n<p><label> Adresse courriel (requise)<br \/>\n<span class=\"wpcf7-form-control-wrap\" data-name=\"your-email\"><input size=\"40\" maxlength=\"400\" class=\"wpcf7-form-control wpcf7-email wpcf7-validates-as-required wpcf7-text wpcf7-validates-as-email\" aria-required=\"true\" aria-invalid=\"false\" value=\"\" type=\"email\" name=\"your-email\" \/><\/span> <\/label>\n<\/p>\n<p><label> Num\u00e9ro de t\u00e9l\u00e9phone (requis)<br \/>\n<span class=\"wpcf7-form-control-wrap\" data-name=\"your-phone\"><input size=\"40\" maxlength=\"400\" class=\"wpcf7-form-control wpcf7-text wpcf7-validates-as-required\" aria-required=\"true\" aria-invalid=\"false\" value=\"\" type=\"text\" name=\"your-phone\" \/><\/span> <\/label>\n<\/p>\n<p><label> Compagnie (requis)<br \/>\n<span class=\"wpcf7-form-control-wrap\" data-name=\"your-compagnie\"><input size=\"40\" maxlength=\"400\" class=\"wpcf7-form-control wpcf7-text wpcf7-validates-as-required\" aria-required=\"true\" aria-invalid=\"false\" value=\"\" type=\"text\" name=\"your-compagnie\" \/><\/span> <\/label>\n<\/p>\n<p><label> Sujet<br \/>\n<span class=\"wpcf7-form-control-wrap\" data-name=\"your-subject\"><input size=\"40\" maxlength=\"400\" class=\"wpcf7-form-control wpcf7-text\" aria-invalid=\"false\" value=\"\" type=\"text\" name=\"your-subject\" \/><\/span> <\/label>\n<\/p>\n<p><label> Message<br \/>\n<span class=\"wpcf7-form-control-wrap\" data-name=\"your-message\"><textarea cols=\"40\" rows=\"10\" maxlength=\"2000\" class=\"wpcf7-form-control wpcf7-textarea\" aria-invalid=\"false\" name=\"your-message\"><\/textarea><\/span> <\/label>\n<\/p>\n<p><input class=\"wpcf7-form-control wpcf7-submit has-spinner\" type=\"submit\" value=\"Envoyer\" \/>\n<\/p><div class=\"wpcf7-response-output\" aria-hidden=\"true\"><\/div>\n<\/form>\n<\/div>\n\n<\/div>\n<\/div><\/div><\/div><\/div><\/div><div id=\"pg-916-1\"  class=\"panel-grid panel-has-style\" ><div class=\"panel-row-style panel-row-style-for-916-1\" ><div id=\"pgc-916-1-0\"  class=\"panel-grid-cell\" ><div id=\"panel-916-1-0-0\" class=\"so-panel widget widget_sow-image panel-first-child panel-last-child\" data-index=\"3\" ><div class=\"panel-widget-style panel-widget-style-for-916-1-0-0\" ><div\n\t\t\t\n\t\t\tclass=\"so-widget-sow-image so-widget-sow-image-default-8b5b6f678277-916\"\n\t\t\t\n\t\t>\n<div class=\"sow-image-container\">\n\t\t<img loading=\"lazy\" decoding=\"async\" src=\"https:\/\/ground.geophysicsgpr.com\/wp-content\/uploads\/sites\/7\/2015\/07\/Ground_Applications_Geotech_seismic_site_2.png\" width=\"640\" height=\"212\" srcset=\"https:\/\/ground.geophysicsgpr.com\/wp-content\/uploads\/sites\/7\/2015\/07\/Ground_Applications_Geotech_seismic_site_2.png 640w, https:\/\/ground.geophysicsgpr.com\/wp-content\/uploads\/sites\/7\/2015\/07\/Ground_Applications_Geotech_seismic_site_2-300x99.png 300w\" sizes=\"auto, (max-width: 640px) 100vw, 640px\" title=\"Ground_Applications_Cat\u00e9gorie d&#039;emplacements\" alt=\"site classification\" \t\tclass=\"so-widget-image\"\/>\n\t<\/div>\n\n<\/div><\/div><\/div><\/div><div id=\"pgc-916-1-1\"  class=\"panel-grid-cell\" ><div id=\"panel-916-1-1-0\" class=\"so-panel widget widget_sow-image panel-first-child\" data-index=\"4\" ><div class=\"panel-widget-style panel-widget-style-for-916-1-1-0\" ><div\n\t\t\t\n\t\t\tclass=\"so-widget-sow-image so-widget-sow-image-default-8b5b6f678277-916\"\n\t\t\t\n\t\t>\n<div class=\"sow-image-container\">\n\t\t<img loading=\"lazy\" decoding=\"async\" src=\"https:\/\/ground.geophysicsgpr.com\/wp-content\/uploads\/sites\/7\/2015\/07\/resonance-geophysique-terrestre.jpg\" width=\"1224\" height=\"1632\" srcset=\"https:\/\/ground.geophysicsgpr.com\/wp-content\/uploads\/sites\/7\/2015\/07\/resonance-geophysique-terrestre.jpg 1224w, https:\/\/ground.geophysicsgpr.com\/wp-content\/uploads\/sites\/7\/2015\/07\/resonance-geophysique-terrestre-225x300.jpg 225w, https:\/\/ground.geophysicsgpr.com\/wp-content\/uploads\/sites\/7\/2015\/07\/resonance-geophysique-terrestre-768x1024.jpg 768w\" sizes=\"auto, (max-width: 1224px) 100vw, 1224px\" title=\"Technique de R\u00e9sonance\" alt=\"site classification\" \t\tclass=\"so-widget-image\"\/>\n\t<\/div>\n\n<\/div><\/div><\/div><div id=\"panel-916-1-1-1\" class=\"so-panel widget widget_sow-image panel-last-child\" data-index=\"5\" ><div class=\"panel-widget-style panel-widget-style-for-916-1-1-1\" ><div\n\t\t\t\n\t\t\tclass=\"so-widget-sow-image so-widget-sow-image-default-8b5b6f678277-916\"\n\t\t\t\n\t\t>\n<div class=\"sow-image-container\">\n\t\t<img loading=\"lazy\" decoding=\"async\" src=\"https:\/\/ground.geophysicsgpr.com\/wp-content\/uploads\/sites\/7\/2015\/07\/Ground_Applications_Geotech_seismic_site_1.jpg\" width=\"640\" height=\"480\" srcset=\"https:\/\/ground.geophysicsgpr.com\/wp-content\/uploads\/sites\/7\/2015\/07\/Ground_Applications_Geotech_seismic_site_1.jpg 640w, https:\/\/ground.geophysicsgpr.com\/wp-content\/uploads\/sites\/7\/2015\/07\/Ground_Applications_Geotech_seismic_site_1-300x225.jpg 300w\" sizes=\"auto, (max-width: 640px) 100vw, 640px\" title=\"Ground_Applications_Cat\u00e9gorie d&#039;emplacements\" alt=\"site classification\" \t\tclass=\"so-widget-image\"\/>\n\t<\/div>\n\n<\/div><\/div><\/div><\/div><\/div><\/div><\/div>","protected":false},"excerpt":{"rendered":"<p>G\u00e9ophysique GPR offre une large gamme de m\u00e9thodes g\u00e9ophysiques pour d\u00e9terminer la cat\u00e9gorie sismique de site (V\u0304s30) selon les exigences du Code national du b\u00e2timent, de m\u00eame que pour les mesures des vitesses de l\u2019onde sismique de cisaillement. Au cours des 15 derni\u00e8res ann\u00e9es, GPR a d\u00e9velopp\u00e9 une expertise in\u00e9gal\u00e9e dans la classification sismique de&#8230;  <a href=\"https:\/\/ground.geophysicsgpr.com\/fr\/applications-geophysique-terrestre\/etudes-geologiques-et-geotechniques\/classification-sismique\" class=\"more-link\" title=\"Read Mesure des vitesses de cisaillement par MASW \u2013 Valeur v\u0304<sub>S30<\/sub> \u2013 Cat\u00e9gorie sismique de site\u00a0\u00bb>Read more &raquo;<\/a><\/p>\n","protected":false},"author":1,"featured_media":3377,"parent":903,"menu_order":0,"comment_status":"closed","ping_status":"closed","template":"page-full-width.php","meta":{"content-type":"","footnotes":""},"class_list":["post-916","page","type-page","status-publish","has-post-thumbnail","hentry"],"_links":{"self":[{"href":"https:\/\/ground.geophysicsgpr.com\/fr\/wp-json\/wp\/v2\/pages\/916","targetHints":{"allow":["GET"]}}],"collection":[{"href":"https:\/\/ground.geophysicsgpr.com\/fr\/wp-json\/wp\/v2\/pages"}],"about":[{"href":"https:\/\/ground.geophysicsgpr.com\/fr\/wp-json\/wp\/v2\/types\/page"}],"author":[{"embeddable":true,"href":"https:\/\/ground.geophysicsgpr.com\/fr\/wp-json\/wp\/v2\/users\/1"}],"replies":[{"embeddable":true,"href":"https:\/\/ground.geophysicsgpr.com\/fr\/wp-json\/wp\/v2\/comments?post=916"}],"version-history":[{"count":7,"href":"https:\/\/ground.geophysicsgpr.com\/fr\/wp-json\/wp\/v2\/pages\/916\/revisions"}],"predecessor-version":[{"id":3412,"href":"https:\/\/ground.geophysicsgpr.com\/fr\/wp-json\/wp\/v2\/pages\/916\/revisions\/3412"}],"up":[{"embeddable":true,"href":"https:\/\/ground.geophysicsgpr.com\/fr\/wp-json\/wp\/v2\/pages\/903"}],"wp:featuredmedia":[{"embeddable":true,"href":"https:\/\/ground.geophysicsgpr.com\/fr\/wp-json\/wp\/v2\/media\/3377"}],"wp:attachment":[{"href":"https:\/\/ground.geophysicsgpr.com\/fr\/wp-json\/wp\/v2\/media?parent=916"}],"curies":[{"name":"wp","href":"https:\/\/api.w.org\/{rel}","templated":true}]}}