{"id":923,"date":"2015-07-21T16:31:48","date_gmt":"2015-07-21T16:31:48","guid":{"rendered":"http:\/\/ground.geophysicsgpr.com\/?page_id=923"},"modified":"2017-03-02T16:05:49","modified_gmt":"2017-03-02T16:05:49","slug":"proprietes-geologiques-et-geotechniques","status":"publish","type":"page","link":"https:\/\/ground.geophysicsgpr.com\/fr\/applications-geophysique-terrestre\/etudes-geologiques-et-geotechniques\/proprietes-geologiques-et-geotechniques","title":{"rendered":"Propri\u00e9t\u00e9s g\u00e9ologiques et g\u00e9otechniques"},"content":{"rendered":"<div id=\"pl-923\"  class=\"panel-layout\" ><div id=\"pg-923-0\"  class=\"panel-grid panel-no-style\" ><div id=\"pgc-923-0-0\"  class=\"panel-grid-cell\" ><div id=\"panel-923-0-0-0\" class=\"so-panel widget widget_sow-editor panel-first-child panel-last-child\" data-index=\"0\" ><div class=\"texte-home-right article panel-widget-style panel-widget-style-for-923-0-0-0\" ><div\n\t\t\t\n\t\t\tclass=\"so-widget-sow-editor so-widget-sow-editor-base\"\n\t\t\t\n\t\t>\n<div class=\"siteorigin-widget-tinymce textwidget\">\n\t<p>G\u00e9ophysique GPR propose une gamme de m\u00e9thodologies pour mesurer les\u00a0propri\u00e9t\u00e9s g\u00e9ologiques et g\u00e9otechniques in situ des sols et du roc. Les contraintes propres \u00e0 chaque site, les propri\u00e9t\u00e9s g\u00e9ologiques et g\u00e9otechniques, les exigences du projet et les principes g\u00e9ophysiques sur lesquels s'appuie chaque m\u00e9thode d'investigation orientent le choix de la meilleure technique \u00e0 utiliser.\u00a0<\/p>\n<p>La <strong>g\u00e9ologie<\/strong> est la science qui \u00e9tudie les diff\u00e9rentes structures de la Terre, dans le but de reconstituer son histoire par l'\u00e9tude de leur agencement. Elle analyse la composition chimique et les propri\u00e9t\u00e9s physiques de ses composantes formant la lithosph\u00e8re. <span class=\"tlf_cdefinition\">La <strong>g\u00e9ophysique<\/strong> est une combinaison de disciplines qui ont pour but de pr\u00e9ciser la structure et les propri\u00e9t\u00e9s de la Terre \u00e0 partir de mod\u00e8les et de formules de physique et de math\u00e9matiques.<\/span><\/p>\n<h3>La liste suivante pr\u00e9sente les diverses techniques que nous offrons pour la d\u00e9termination des propri\u00e9t\u00e9s g\u00e9ologiques \u00a0des sols et du roc incluant les modules \u00e9lastiques, le coefficient d'amortissement, les vitesses sismiques et les propri\u00e9t\u00e9s \u00e9lectriques :<\/h3>\n<ul>\n<li>Lev\u00e9 sismique en forage, \u00ab Down-hole \u00bb;<\/li>\n<li>Lev\u00e9 sismique en forages, \u00ab Cross-hole \u00bb;<\/li>\n<li>Analyse multimodale des ondes de surfaces (AMOS\/MASW);<\/li>\n<li>Diagraphie;<\/li>\n<li>Mesures de vitesses de cisaillement directes;<\/li>\n<li>Lev\u00e9 de r\u00e9sistivit\u00e9 \u00e9lectrique.<\/li>\n<\/ul>\n<p>\u00a0<\/p>\n<p>\u00a0<\/p>\n<p>Pour plus d'information, veuillez contacter notre <a href=\"mailto:daniel.campos@geophysicsgpr.com;jean-luc.arsenault@geophysicsgpr.com;claude.robillard@geophysicsgpr.com;info@geophysicsgpr.com\">\u00c9quipe de Lev\u00e9 Terrestre<\/a>.<\/p>\n<\/div>\n<\/div><\/div><\/div><\/div><\/div><div id=\"pg-923-1\"  class=\"panel-grid panel-no-style\" ><div id=\"pgc-923-1-0\"  class=\"panel-grid-cell\" ><div id=\"panel-923-1-0-0\" class=\"so-panel widget widget_sow-image panel-first-child panel-last-child\" data-index=\"1\" ><div class=\"panel-widget-style panel-widget-style-for-923-1-0-0\" ><div\n\t\t\t\n\t\t\tclass=\"so-widget-sow-image so-widget-sow-image-default-8b5b6f678277-923\"\n\t\t\t\n\t\t>\n<div class=\"sow-image-container\">\n\t\t<img loading=\"lazy\" decoding=\"async\" src=\"https:\/\/ground.geophysicsgpr.com\/wp-content\/uploads\/sites\/7\/2015\/07\/Ground_Applications_Geotech_soil-and-Rock_2.jpg\" width=\"240\" height=\"249\" sizes=\"auto, (max-width: 240px) 100vw, 240px\" title=\"Ground Applications Geotech soil and Rock\" alt=\"Propri\u00e9t\u00e9s g\u00e9ologiques et g\u00e9otechniques\" \t\tclass=\"so-widget-image\"\/>\n\t<\/div>\n\n<\/div><\/div><\/div><\/div><div id=\"pgc-923-1-1\"  class=\"panel-grid-cell\" ><div id=\"panel-923-1-1-0\" class=\"so-panel widget widget_sow-image panel-first-child panel-last-child\" data-index=\"2\" ><div class=\"panel-widget-style panel-widget-style-for-923-1-1-0\" ><div\n\t\t\t\n\t\t\tclass=\"so-widget-sow-image so-widget-sow-image-default-8b5b6f678277-923\"\n\t\t\t\n\t\t>\n<div class=\"sow-image-container\">\n\t\t<img loading=\"lazy\" decoding=\"async\" src=\"https:\/\/ground.geophysicsgpr.com\/wp-content\/uploads\/sites\/7\/2015\/07\/Ground_Application_rock-properties.jpg\" width=\"640\" height=\"425\" srcset=\"https:\/\/ground.geophysicsgpr.com\/wp-content\/uploads\/sites\/7\/2015\/07\/Ground_Application_rock-properties.jpg 640w, https:\/\/ground.geophysicsgpr.com\/wp-content\/uploads\/sites\/7\/2015\/07\/Ground_Application_rock-properties-300x199.jpg 300w, https:\/\/ground.geophysicsgpr.com\/wp-content\/uploads\/sites\/7\/2015\/07\/Ground_Application_rock-properties-272x182.jpg 272w\" sizes=\"auto, (max-width: 640px) 100vw, 640px\" title=\"Ground Application rock properties\" alt=\"Ground Application rock properties\" \t\tclass=\"so-widget-image\"\/>\n\t<\/div>\n\n<\/div><\/div><\/div><\/div><\/div><\/div>","protected":false},"excerpt":{"rendered":"<p>G\u00e9ophysique GPR propose une gamme de m\u00e9thodologies pour mesurer les\u00a0propri\u00e9t\u00e9s g\u00e9ologiques et g\u00e9otechniques in situ des sols et du roc. Les contraintes propres \u00e0 chaque site, les propri\u00e9t\u00e9s g\u00e9ologiques et g\u00e9otechniques, les exigences du projet et les principes g\u00e9ophysiques sur lesquels s&rsquo;appuie chaque m\u00e9thode d&rsquo;investigation orientent le choix de la meilleure technique \u00e0 utiliser.\u00a0La g\u00e9ologie&#8230;  <a href=\"https:\/\/ground.geophysicsgpr.com\/fr\/applications-geophysique-terrestre\/etudes-geologiques-et-geotechniques\/proprietes-geologiques-et-geotechniques\" class=\"more-link\" title=\"Read Propri\u00e9t\u00e9s g\u00e9ologiques et g\u00e9otechniques\">Read more &raquo;<\/a><\/p>\n","protected":false},"author":1,"featured_media":1118,"parent":903,"menu_order":0,"comment_status":"closed","ping_status":"closed","template":"page-full-width.php","meta":{"content-type":"","footnotes":""},"class_list":["post-923","page","type-page","status-publish","has-post-thumbnail","hentry"],"_links":{"self":[{"href":"https:\/\/ground.geophysicsgpr.com\/fr\/wp-json\/wp\/v2\/pages\/923","targetHints":{"allow":["GET"]}}],"collection":[{"href":"https:\/\/ground.geophysicsgpr.com\/fr\/wp-json\/wp\/v2\/pages"}],"about":[{"href":"https:\/\/ground.geophysicsgpr.com\/fr\/wp-json\/wp\/v2\/types\/page"}],"author":[{"embeddable":true,"href":"https:\/\/ground.geophysicsgpr.com\/fr\/wp-json\/wp\/v2\/users\/1"}],"replies":[{"embeddable":true,"href":"https:\/\/ground.geophysicsgpr.com\/fr\/wp-json\/wp\/v2\/comments?post=923"}],"version-history":[{"count":1,"href":"https:\/\/ground.geophysicsgpr.com\/fr\/wp-json\/wp\/v2\/pages\/923\/revisions"}],"predecessor-version":[{"id":3033,"href":"https:\/\/ground.geophysicsgpr.com\/fr\/wp-json\/wp\/v2\/pages\/923\/revisions\/3033"}],"up":[{"embeddable":true,"href":"https:\/\/ground.geophysicsgpr.com\/fr\/wp-json\/wp\/v2\/pages\/903"}],"wp:featuredmedia":[{"embeddable":true,"href":"https:\/\/ground.geophysicsgpr.com\/fr\/wp-json\/wp\/v2\/media\/1118"}],"wp:attachment":[{"href":"https:\/\/ground.geophysicsgpr.com\/fr\/wp-json\/wp\/v2\/media?parent=923"}],"curies":[{"name":"wp","href":"https:\/\/api.w.org\/{rel}","templated":true}]}}