{"id":937,"date":"2015-07-21T16:35:14","date_gmt":"2015-07-21T16:35:14","guid":{"rendered":"http:\/\/ground.geophysicsgpr.com\/?page_id=937"},"modified":"2015-11-14T01:21:29","modified_gmt":"2015-11-14T01:21:29","slug":"genie-civil-et-projets-dinfrastructures","status":"publish","type":"page","link":"https:\/\/ground.geophysicsgpr.com\/fr\/applications-geophysique-terrestre\/genie-civil-et-projets-dinfrastructures","title":{"rendered":"G\u00e9nie civil et projets d\u2019infrastructures"},"content":{"rendered":"<div id=\"pl-937\"  class=\"panel-layout\" ><div id=\"pg-937-0\"  class=\"panel-grid panel-has-style\" ><div class=\"texte-home-right article panel-row-style panel-row-style-for-937-0\" ><div id=\"pgc-937-0-0\"  class=\"panel-grid-cell\" ><div id=\"panel-937-0-0-0\" class=\"so-panel widget widget_sow-editor panel-first-child panel-last-child\" data-index=\"0\" ><div\n\t\t\t\n\t\t\tclass=\"so-widget-sow-editor so-widget-sow-editor-base\"\n\t\t\t\n\t\t>\n<div class=\"siteorigin-widget-tinymce textwidget\">\n\t<p>Les applications de g\u00e9ophysique terrestre relevant des domaines du g\u00e9nie civil et des projets d'infrastructures servent principalement \u00e0 caract\u00e9riser l'\u00e9tat de d\u00e9t\u00e9rioration des \u00e9l\u00e9ments en b\u00e9ton des infrastructures urbaines avec une haute r\u00e9solution ainsi que l'\u00e9tat de d\u00e9t\u00e9rioration des roches. Les m\u00e9thodes appliqu\u00e9es visent aussi \u00e0 mesurer les modules d'\u00e9lasticit\u00e9 m\u00e9canique du b\u00e9ton ou du roc et \u00e0 d\u00e9tecter des vides dans les structures en b\u00e9ton et dans les roches.<\/p>\n<h3>Les m\u00e9thodes g\u00e9ophysiques peuvent rapidement et efficacement localiser de mani\u00e8re pr\u00e9cise, et au besoin dans des zones difficiles d'acc\u00e8s, des anomalies dans le b\u00e9ton des infrastructures<\/h3>\n<p>Le g\u00e9oradar et les techniques sismiques fournissent des informations sur les vides \u00e0 l'int\u00e9rieur et derri\u00e8re la structure en b\u00e9ton des infrastructures, sur la qualit\u00e9 du b\u00e9ton, sur son \u00e9paisseur ainsi que sur les positions et les profondeurs des barres d'armature.<\/p>\n<p>\u00a0<\/p>\n<p>\u00a0<\/p>\n<p>Pour plus d'information, veuillez contacter notre <a href=\"mailto:daniel.campos@gprmtl.com;jean-luc.arsenault@gprmtl.com;claude.robillard@gprmtl.com;info@gprmtl.com\">\u00c9quipe de Lev\u00e9 Terrestre<\/a>.<\/p>\n<p>\u00a0<\/p>\n<\/div>\n<\/div><\/div><\/div><\/div><\/div><div id=\"pg-937-1\"  class=\"panel-grid panel-no-style\" ><div id=\"pgc-937-1-0\"  class=\"panel-grid-cell\" ><div id=\"panel-937-1-0-0\" class=\"so-panel widget widget_black-studio-tinymce widget_black_studio_tinymce panel-first-child panel-last-child\" data-index=\"1\" ><div class=\"textwidget\"><p><div id=\"wondergridgallerylightbox_options\" data-skinsfoldername=\"skins\/default\/\"  data-jsfolder=\"https:\/\/ground.geophysicsgpr.com\/wp-content\/plugins\/wonderplugin-gridgallery\/engine\/\" style=\"display:none;\"><\/div>\r\n<style type=\"text\/css\">.wpp-btn-blue-medium {     background: #fa4c06; }  .wpp-btn-blue-medium:hover {     color: #fff;     background: #fa4c06; }<\/style><style type=\"text\/css\">@import url(https:\/\/fonts.googleapis.com\/css?family=Open+Sans);  #wonderplugingridgallery-13 .wonderplugin-gridgallery-item-text {     text-align: center;     box-sizing: border-box;     -webkit-box-sizing: border-box;     -moz-box-sizing: border-box; }  #wonderplugingridgallery-13 .wonderplugin-gridgallery-item-title {     font-family: 'Open Sans', sans-serif;     font-size: 18px;     position: absolute;     left: 5px;     top: 5px;     width: 97.5%;     height: auto;     background-color: #fa4c06;     color: #fff;     padding: 12px 5px; }  #wonderplugingridgallery-13 .wonderplugin-gridgallery-item-description {     font-size: 12px; }  #wonderplugingridgallery-13 .wonderplugin-gridgallery-item-button {     position: absolute;     right: 20px;     bottom: 20px; }  #wonderplugingridgallery-13 .wonderplugin-gridgallery-item-container img:hover { }<\/style><div class=\"wonderplugingridgallery\" id=\"wonderplugingridgallery-13\" data-gridgalleryid=\"13\" data-width=\"440\" data-height=\"350\" data-skin=\"threecolumns\" data-random=\"false\" data-shownavigation=\"true\" data-hoverzoomin=\"false\" data-hoverzoominimageonly=\"true\" data-hoverzoominimagecenter=\"false\" data-hoverfade=\"false\" data-responsive=\"true\" data-mediumscreen=\"true\" data-smallscreen=\"true\" data-showtitle=\"true\" data-showtexttitle=\"true\" data-showtextdescription=\"false\" data-showtextbutton=\"true\" data-lightboxnogroup=\"false\" data-lightboxshowtitle=\"true\" data-lightboxshowdescription=\"false\" data-lightboxresponsive=\"true\" data-circularimage=\"false\" data-firstimage=\"false\" data-textinsidespace=\"false\" data-thumbwidth=\"90\" data-thumbheight=\"60\" data-thumbtopmargin=\"12\" data-thumbbottommargin=\"4\" data-barheight=\"64\" data-titlebottomcss=\"{color:#333; font-size:14px; font-family:Armata,sans-serif,Arial; overflow:hidden; text-align:left;}\" data-descriptionbottomcss=\"{color:#333; font-size:12px; font-family:Arial,Helvetica,sans-serif; overflow:hidden; text-align:left; margin:4px 0px 0px; padding: 0px;}\" data-googleanalyticsaccount=\"\" data-gap=\"4\" data-margin=\"10\" data-borderradius=\"0\" data-hoverzoominvalue=\"0\" data-hoverzoominduration=\"1000\" data-hoverzoominimagescale=\"1.01\" data-hoverzoominimageduration=\"360\" data-hoverfadeopacity=\"0.8\" data-hoverfadeduration=\"300\" data-videoplaybutton=\"playvideo-64-64-0.png\" data-column=\"3\" data-mediumcolumn=\"2\" data-mediumscreensize=\"800\" data-smallcolumn=\"1\" data-smallscreensize=\"600\" data-titlemode=\"always\" data-titleeffect=\"fade\" data-titleeffectduration=\"500\" data-titleheight=\"0\" data-jsfolder=\"https:\/\/ground.geophysicsgpr.com\/wp-content\/plugins\/wonderplugin-gridgallery\/engine\/\" data-skinsfoldername=\"skins\/default\/\" style=\"display:none;position:relative;margin:0 auto;width:100%;max-width:1328px;\" ><div class=\"wonderplugin-gridgallery-list\" style=\"display:block;position:relative;max-width:100%;margin:0 auto;\"><div class=\"wonderplugin-gridgallery-item\" data-row=\"1\" data-col=\"1\"><div class=\"wonderplugin-gridgallery-item-container\"><a href=\"http:\/\/ground.geophysicsgpr.com\/fr\/applications-geophysique-terrestre\/genie-civil-et-projets-dinfrastructures\/barrages\/\" title=\"Barrages\" data-description=\"Inspection du b\u00e9ton, cartographie des vides et \u00e9valuation de la qualit\u00e9 de la construction et de l'\u00e9tat des ouvrages.\" data-button=\"<a href=&quot;http:\/\/ground.geophysicsgpr.com\/fr\/applications-geophysique-terrestre\/genie-civil-et-projets-dinfrastructures\/barrages\/&quot;><button class=&quot;wpp-btn-blue-medium&quot;>En savoir plus<\/button><\/a>\"><img decoding=\"async\" class=\"wonderplugin-gridgallery-item-img\" src=\"http:\/\/ground.geophysicsgpr.com\/wp-content\/uploads\/sites\/7\/2015\/08\/Applications_Civil_Dams.jpg\" \/><\/a><\/div><\/div><div class=\"wonderplugin-gridgallery-item\" data-row=\"1\" data-col=\"1\"><div class=\"wonderplugin-gridgallery-item-container\"><a href=\"http:\/\/ground.geophysicsgpr.com\/fr\/applications-geophysique-terrestre\/genie-civil-et-projets-dinfrastructures\/routes-et-ponts\/\" title=\"Routes et ponts\" data-description=\"Lev\u00e9s g\u00e9ophysiques pour la conception et la r\u00e9habilitation de semelles et de cul\u00e9es de ponts.\" data-button=\"<a href=&quot;http:\/\/ground.geophysicsgpr.com\/fr\/applications-geophysique-terrestre\/genie-civil-et-projets-dinfrastructures\/routes-et-ponts\/&quot;><button class=&quot;wpp-btn-blue-medium&quot;>En savoir plus<\/button><\/a>\"><img decoding=\"async\" class=\"wonderplugin-gridgallery-item-img\" src=\"http:\/\/ground.geophysicsgpr.com\/wp-content\/uploads\/sites\/7\/2015\/08\/routes-et-ponts-768x1024.jpg\" \/><\/a><\/div><\/div><div class=\"wonderplugin-gridgallery-item\" data-row=\"1\" data-col=\"1\"><div class=\"wonderplugin-gridgallery-item-container\"><a href=\"http:\/\/ground.geophysicsgpr.com\/fr\/applications-geophysique-terrestre\/genie-civil-et-projets-dinfrastructures\/auscultation-de-structures-en-beton\/\" title=\"Auscultation de structures en b\u00e9ton\" data-description=\"Localisation des anomalies dans le b\u00e9ton de mani\u00e8re pr\u00e9cise dans des zones difficiles d'acc\u00e8s.\" data-button=\"<a href=&quot;http:\/\/ground.geophysicsgpr.com\/fr\/applications-geophysique-terrestre\/genie-civil-et-projets-dinfrastructures\/auscultation-de-structures-en-beton\/&quot;><button class=&quot;wpp-btn-blue-medium&quot;>En savoir plus<\/button><\/a>\"><img decoding=\"async\" class=\"wonderplugin-gridgallery-item-img\" src=\"http:\/\/ground.geophysicsgpr.com\/wp-content\/uploads\/sites\/7\/2015\/08\/Applications_Civil_Concrete.jpg\" \/><\/a><\/div><\/div><div class=\"wonderplugin-gridgallery-item\" data-row=\"1\" data-col=\"1\"><div class=\"wonderplugin-gridgallery-item-container\"><a href=\"http:\/\/ground.geophysicsgpr.com\/fr\/applications-geophysique-terrestre\/genie-civil-et-projets-dinfrastructures\/controle-de-vibrations\/\" title=\"Contr\u00f4le de vibrations\" data-description=\"Surveillance des vibrations et services d'analyse aux entrepreneurs pendant la construction.\" data-button=\"<a href=&quot;http:\/\/ground.geophysicsgpr.com\/fr\/applications-geophysique-terrestre\/genie-civil-et-projets-dinfrastructures\/controle-de-vibrations\/&quot;><button class=&quot;wpp-btn-blue-medium&quot;>En savoir plus<\/button><\/a>\"><img decoding=\"async\" class=\"wonderplugin-gridgallery-item-img\" src=\"http:\/\/ground.geophysicsgpr.com\/wp-content\/uploads\/sites\/7\/2015\/08\/Applications_Civil_Vibration.jpg\" \/><\/a><\/div><\/div><div class=\"wonderplugin-gridgallery-item\" data-row=\"1\" data-col=\"1\"><div class=\"wonderplugin-gridgallery-item-container\"><a href=\"http:\/\/ground.geophysicsgpr.com\/fr\/applications-geophysique-terrestre\/genie-civil-et-projets-dinfrastructures\/recherches-de-tunnels\/\" title=\"Recherche de tunnels\" data-description=\"Recherches de tunnels existants et des axes de tunnel projet\u00e9s.\" data-button=\"<a href=&quot;http:\/\/ground.geophysicsgpr.com\/fr\/applications-geophysique-terrestre\/genie-civil-et-projets-dinfrastructures\/recherches-de-tunnels\/&quot;><button class=&quot;wpp-btn-blue-medium&quot;>En savoir plus<\/button><\/a>\"><img decoding=\"async\" class=\"wonderplugin-gridgallery-item-img\" src=\"http:\/\/ground.geophysicsgpr.com\/wp-content\/uploads\/sites\/7\/2015\/08\/Applications_Civil_Tunnels.jpg\" \/><\/a><\/div><\/div><div class=\"wonderplugin-gridgallery-item\" data-row=\"1\" data-col=\"1\"><div class=\"wonderplugin-gridgallery-item-container\"><a href=\"http:\/\/ground.geophysicsgpr.com\/fr\/applications-geophysique-terrestre\/genie-civil-et-projets-dinfrastructures\/controle-de-cimentation\/\" title=\"Contr\u00f4le de cimentation\" data-description=\"Optimisation des fondations des structures de b\u00e9ton.\" data-button=\"<a href=&quot;http:\/\/ground.geophysicsgpr.com\/fr\/applications-geophysique-terrestre\/genie-civil-et-projets-dinfrastructures\/controle-de-cimentation\/&quot;><button class=&quot;wpp-btn-blue-medium&quot;>En savoir plus<\/button><\/a>\"><img decoding=\"async\" class=\"wonderplugin-gridgallery-item-img\" src=\"http:\/\/ground.geophysicsgpr.com\/wp-content\/uploads\/sites\/7\/2015\/08\/Applications_Civil_Grouting.jpg\" \/><\/a><\/div><\/div><div style=\"clear:both;\"><\/div><\/div><div class=\"wonderplugin-gridgallery-engine\"><a href=\"http:\/\/www.wonderplugin.com\/wordpress-gridgallery\/\" title=\"WordPress Grid Gallery Plugin\">WordPress Grid Gallery Plugin<\/a><\/div><\/div><\/p>\n<\/div><\/div><\/div><\/div><\/div>","protected":false},"excerpt":{"rendered":"<p>Les applications de g\u00e9ophysique terrestre relevant des domaines du g\u00e9nie civil et des projets d&rsquo;infrastructures servent principalement \u00e0 caract\u00e9riser l&rsquo;\u00e9tat de d\u00e9t\u00e9rioration des \u00e9l\u00e9ments en b\u00e9ton des infrastructures urbaines avec une haute r\u00e9solution ainsi que l&rsquo;\u00e9tat de d\u00e9t\u00e9rioration des roches. Les m\u00e9thodes appliqu\u00e9es visent aussi \u00e0 mesurer les modules d&rsquo;\u00e9lasticit\u00e9 m\u00e9canique du b\u00e9ton ou du&#8230;  <a href=\"https:\/\/ground.geophysicsgpr.com\/fr\/applications-geophysique-terrestre\/genie-civil-et-projets-dinfrastructures\" class=\"more-link\" title=\"Read G\u00e9nie civil et projets d\u2019infrastructures\">Read more &raquo;<\/a><\/p>\n","protected":false},"author":1,"featured_media":1118,"parent":707,"menu_order":0,"comment_status":"closed","ping_status":"closed","template":"page-full-width.php","meta":{"content-type":"","footnotes":""},"class_list":["post-937","page","type-page","status-publish","has-post-thumbnail","hentry"],"_links":{"self":[{"href":"https:\/\/ground.geophysicsgpr.com\/fr\/wp-json\/wp\/v2\/pages\/937","targetHints":{"allow":["GET"]}}],"collection":[{"href":"https:\/\/ground.geophysicsgpr.com\/fr\/wp-json\/wp\/v2\/pages"}],"about":[{"href":"https:\/\/ground.geophysicsgpr.com\/fr\/wp-json\/wp\/v2\/types\/page"}],"author":[{"embeddable":true,"href":"https:\/\/ground.geophysicsgpr.com\/fr\/wp-json\/wp\/v2\/users\/1"}],"replies":[{"embeddable":true,"href":"https:\/\/ground.geophysicsgpr.com\/fr\/wp-json\/wp\/v2\/comments?post=937"}],"version-history":[{"count":0,"href":"https:\/\/ground.geophysicsgpr.com\/fr\/wp-json\/wp\/v2\/pages\/937\/revisions"}],"up":[{"embeddable":true,"href":"https:\/\/ground.geophysicsgpr.com\/fr\/wp-json\/wp\/v2\/pages\/707"}],"wp:featuredmedia":[{"embeddable":true,"href":"https:\/\/ground.geophysicsgpr.com\/fr\/wp-json\/wp\/v2\/media\/1118"}],"wp:attachment":[{"href":"https:\/\/ground.geophysicsgpr.com\/fr\/wp-json\/wp\/v2\/media?parent=937"}],"curies":[{"name":"wp","href":"https:\/\/api.w.org\/{rel}","templated":true}]}}