{"id":959,"date":"2015-07-21T16:44:36","date_gmt":"2015-07-21T16:44:36","guid":{"rendered":"http:\/\/ground.geophysicsgpr.com\/?page_id=959"},"modified":"2015-11-14T01:24:16","modified_gmt":"2015-11-14T01:24:16","slug":"auscultation-de-structures-en-beton","status":"publish","type":"page","link":"https:\/\/ground.geophysicsgpr.com\/fr\/applications-geophysique-terrestre\/genie-civil-et-projets-dinfrastructures\/auscultation-de-structures-en-beton","title":{"rendered":"Auscultation de structures en b\u00e9ton"},"content":{"rendered":"<div id=\"pl-959\"  class=\"panel-layout\" ><div id=\"pg-959-0\"  class=\"panel-grid panel-no-style\" ><div id=\"pgc-959-0-0\"  class=\"panel-grid-cell\" ><div id=\"panel-959-0-0-0\" class=\"so-panel widget widget_sow-editor panel-first-child\" data-index=\"0\" ><div class=\"texte-home-right article panel-widget-style panel-widget-style-for-959-0-0-0\" ><div\n\t\t\t\n\t\t\tclass=\"so-widget-sow-editor so-widget-sow-editor-base\"\n\t\t\t\n\t\t>\n<div class=\"siteorigin-widget-tinymce textwidget\">\n\t<p>G\u00e9ophysique GPR est r\u00e9guli\u00e8rement mandat\u00e9 afin d'effectuer\u00a0l'auscultation de structures en b\u00e9ton.<\/p>\n<p>Les m\u00e9thodes g\u00e9ophysiques peuvent rapidement et efficacement localiser de mani\u00e8re pr\u00e9cise, et au besoin dans des zones difficiles d'acc\u00e8s, des anomalies dans le b\u00e9ton.<\/p>\n<p>Le g\u00e9oradar et les techniques sismiques fournissent des informations sur:<\/p>\n<ul>\n<li>Les vides \u00e0 l'int\u00e9rieur et derri\u00e8re la structure en b\u00e9ton;<\/li>\n<li>La qualit\u00e9 du b\u00e9ton;<\/li>\n<li>Son \u00e9paisseur;<\/li>\n<li>Les positions et profondeurs des barres d'armature.<\/li>\n<\/ul>\n<p>G\u00e9ophysique GPR utilise dor\u00e9navant un nouveau syst\u00e8me g\u00e9oradar automatis\u00e9 pour l'auscultation des dalles et des murs de b\u00e9ton. La rapidit\u00e9 et la pr\u00e9cision du syst\u00e8me, ajout\u00e9es \u00e0 l'expertise de notre personnel, rendent efficace et \u00e9conomique la d\u00e9tection de conduits, d'armatures ou d'objets enfouis.<\/p>\n<p>Id\u00e9al pour:<\/p>\n<ul>\n<li>Localiser les conduits avant de percer;<\/li>\n<li>Conna\u00eetre la quantit\u00e9 d'armatures et la structure de soutien;<\/li>\n<\/ul>\n<p>\u00a0<\/p>\n<p>\u00a0<\/p>\n<p>Pour plus d'information, veuillez contacter notre <a href=\"mailto:daniel.campos@gprmtl.com;jean-luc.arsenault@gprmtl.com;claude.robillard@gprmtl.com;info@gprmtl.com\">\u00c9quipe de Lev\u00e9 Terrestre<\/a>.<\/p>\n<\/div>\n<\/div><\/div><\/div><div id=\"panel-959-0-0-1\" class=\"so-panel widget widget_sow-image panel-last-child\" data-index=\"1\" ><div class=\"panel-widget-style panel-widget-style-for-959-0-0-1\" ><div\n\t\t\t\n\t\t\tclass=\"so-widget-sow-image so-widget-sow-image-default-8b5b6f678277-959\"\n\t\t\t\n\t\t>\n<div class=\"sow-image-container\">\n\t\t<img loading=\"lazy\" decoding=\"async\" src=\"https:\/\/ground.geophysicsgpr.com\/wp-content\/uploads\/sites\/7\/2015\/07\/Ground_Applications_Concrete_radar.png\" width=\"680\" height=\"146\" srcset=\"https:\/\/ground.geophysicsgpr.com\/wp-content\/uploads\/sites\/7\/2015\/07\/Ground_Applications_Concrete_radar.png 680w, https:\/\/ground.geophysicsgpr.com\/wp-content\/uploads\/sites\/7\/2015\/07\/Ground_Applications_Concrete_radar-300x64.png 300w\" sizes=\"auto, (max-width: 680px) 100vw, 680px\" title=\"Ground_Applications_Concrete_radar\" alt=\"Auscultation de structures en b\u00e9ton\" \t\tclass=\"so-widget-image\"\/>\n\t<\/div>\n\n<\/div><\/div><\/div><\/div><div id=\"pgc-959-0-1\"  class=\"panel-grid-cell\" ><div id=\"panel-959-0-1-0\" class=\"so-panel widget widget_sow-image panel-first-child\" data-index=\"2\" ><div class=\"panel-widget-style panel-widget-style-for-959-0-1-0\" ><div\n\t\t\t\n\t\t\tclass=\"so-widget-sow-image so-widget-sow-image-default-8b5b6f678277-959\"\n\t\t\t\n\t\t>\n<div class=\"sow-image-container\">\n\t\t<img loading=\"lazy\" decoding=\"async\" src=\"https:\/\/ground.geophysicsgpr.com\/wp-content\/uploads\/sites\/7\/2015\/07\/Ground_Applications_Civil_Concrete_2024.jpg\" width=\"225\" height=\"300\" sizes=\"auto, (max-width: 225px) 100vw, 225px\" title=\"Ground_Applications_Civil_Concrete_2024\" alt=\"Auscultation de structures en b\u00e9ton\" \t\tclass=\"so-widget-image\"\/>\n\t<\/div>\n\n<\/div><\/div><\/div><div id=\"panel-959-0-1-1\" class=\"so-panel widget widget_sow-image panel-last-child\" data-index=\"3\" ><div class=\"panel-widget-style panel-widget-style-for-959-0-1-1\" ><div\n\t\t\t\n\t\t\tclass=\"so-widget-sow-image so-widget-sow-image-default-8b5b6f678277-959\"\n\t\t\t\n\t\t>\n<div class=\"sow-image-container\">\n\t\t<img loading=\"lazy\" decoding=\"async\" src=\"https:\/\/ground.geophysicsgpr.com\/wp-content\/uploads\/sites\/7\/2015\/07\/Ground_Applications_Civil_Concrete_Tomo-e1446838178633.jpg\" width=\"205\" height=\"260\" sizes=\"auto, (max-width: 205px) 100vw, 205px\" title=\"Ground_Applications_Civil_Concrete_2024\" alt=\"Auscultation de structures en b\u00e9ton\" \t\tclass=\"so-widget-image\"\/>\n\t<\/div>\n\n<\/div><\/div><\/div><\/div><\/div><\/div>","protected":false},"excerpt":{"rendered":"<p>G\u00e9ophysique GPR est r\u00e9guli\u00e8rement mandat\u00e9 afin d&rsquo;effectuer\u00a0l&rsquo;auscultation de structures en b\u00e9ton.Les m\u00e9thodes g\u00e9ophysiques peuvent rapidement et efficacement localiser de mani\u00e8re pr\u00e9cise, et au besoin dans des zones difficiles d&rsquo;acc\u00e8s, des anomalies dans le b\u00e9ton.Le g\u00e9oradar et les techniques sismiques fournissent des informations sur:Les vides \u00e0 l&rsquo;int\u00e9rieur et derri\u00e8re la structure en b\u00e9ton;La qualit\u00e9 du b\u00e9ton;Son&#8230;  <a href=\"https:\/\/ground.geophysicsgpr.com\/fr\/applications-geophysique-terrestre\/genie-civil-et-projets-dinfrastructures\/auscultation-de-structures-en-beton\" class=\"more-link\" title=\"Read Auscultation de structures en b\u00e9ton\">Read more &raquo;<\/a><\/p>\n","protected":false},"author":1,"featured_media":1118,"parent":937,"menu_order":0,"comment_status":"closed","ping_status":"closed","template":"page-full-width.php","meta":{"content-type":"","footnotes":""},"class_list":["post-959","page","type-page","status-publish","has-post-thumbnail","hentry"],"_links":{"self":[{"href":"https:\/\/ground.geophysicsgpr.com\/fr\/wp-json\/wp\/v2\/pages\/959","targetHints":{"allow":["GET"]}}],"collection":[{"href":"https:\/\/ground.geophysicsgpr.com\/fr\/wp-json\/wp\/v2\/pages"}],"about":[{"href":"https:\/\/ground.geophysicsgpr.com\/fr\/wp-json\/wp\/v2\/types\/page"}],"author":[{"embeddable":true,"href":"https:\/\/ground.geophysicsgpr.com\/fr\/wp-json\/wp\/v2\/users\/1"}],"replies":[{"embeddable":true,"href":"https:\/\/ground.geophysicsgpr.com\/fr\/wp-json\/wp\/v2\/comments?post=959"}],"version-history":[{"count":0,"href":"https:\/\/ground.geophysicsgpr.com\/fr\/wp-json\/wp\/v2\/pages\/959\/revisions"}],"up":[{"embeddable":true,"href":"https:\/\/ground.geophysicsgpr.com\/fr\/wp-json\/wp\/v2\/pages\/937"}],"wp:featuredmedia":[{"embeddable":true,"href":"https:\/\/ground.geophysicsgpr.com\/fr\/wp-json\/wp\/v2\/media\/1118"}],"wp:attachment":[{"href":"https:\/\/ground.geophysicsgpr.com\/fr\/wp-json\/wp\/v2\/media?parent=959"}],"curies":[{"name":"wp","href":"https:\/\/api.w.org\/{rel}","templated":true}]}}