{"id":966,"date":"2015-07-21T16:45:43","date_gmt":"2015-07-21T16:45:43","guid":{"rendered":"http:\/\/ground.geophysicsgpr.com\/?page_id=966"},"modified":"2020-06-16T14:19:19","modified_gmt":"2020-06-16T14:19:19","slug":"monitoring-de-vibrations-et-instrumentation-geotechnique","status":"publish","type":"page","link":"https:\/\/ground.geophysicsgpr.com\/fr\/applications-geophysique-terrestre\/genie-civil-et-projets-dinfrastructures\/monitoring-de-vibrations-et-instrumentation-geotechnique","title":{"rendered":"Monitoring de vibrations et instrumentation g\u00e9otechnique"},"content":{"rendered":"<div id=\"pl-966\"  class=\"panel-layout\" ><div id=\"pg-966-0\"  class=\"panel-grid panel-no-style\" ><div id=\"pgc-966-0-0\"  class=\"panel-grid-cell\" ><div id=\"panel-966-0-0-0\" class=\"so-panel widget widget_sow-editor panel-first-child\" data-index=\"0\" ><div class=\"texte-home-right article panel-widget-style panel-widget-style-for-966-0-0-0\" ><div\n\t\t\t\n\t\t\tclass=\"so-widget-sow-editor so-widget-sow-editor-base\"\n\t\t\t\n\t\t>\n<div class=\"siteorigin-widget-tinymce textwidget\">\n\t<p>G\u00e9ophysique GPR propose une large gamme de <strong>services de monitoring automatis\u00e9 et d'instrumentation g\u00e9otechnique<\/strong>. Nous vous fournissons les meilleurs instruments et plateformes de gestion de donn\u00e9es sur le march\u00e9 gr\u00e2ce \u00e0 notre partenariat avec <strong>Bartec Syscom, Vista Data Vision et Roctest<\/strong>.<\/p>\n<h2 class=\"h2resize\">Des petits chantiers de construction aux projets d'infrastructure majeurs, nos experts vous fourniront les meilleures solutions de surveillance pour r\u00e9pondre \u00e0 vos besoins.<\/h2>\n<\/div>\n<\/div><\/div><\/div><div id=\"panel-966-0-0-1\" class=\"so-panel widget widget_siteorigin-panels-builder\" data-index=\"1\" ><div class=\"panel-widget-style panel-widget-style-for-966-0-0-1\" ><div id=\"pl-w5ee3ee4ba218b\"  class=\"panel-layout\" ><div id=\"pg-w5ee3ee4ba218b-0\"  class=\"panel-grid panel-no-style\" ><div id=\"pgc-w5ee3ee4ba218b-0-0\"  class=\"panel-grid-cell\" ><div id=\"panel-w5ee3ee4ba218b-0-0-0\" class=\"so-panel widget widget_sow-editor panel-first-child panel-last-child\" data-index=\"0\" ><div class=\"texte-home-right article newhomelist panel-widget-style panel-widget-style-for-w5ee3ee4ba218b-0-0-0\" ><div\n\t\t\t\n\t\t\tclass=\"so-widget-sow-editor so-widget-sow-editor-base\"\n\t\t\t\n\t\t><h3 class=\"widget-title\">March\u00e9s et solutions<\/h3>\n<div class=\"siteorigin-widget-tinymce textwidget\">\n\t<div style=\"background-color: #fa4c06; width: 200px; height: 8px;\"><\/div>\n<ul>\n<li class=\"li1\">G\u00e9nie civil<\/li>\n<li class=\"li1\">Monitoring des vibrations, l'acc\u00e9l\u00e9ration et du bruit<\/li>\n<li class=\"li1\">Surveillance de dynamitage<\/li>\n<li class=\"li1\">Barrages<\/li>\n<li class=\"li1\">Instrumentation du b\u00e2timent et suivi des d\u00e9placements<\/li>\n<li class=\"li1\">BNP, GPL et p\u00e9trole et gaz<\/li>\n<\/ul>\n<\/div>\n<\/div><\/div><\/div><\/div><div id=\"pgc-w5ee3ee4ba218b-0-1\"  class=\"panel-grid-cell\" ><div id=\"panel-w5ee3ee4ba218b-0-1-0\" class=\"so-panel widget widget_sow-editor panel-first-child panel-last-child\" data-index=\"1\" ><div class=\"texte-home-right article newhomelist panel-widget-style panel-widget-style-for-w5ee3ee4ba218b-0-1-0\" ><div\n\t\t\t\n\t\t\tclass=\"so-widget-sow-editor so-widget-sow-editor-base\"\n\t\t\t\n\t\t><h3 class=\"widget-title\">Services<\/h3>\n<div class=\"siteorigin-widget-tinymce textwidget\">\n\t<div style=\"background-color: #fa4c06; width: 200px; height: 8px;\"><\/div>\n<ul>\n<li class=\"li1\">Pr\u00e9paration de devis techniques<\/li>\n<li class=\"li1\">Conception de syst\u00e8mes de monitoring<\/li>\n<li class=\"li1\">Installation, surveillance, formation et maintenance<\/li>\n<li class=\"li1\">Mise en place de plateformes de gestion de donn\u00e9es et h\u00e9bergement de donn\u00e9es<\/li>\n<li class=\"li1\">Analyse de donn\u00e9es et services de consultation<\/li>\n<li class=\"li1\">Calibration d\u2019instruments<\/li>\n<\/ul>\n<\/div>\n<\/div><\/div><\/div><\/div><\/div><\/div><\/div><\/div><div id=\"panel-966-0-0-2\" class=\"so-panel widget widget_sow-editor\" data-index=\"2\" ><div class=\"texte-home-right article panel-widget-style panel-widget-style-for-966-0-0-2\" ><div\n\t\t\t\n\t\t\tclass=\"so-widget-sow-editor so-widget-sow-editor-base\"\n\t\t\t\n\t\t><h3 class=\"widget-title\">Produits<\/h3>\n<div class=\"siteorigin-widget-tinymce textwidget\">\n\t<div style=\"background-color: #fa4c06; width: 200px; height: 8px; margin-bottom: 16px;\"><\/div>\n<p class=\"p1\"><strong>Bartec Syscom<\/strong> propose les meilleurs instruments de monitoring de vibrations sur le march\u00e9 actuel. Nos instruments combinent autonomie, durabilit\u00e9, acc\u00e8s \u00e0 distance, alarmes automatis\u00e9es et qualit\u00e9 des donn\u00e9es. Le ROCK de Syscom est le plus r\u00e9cent ajout \u00e0 notre gamme de produits. Il s'agit d'un instrument \u00e0 faible co\u00fbt et de haute qualit\u00e9 int\u00e9grant des technologies innovantes et \u00e9prouv\u00e9es et utilisant des composants \u00e0 tr\u00e8s faible consommation.<\/p>\n<p class=\"p1\"><strong>Pour en savoir plus sur le ROCK, rendez-vous sur sa page Web d\u00e9di\u00e9e: <a href=\"https:\/\/www.rock.geophysicsgpr.com\">www.rock.geophysicsgpr.com<\/a><\/strong><span class=\"Apple-converted-space\"><strong>\u00a0 <\/strong>\u00a0<\/span><\/p>\n<\/div>\n<\/div><\/div><\/div><div id=\"panel-966-0-0-3\" class=\"so-panel widget widget_sow-editor panel-last-child\" data-index=\"3\" ><div class=\"texte-home-right article panel-widget-style panel-widget-style-for-966-0-0-3\" ><div\n\t\t\t\n\t\t\tclass=\"so-widget-sow-editor so-widget-sow-editor-base\"\n\t\t\t\n\t\t><h3 class=\"widget-title\">Pour toute demande concernant nos services d\u2019instrumentation et de monitoring, contactez-nous ci-dessous ou au 450.769.2400 ext. 324<\/h3>\n<div class=\"siteorigin-widget-tinymce textwidget\">\n\t\n<div class=\"wpcf7 no-js\" id=\"wpcf7-f3220-o1\" lang=\"en-US\" dir=\"ltr\" data-wpcf7-id=\"3220\">\n<div class=\"screen-reader-response\"><p role=\"status\" aria-live=\"polite\" aria-atomic=\"true\"><\/p> <ul><\/ul><\/div>\n<form action=\"\/fr\/wp-json\/wp\/v2\/pages\/966#wpcf7-f3220-o1\" method=\"post\" class=\"wpcf7-form init\" aria-label=\"Contact form\" novalidate=\"novalidate\" data-status=\"init\">\n<div style=\"display: none;\">\n<input type=\"hidden\" name=\"_wpcf7\" value=\"3220\" \/>\n<input type=\"hidden\" name=\"_wpcf7_version\" value=\"6.0.6\" \/>\n<input type=\"hidden\" name=\"_wpcf7_locale\" value=\"en_US\" \/>\n<input type=\"hidden\" name=\"_wpcf7_unit_tag\" value=\"wpcf7-f3220-o1\" \/>\n<input type=\"hidden\" name=\"_wpcf7_container_post\" value=\"0\" \/>\n<input type=\"hidden\" name=\"_wpcf7_posted_data_hash\" value=\"\" \/>\n<input type=\"hidden\" name=\"_wpcf7_recaptcha_response\" value=\"\" \/>\n<\/div>\n<p><label> Nom (requis)<br \/>\n<span class=\"wpcf7-form-control-wrap\" data-name=\"your-name\"><input size=\"40\" maxlength=\"400\" class=\"wpcf7-form-control wpcf7-text wpcf7-validates-as-required\" aria-required=\"true\" aria-invalid=\"false\" value=\"\" type=\"text\" name=\"your-name\" \/><\/span> <\/label>\n<\/p>\n<p><label> Adresse courriel (requise)<br \/>\n<span class=\"wpcf7-form-control-wrap\" data-name=\"your-email\"><input size=\"40\" maxlength=\"400\" class=\"wpcf7-form-control wpcf7-email wpcf7-validates-as-required wpcf7-text wpcf7-validates-as-email\" aria-required=\"true\" aria-invalid=\"false\" value=\"\" type=\"email\" name=\"your-email\" \/><\/span> <\/label>\n<\/p>\n<p><label> Num\u00e9ro de t\u00e9l\u00e9phone (requis)<br \/>\n<span class=\"wpcf7-form-control-wrap\" data-name=\"your-phone\"><input size=\"40\" maxlength=\"400\" class=\"wpcf7-form-control wpcf7-text wpcf7-validates-as-required\" aria-required=\"true\" aria-invalid=\"false\" value=\"\" type=\"text\" name=\"your-phone\" \/><\/span> <\/label>\n<\/p>\n<p><label> Compagnie (requis)<br \/>\n<span class=\"wpcf7-form-control-wrap\" data-name=\"your-compagnie\"><input size=\"40\" maxlength=\"400\" class=\"wpcf7-form-control wpcf7-text wpcf7-validates-as-required\" aria-required=\"true\" aria-invalid=\"false\" value=\"\" type=\"text\" name=\"your-compagnie\" \/><\/span> <\/label>\n<\/p>\n<p><label> Sujet<br \/>\n<span class=\"wpcf7-form-control-wrap\" data-name=\"your-subject\"><input size=\"40\" maxlength=\"400\" class=\"wpcf7-form-control wpcf7-text\" aria-invalid=\"false\" value=\"\" type=\"text\" name=\"your-subject\" \/><\/span> <\/label>\n<\/p>\n<p><label> Message<br \/>\n<span class=\"wpcf7-form-control-wrap\" data-name=\"your-message\"><textarea cols=\"40\" rows=\"10\" maxlength=\"2000\" class=\"wpcf7-form-control wpcf7-textarea\" aria-invalid=\"false\" name=\"your-message\"><\/textarea><\/span> <\/label>\n<\/p>\n<p><input class=\"wpcf7-form-control wpcf7-submit has-spinner\" type=\"submit\" value=\"Envoyer\" \/>\n<\/p><div class=\"wpcf7-response-output\" aria-hidden=\"true\"><\/div>\n<\/form>\n<\/div>\n\n<\/div>\n<\/div><\/div><\/div><\/div><\/div><div id=\"pg-966-1\"  class=\"panel-grid panel-has-style\" ><div class=\"panel-row-style panel-row-style-for-966-1\" ><div id=\"pgc-966-1-0\"  class=\"panel-grid-cell\" ><div id=\"panel-966-1-0-0\" class=\"so-panel widget widget_sow-image panel-first-child\" data-index=\"4\" ><div class=\"panel-widget-style panel-widget-style-for-966-1-0-0\" ><div\n\t\t\t\n\t\t\tclass=\"so-widget-sow-image so-widget-sow-image-default-8b5b6f678277-966\"\n\t\t\t\n\t\t>\n<div class=\"sow-image-container\">\n\t\t<img loading=\"lazy\" decoding=\"async\" src=\"https:\/\/ground.geophysicsgpr.com\/wp-content\/uploads\/sites\/7\/2015\/07\/DSCN5921.jpg\" width=\"4608\" height=\"3456\" srcset=\"https:\/\/ground.geophysicsgpr.com\/wp-content\/uploads\/sites\/7\/2015\/07\/DSCN5921.jpg 4608w, https:\/\/ground.geophysicsgpr.com\/wp-content\/uploads\/sites\/7\/2015\/07\/DSCN5921-300x225.jpg 300w, https:\/\/ground.geophysicsgpr.com\/wp-content\/uploads\/sites\/7\/2015\/07\/DSCN5921-1024x768.jpg 1024w\" sizes=\"auto, (max-width: 4608px) 100vw, 4608px\" alt=\"Contr\u00f4le de vibrations\" \t\tclass=\"so-widget-image\"\/>\n\t<\/div>\n\n<\/div><\/div><\/div><div id=\"panel-966-1-0-1\" class=\"so-panel widget widget_sow-image panel-last-child\" data-index=\"5\" ><div class=\"panel-widget-style panel-widget-style-for-966-1-0-1\" ><div\n\t\t\t\n\t\t\tclass=\"so-widget-sow-image so-widget-sow-image-default-8b5b6f678277-966\"\n\t\t\t\n\t\t>\n<div class=\"sow-image-container\">\n\t\t<img loading=\"lazy\" decoding=\"async\" src=\"https:\/\/ground.geophysicsgpr.com\/wp-content\/uploads\/sites\/7\/2015\/07\/DSCN0900.jpg\" width=\"4608\" height=\"3456\" srcset=\"https:\/\/ground.geophysicsgpr.com\/wp-content\/uploads\/sites\/7\/2015\/07\/DSCN0900.jpg 4608w, https:\/\/ground.geophysicsgpr.com\/wp-content\/uploads\/sites\/7\/2015\/07\/DSCN0900-300x225.jpg 300w, https:\/\/ground.geophysicsgpr.com\/wp-content\/uploads\/sites\/7\/2015\/07\/DSCN0900-1024x768.jpg 1024w\" sizes=\"auto, (max-width: 4608px) 100vw, 4608px\" alt=\"Contr\u00f4le de vibrations\" \t\tclass=\"so-widget-image\"\/>\n\t<\/div>\n\n<\/div><\/div><\/div><\/div><div id=\"pgc-966-1-1\"  class=\"panel-grid-cell\" ><div id=\"panel-966-1-1-0\" class=\"so-panel widget widget_sow-image panel-first-child\" data-index=\"6\" ><div class=\"panel-widget-style panel-widget-style-for-966-1-1-0\" ><div\n\t\t\t\n\t\t\tclass=\"so-widget-sow-image so-widget-sow-image-default-8b5b6f678277-966\"\n\t\t\t\n\t\t>\n<div class=\"sow-image-container\">\n\t\t<img loading=\"lazy\" decoding=\"async\" src=\"https:\/\/ground.geophysicsgpr.com\/wp-content\/uploads\/sites\/7\/2015\/07\/Ground_Applications_Noise-and-Vibrations__Quarries_2.jpg\" width=\"400\" height=\"300\" srcset=\"https:\/\/ground.geophysicsgpr.com\/wp-content\/uploads\/sites\/7\/2015\/07\/Ground_Applications_Noise-and-Vibrations__Quarries_2.jpg 400w, https:\/\/ground.geophysicsgpr.com\/wp-content\/uploads\/sites\/7\/2015\/07\/Ground_Applications_Noise-and-Vibrations__Quarries_2-300x225.jpg 300w\" sizes=\"auto, (max-width: 400px) 100vw, 400px\" title=\"Ground application controle de vibration\" alt=\"Contr\u00f4le de vibrations\" \t\tclass=\"so-widget-image\"\/>\n\t<\/div>\n\n<\/div><\/div><\/div><div id=\"panel-966-1-1-1\" class=\"so-panel widget widget_sow-image panel-last-child\" data-index=\"7\" ><div class=\"panel-widget-style panel-widget-style-for-966-1-1-1\" ><div\n\t\t\t\n\t\t\tclass=\"so-widget-sow-image so-widget-sow-image-default-8b5b6f678277-966\"\n\t\t\t\n\t\t>\n<div class=\"sow-image-container\">\n\t\t<img loading=\"lazy\" decoding=\"async\" src=\"https:\/\/ground.geophysicsgpr.com\/wp-content\/uploads\/sites\/7\/2015\/07\/Ground_vibration-monitoring_insert.jpg\" width=\"225\" height=\"169\" sizes=\"auto, (max-width: 225px) 100vw, 225px\" title=\"Ground vibration monitoring insert\" alt=\"Contr\u00f4le de vibrations\" \t\tclass=\"so-widget-image\"\/>\n\t<\/div>\n\n<\/div><\/div><\/div><\/div><\/div><\/div><\/div>","protected":false},"excerpt":{"rendered":"<p>G\u00e9ophysique GPR propose une large gamme de services de monitoring automatis\u00e9 et d&rsquo;instrumentation g\u00e9otechnique. Nous vous fournissons les meilleurs instruments et plateformes de gestion de donn\u00e9es sur le march\u00e9 gr\u00e2ce \u00e0 notre partenariat avec Bartec Syscom, Vista Data Vision et Roctest. Des petits chantiers de construction aux projets d&rsquo;infrastructure majeurs, nos experts vous fourniront les&#8230;  <a href=\"https:\/\/ground.geophysicsgpr.com\/fr\/applications-geophysique-terrestre\/genie-civil-et-projets-dinfrastructures\/monitoring-de-vibrations-et-instrumentation-geotechnique\" class=\"more-link\" title=\"Read Monitoring de vibrations et instrumentation g\u00e9otechnique\">Read more &raquo;<\/a><\/p>\n","protected":false},"author":1,"featured_media":3484,"parent":937,"menu_order":0,"comment_status":"closed","ping_status":"closed","template":"page-full-width.php","meta":{"content-type":"","footnotes":""},"class_list":["post-966","page","type-page","status-publish","has-post-thumbnail","hentry"],"_links":{"self":[{"href":"https:\/\/ground.geophysicsgpr.com\/fr\/wp-json\/wp\/v2\/pages\/966","targetHints":{"allow":["GET"]}}],"collection":[{"href":"https:\/\/ground.geophysicsgpr.com\/fr\/wp-json\/wp\/v2\/pages"}],"about":[{"href":"https:\/\/ground.geophysicsgpr.com\/fr\/wp-json\/wp\/v2\/types\/page"}],"author":[{"embeddable":true,"href":"https:\/\/ground.geophysicsgpr.com\/fr\/wp-json\/wp\/v2\/users\/1"}],"replies":[{"embeddable":true,"href":"https:\/\/ground.geophysicsgpr.com\/fr\/wp-json\/wp\/v2\/comments?post=966"}],"version-history":[{"count":54,"href":"https:\/\/ground.geophysicsgpr.com\/fr\/wp-json\/wp\/v2\/pages\/966\/revisions"}],"predecessor-version":[{"id":3376,"href":"https:\/\/ground.geophysicsgpr.com\/fr\/wp-json\/wp\/v2\/pages\/966\/revisions\/3376"}],"up":[{"embeddable":true,"href":"https:\/\/ground.geophysicsgpr.com\/fr\/wp-json\/wp\/v2\/pages\/937"}],"wp:featuredmedia":[{"embeddable":true,"href":"https:\/\/ground.geophysicsgpr.com\/fr\/wp-json\/wp\/v2\/media\/3484"}],"wp:attachment":[{"href":"https:\/\/ground.geophysicsgpr.com\/fr\/wp-json\/wp\/v2\/media?parent=966"}],"curies":[{"name":"wp","href":"https:\/\/api.w.org\/{rel}","templated":true}]}}