{"id":980,"date":"2015-07-21T16:50:06","date_gmt":"2015-07-21T16:50:06","guid":{"rendered":"http:\/\/ground.geophysicsgpr.com\/?page_id=980"},"modified":"2015-11-14T01:24:32","modified_gmt":"2015-11-14T01:24:32","slug":"controle-de-cimentation","status":"publish","type":"page","link":"https:\/\/ground.geophysicsgpr.com\/fr\/applications-geophysique-terrestre\/genie-civil-et-projets-dinfrastructures\/controle-de-cimentation","title":{"rendered":"Contr\u00f4le de cimentation"},"content":{"rendered":"<div id=\"pl-980\"  class=\"panel-layout\" ><div id=\"pg-980-0\"  class=\"panel-grid panel-no-style\" ><div id=\"pgc-980-0-0\"  class=\"panel-grid-cell\" ><div id=\"panel-980-0-0-0\" class=\"so-panel widget widget_sow-editor panel-first-child panel-last-child\" data-index=\"0\" ><div class=\"texte-home-right article panel-widget-style panel-widget-style-for-980-0-0-0\" ><div\n\t\t\t\n\t\t\tclass=\"so-widget-sow-editor so-widget-sow-editor-base\"\n\t\t\t\n\t\t>\n<div class=\"siteorigin-widget-tinymce textwidget\">\n\t<p>G\u00e9ophysique GPR a une grande expertise dans la surveillance des op\u00e9rations d'injection de b\u00e9ton.<\/p>\n<h2 class=\"h2resize\">Un contr\u00f4le de cimentation afin d'optimiser les fondations de la structure<\/h2>\n<p>Afin de planifier et de contr\u00f4ler des travaux d'injection de coulis, des lev\u00e9s de tomographie sismique peuvent \u00eatres r\u00e9alis\u00e9s. Les r\u00e9sultats des coupes tomographiques produites avant l'injection permettent d'orienter et d'optimiser les patrons d'injection. Les coupes tomographiques produites suite aux travaux permettent quant \u00e0 elles d'appr\u00e9cier si les r\u00e9fections sont conformes.<\/p>\n<p>Une \u00e9tude apr\u00e8s la r\u00e9fection permettra quant \u00e0 elle de valider l'efficacit\u00e9 de l'injection.<\/p>\n<p>G\u00e9ophysique GPR utilise dor\u00e9navant un nouveau syst\u00e8me g\u00e9oradar automatis\u00e9 pour l'auscultation des dalles et des murs de b\u00e9ton. La rapidit\u00e9 et la pr\u00e9cision du syst\u00e8me, ajout\u00e9es \u00e0 l'expertise de notre personnel, rendent efficace et \u00e9conomique la d\u00e9tection de conduits, d'armatures ou d'objets enfouis.<\/p>\n<p>Id\u00e9al pour :<\/p>\n<ul>\n<li>Localiser les conduits avant de percer;<\/li>\n<li>Conna\u00eetre la quantit\u00e9 d'armatures et la structure de soutien;<\/li>\n<li>D\u00e9tecter les cavit\u00e9s.<\/li>\n<\/ul>\n<p>\u00a0<\/p>\n<p>\u00a0<\/p>\n<p>Pour plus d'information, veuillez contacter notre <a href=\"mailto:daniel.campos@gprmtl.com;jean-luc.arsenault@gprmtl.com;claude.robillard@gprmtl.com;info@gprmtl.com\">\u00c9quipe de Lev\u00e9 Terrestre<\/a>.<\/p>\n<\/div>\n<\/div><\/div><\/div><\/div><\/div><div id=\"pg-980-1\"  class=\"panel-grid panel-no-style\" ><div id=\"pgc-980-1-0\"  class=\"panel-grid-cell\" ><div id=\"panel-980-1-0-0\" class=\"so-panel widget widget_sow-image panel-first-child panel-last-child\" data-index=\"1\" ><div class=\"panel-widget-style panel-widget-style-for-980-1-0-0\" ><div\n\t\t\t\n\t\t\tclass=\"so-widget-sow-image so-widget-sow-image-default-8b5b6f678277-980\"\n\t\t\t\n\t\t>\n<div class=\"sow-image-container\">\n\t\t<img loading=\"lazy\" decoding=\"async\" src=\"https:\/\/ground.geophysicsgpr.com\/wp-content\/uploads\/sites\/7\/2015\/07\/Ground_applications_grouting.jpg\" width=\"640\" height=\"463\" srcset=\"https:\/\/ground.geophysicsgpr.com\/wp-content\/uploads\/sites\/7\/2015\/07\/Ground_applications_grouting.jpg 640w, https:\/\/ground.geophysicsgpr.com\/wp-content\/uploads\/sites\/7\/2015\/07\/Ground_applications_grouting-300x217.jpg 300w\" sizes=\"auto, (max-width: 640px) 100vw, 640px\" title=\"Ground_applications_controle de cimentation\" alt=\"Contr\u00f4le de cimentation\" \t\tclass=\"so-widget-image\"\/>\n\t<\/div>\n\n<\/div><\/div><\/div><\/div><div id=\"pgc-980-1-1\"  class=\"panel-grid-cell\" ><div id=\"panel-980-1-1-0\" class=\"so-panel widget widget_sow-image panel-first-child\" data-index=\"2\" ><div class=\"panel-widget-style panel-widget-style-for-980-1-1-0\" ><div\n\t\t\t\n\t\t\tclass=\"so-widget-sow-image so-widget-sow-image-default-8b5b6f678277-980\"\n\t\t\t\n\t\t>\n<div class=\"sow-image-container\">\n\t\t<img loading=\"lazy\" decoding=\"async\" src=\"https:\/\/ground.geophysicsgpr.com\/wp-content\/uploads\/sites\/7\/2015\/07\/Ground_Applications_Grouting1.jpg\" width=\"155\" height=\"96\" sizes=\"auto, (max-width: 155px) 100vw, 155px\" title=\"Ground_applications_controle de cimentation\" alt=\"Contr\u00f4le de cimentation\" \t\tclass=\"so-widget-image\"\/>\n\t<\/div>\n\n<\/div><\/div><\/div><div id=\"panel-980-1-1-1\" class=\"so-panel widget widget_sow-image panel-last-child\" data-index=\"3\" ><div class=\"panel-widget-style panel-widget-style-for-980-1-1-1\" ><div\n\t\t\t\n\t\t\tclass=\"so-widget-sow-image so-widget-sow-image-default-8b5b6f678277-980\"\n\t\t\t\n\t\t>\n<div class=\"sow-image-container\">\n\t\t<img loading=\"lazy\" decoding=\"async\" src=\"https:\/\/ground.geophysicsgpr.com\/wp-content\/uploads\/sites\/7\/2015\/07\/Ground_Applications_Grouting2.jpg\" width=\"155\" height=\"137\" sizes=\"auto, (max-width: 155px) 100vw, 155px\" title=\"Ground_applications_controle de cimentation\" alt=\"Contr\u00f4le de cimentation\" \t\tclass=\"so-widget-image\"\/>\n\t<\/div>\n\n<\/div><\/div><\/div><\/div><\/div><\/div>","protected":false},"excerpt":{"rendered":"<p>G\u00e9ophysique GPR a une grande expertise dans la surveillance des op\u00e9rations d&rsquo;injection de b\u00e9ton.Un contr\u00f4le de cimentation afin d&rsquo;optimiser les fondations de la structureAfin de planifier et de contr\u00f4ler des travaux d&rsquo;injection de coulis, des lev\u00e9s de tomographie sismique peuvent \u00eatres r\u00e9alis\u00e9s. Les r\u00e9sultats des coupes tomographiques produites avant l&rsquo;injection permettent d&rsquo;orienter et d&rsquo;optimiser les&#8230;  <a href=\"https:\/\/ground.geophysicsgpr.com\/fr\/applications-geophysique-terrestre\/genie-civil-et-projets-dinfrastructures\/controle-de-cimentation\" class=\"more-link\" title=\"Read Contr\u00f4le de cimentation\">Read more &raquo;<\/a><\/p>\n","protected":false},"author":1,"featured_media":1118,"parent":937,"menu_order":0,"comment_status":"closed","ping_status":"closed","template":"page-full-width.php","meta":{"content-type":"","footnotes":""},"class_list":["post-980","page","type-page","status-publish","has-post-thumbnail","hentry"],"_links":{"self":[{"href":"https:\/\/ground.geophysicsgpr.com\/fr\/wp-json\/wp\/v2\/pages\/980","targetHints":{"allow":["GET"]}}],"collection":[{"href":"https:\/\/ground.geophysicsgpr.com\/fr\/wp-json\/wp\/v2\/pages"}],"about":[{"href":"https:\/\/ground.geophysicsgpr.com\/fr\/wp-json\/wp\/v2\/types\/page"}],"author":[{"embeddable":true,"href":"https:\/\/ground.geophysicsgpr.com\/fr\/wp-json\/wp\/v2\/users\/1"}],"replies":[{"embeddable":true,"href":"https:\/\/ground.geophysicsgpr.com\/fr\/wp-json\/wp\/v2\/comments?post=980"}],"version-history":[{"count":0,"href":"https:\/\/ground.geophysicsgpr.com\/fr\/wp-json\/wp\/v2\/pages\/980\/revisions"}],"up":[{"embeddable":true,"href":"https:\/\/ground.geophysicsgpr.com\/fr\/wp-json\/wp\/v2\/pages\/937"}],"wp:featuredmedia":[{"embeddable":true,"href":"https:\/\/ground.geophysicsgpr.com\/fr\/wp-json\/wp\/v2\/media\/1118"}],"wp:attachment":[{"href":"https:\/\/ground.geophysicsgpr.com\/fr\/wp-json\/wp\/v2\/media?parent=980"}],"curies":[{"name":"wp","href":"https:\/\/api.w.org\/{rel}","templated":true}]}}