{"id":994,"date":"2015-07-21T16:53:18","date_gmt":"2015-07-21T16:53:18","guid":{"rendered":"http:\/\/ground.geophysicsgpr.com\/?page_id=994"},"modified":"2015-11-14T01:25:40","modified_gmt":"2015-11-14T01:25:40","slug":"exploration-miniere","status":"publish","type":"page","link":"https:\/\/ground.geophysicsgpr.com\/fr\/applications-geophysique-terrestre\/exploration-miniere","title":{"rendered":"Exploration mini\u00e8re"},"content":{"rendered":"<div id=\"pl-994\"  class=\"panel-layout\" ><div id=\"pg-994-0\"  class=\"panel-grid panel-no-style\" ><div id=\"pgc-994-0-0\"  class=\"panel-grid-cell\" ><div id=\"panel-994-0-0-0\" class=\"so-panel widget widget_sow-editor panel-first-child panel-last-child\" data-index=\"0\" ><div class=\"texte-home-right article  panel-widget-style panel-widget-style-for-994-0-0-0\" ><div\n\t\t\t\n\t\t\tclass=\"so-widget-sow-editor so-widget-sow-editor-base\"\n\t\t\t\n\t\t>\n<div class=\"siteorigin-widget-tinymce textwidget\">\n\t<p>Au cours des 40 derni\u00e8res ann\u00e9es, G\u00e9ophysique GPR a r\u00e9alis\u00e9 plusieurs lev\u00e9s d'exploration mini\u00e8re pour de nombreux clients \u00e0 travers le monde.<\/p>\n<p>Parmi les services offerts, voici la liste des plus employ\u00e9s en exploration mini\u00e8re:<\/p>\n<ul>\n<li>Lev\u00e9s magn\u00e9tiques, gravim\u00e9triques et \u00e9lectromagn\u00e9tiques;<\/li>\n<li>Lev\u00e9s sismiques 2D et 3D;<\/li>\n<li>Lev\u00e9s de r\u00e9sistivit\u00e9 \u00e9lectrique et de PP;<\/li>\n<li>Lev\u00e9s de diagraphie;<\/li>\n<li>Projets d'ing\u00e9nierie de sites miniers;<\/li>\n<li>Lev\u00e9s de g\u00e9oradar.<\/li>\n<\/ul>\n<p>G\u00e9ophysique GPR offre en plus des lev\u00e9s terrestres, plusieurs m\u00e9thodes a\u00e9roport\u00e9es et marines, veuillez vous r\u00e9f\u00e9rer aux sections correspondantes pour plus d'information.<\/p>\n<p>\u00a0<\/p>\n<h2 class=\"h2resize\">Une exploration mini\u00e8re faite avec les m\u00e9thodes g\u00e9ophysiques<\/h2>\n<p>Les m\u00e9thodes g\u00e9ophysiques recherchent des anomalies, au niveau de la gravit\u00e9, du magn\u00e9tisme terrestre, de la conductivit\u00e9 \u00e9lectrique des terrains, etc.. Par exemple, une masse de sulfures massifs en profondeur, dans des terrains s\u00e9dimentaires ou ign\u00e9s, cause une anomalie de la gravit\u00e9, du fait que les sulfures ont des densit\u00e9s qui sont plus \u00e9lev\u00e9es que les roches encaissantes.<\/p>\n<p>Un relev\u00e9 gravim\u00e9trique, c'est-\u00e0 dire des mesures fines et pr\u00e9cises de la gravit\u00e9 selon un quadrillage serr\u00e9 dans une r\u00e9gion donn\u00e9e permettra de mettre en \u00e9vidence ce genre d'anomalie et de soup\u00e7onner la pr\u00e9sence de sulfures massifs en profondeur. Nos sp\u00e9cialistes sont en mesure d'\u00e9valuer le volume de la masse et sa profondeur. Un gisement riche en fer pourra donner des anomalies au niveau du magn\u00e9tisme terrestre ou de la conductivit\u00e9 \u00e9lectrique des terrains.<\/p>\n<p>\u00a0<\/p>\n<p>\u00a0<\/p>\n<p>Pour plus d'information, veuillez contacter notre <a href=\"mailto:daniel.campos@gprmtl.com;jean-luc.arsenault@gprmtl.com;claude.robillard@gprmtl.com;info@gprmtl.com\">\u00c9quipe de Lev\u00e9 Terrestre<\/a>.<\/p>\n<\/div>\n<\/div><\/div><\/div><\/div><div id=\"pgc-994-0-1\"  class=\"panel-grid-cell\" ><div id=\"panel-994-0-1-0\" class=\"so-panel widget widget_sow-image panel-first-child\" data-index=\"1\" ><div class=\"panel-widget-style panel-widget-style-for-994-0-1-0\" ><div\n\t\t\t\n\t\t\tclass=\"so-widget-sow-image so-widget-sow-image-default-8b5b6f678277-994\"\n\t\t\t\n\t\t>\n<div class=\"sow-image-container\">\n\t\t<img loading=\"lazy\" decoding=\"async\" src=\"https:\/\/ground.geophysicsgpr.com\/wp-content\/uploads\/sites\/7\/2015\/07\/Ground_Applications_Mineral-Exploration_2-Custom.jpg\" width=\"225\" height=\"148\" sizes=\"auto, (max-width: 225px) 100vw, 225px\" title=\"Ground Applications Mineral Exploration (Custom)\" alt=\"Exploration mini\u00e8re\" \t\tclass=\"so-widget-image\"\/>\n\t<\/div>\n\n<\/div><\/div><\/div><div id=\"panel-994-0-1-1\" class=\"so-panel widget widget_sow-image panel-last-child\" data-index=\"2\" ><div class=\"panel-widget-style panel-widget-style-for-994-0-1-1\" ><div\n\t\t\t\n\t\t\tclass=\"so-widget-sow-image so-widget-sow-image-default-8b5b6f678277-994\"\n\t\t\t\n\t\t>\n<div class=\"sow-image-container\">\n\t\t<img loading=\"lazy\" decoding=\"async\" src=\"https:\/\/ground.geophysicsgpr.com\/wp-content\/uploads\/sites\/7\/2015\/07\/Ground_Applications_Mineral-Exploration_1.jpg\" width=\"640\" height=\"480\" srcset=\"https:\/\/ground.geophysicsgpr.com\/wp-content\/uploads\/sites\/7\/2015\/07\/Ground_Applications_Mineral-Exploration_1.jpg 640w, https:\/\/ground.geophysicsgpr.com\/wp-content\/uploads\/sites\/7\/2015\/07\/Ground_Applications_Mineral-Exploration_1-300x225.jpg 300w\" sizes=\"auto, (max-width: 640px) 100vw, 640px\" title=\"Ground Applications Mineral Exploration\" alt=\"Exploration mini\u00e8re\" \t\tclass=\"so-widget-image\"\/>\n\t<\/div>\n\n<\/div><\/div><\/div><\/div><\/div><\/div>","protected":false},"excerpt":{"rendered":"<p>Au cours des 40 derni\u00e8res ann\u00e9es, G\u00e9ophysique GPR a r\u00e9alis\u00e9 plusieurs lev\u00e9s d&rsquo;exploration mini\u00e8re pour de nombreux clients \u00e0 travers le monde.Parmi les services offerts, voici la liste des plus employ\u00e9s en exploration mini\u00e8re:Lev\u00e9s magn\u00e9tiques, gravim\u00e9triques et \u00e9lectromagn\u00e9tiques;Lev\u00e9s sismiques 2D et 3D;Lev\u00e9s de r\u00e9sistivit\u00e9 \u00e9lectrique et de PP;Lev\u00e9s de diagraphie;Projets d&rsquo;ing\u00e9nierie de sites miniers;Lev\u00e9s de&#8230;  <a href=\"https:\/\/ground.geophysicsgpr.com\/fr\/applications-geophysique-terrestre\/exploration-miniere\" class=\"more-link\" title=\"Read Exploration mini\u00e8re\">Read more &raquo;<\/a><\/p>\n","protected":false},"author":1,"featured_media":1118,"parent":707,"menu_order":0,"comment_status":"closed","ping_status":"closed","template":"page-full-width.php","meta":{"content-type":"","footnotes":""},"class_list":["post-994","page","type-page","status-publish","has-post-thumbnail","hentry"],"_links":{"self":[{"href":"https:\/\/ground.geophysicsgpr.com\/fr\/wp-json\/wp\/v2\/pages\/994","targetHints":{"allow":["GET"]}}],"collection":[{"href":"https:\/\/ground.geophysicsgpr.com\/fr\/wp-json\/wp\/v2\/pages"}],"about":[{"href":"https:\/\/ground.geophysicsgpr.com\/fr\/wp-json\/wp\/v2\/types\/page"}],"author":[{"embeddable":true,"href":"https:\/\/ground.geophysicsgpr.com\/fr\/wp-json\/wp\/v2\/users\/1"}],"replies":[{"embeddable":true,"href":"https:\/\/ground.geophysicsgpr.com\/fr\/wp-json\/wp\/v2\/comments?post=994"}],"version-history":[{"count":0,"href":"https:\/\/ground.geophysicsgpr.com\/fr\/wp-json\/wp\/v2\/pages\/994\/revisions"}],"up":[{"embeddable":true,"href":"https:\/\/ground.geophysicsgpr.com\/fr\/wp-json\/wp\/v2\/pages\/707"}],"wp:featuredmedia":[{"embeddable":true,"href":"https:\/\/ground.geophysicsgpr.com\/fr\/wp-json\/wp\/v2\/media\/1118"}],"wp:attachment":[{"href":"https:\/\/ground.geophysicsgpr.com\/fr\/wp-json\/wp\/v2\/media?parent=994"}],"curies":[{"name":"wp","href":"https:\/\/api.w.org\/{rel}","templated":true}]}}