{"id":998,"date":"2015-07-21T16:54:18","date_gmt":"2015-07-21T16:54:18","guid":{"rendered":"http:\/\/ground.geophysicsgpr.com\/?page_id=998"},"modified":"2015-11-14T01:26:01","modified_gmt":"2015-11-14T01:26:01","slug":"exploration-petroliere-et-gaziere","status":"publish","type":"page","link":"https:\/\/ground.geophysicsgpr.com\/fr\/applications-geophysique-terrestre\/exploration-petroliere-et-gaziere","title":{"rendered":"Exploration p\u00e9troli\u00e8re et gazi\u00e8re"},"content":{"rendered":"<div id=\"pl-998\"  class=\"panel-layout\" ><div id=\"pg-998-0\"  class=\"panel-grid panel-no-style\" ><div id=\"pgc-998-0-0\"  class=\"panel-grid-cell\" ><div id=\"panel-998-0-0-0\" class=\"so-panel widget widget_sow-editor panel-first-child panel-last-child\" data-index=\"0\" ><div class=\"texte-home-right article panel-widget-style panel-widget-style-for-998-0-0-0\" ><div\n\t\t\t\n\t\t\tclass=\"so-widget-sow-editor so-widget-sow-editor-base\"\n\t\t\t\n\t\t>\n<div class=\"siteorigin-widget-tinymce textwidget\">\n\t<p>En mati\u00e8re d'exploration p\u00e9troli\u00e8re et gazi\u00e8re, G\u00e9ophysique GPR a une grande exp\u00e9rience dans ce domaine ultra sp\u00e9cialis\u00e9. Depuis 30 ans, nous effectuons des travaux de prospection pour divers clients partout au Canada et ce avec grand succ\u00e8s.<\/p>\n<p>Des ententes de partenariat permettent \u00e0 G\u00e9ophysique GPR, d'offrir de l'\u00e9quipement d'exploration sismique \u00e0 la fine pointe. Ses pratiques lui permettent de localiser pr\u00e9cis\u00e9ment des gisements de charbon, de gaz naturel ou de p\u00e9trole et ce, que les lev\u00e9s soient r\u00e9alis\u00e9s sur terre comme sur l'eau.<\/p>\n<p>Gr\u00e2ce au principe du \u00ab joint venture \u00bb, l'expertise unique acquise par G\u00e9ophysique GPR lui assure une participation privil\u00e9gi\u00e9e dans de nombreux travaux men\u00e9s par les grandes soci\u00e9t\u00e9s p\u00e9troli\u00e8res et d'\u00e9nergie.<\/p>\n<p>G\u00e9ophysique GPR offre les services suivants:<\/p>\n<ul>\n<li>Acquisition des donn\u00e9es sismiques en 2D et 3D;<\/li>\n<li>Traitement des donn\u00e9es sismiques en 2D et 3D;<\/li>\n<li>Acquisition des donn\u00e9es de gravit\u00e9 et magn\u00e9tique;<\/li>\n<li>Traitement des donn\u00e9es de gravit\u00e9 et magn\u00e9tique;<\/li>\n<li>\u00c9tudes r\u00e9gionales de bassin s\u00e9dimentaire;<\/li>\n<li>Lev\u00e9s de sites pour plafonds p\u00e9troliers en haute mer.<\/li>\n<\/ul>\n<p>Depuis sa fondation,<b> G\u00e9ophysique GPR<\/b> g\u00e8re la qualit\u00e9 des dynamitages de mines et carri\u00e8res. Depuis des ann\u00e9es, <b>GPR<\/b> a acquis une exp\u00e9rience notable car les travaux se font souvent dans des conditions difficiles en milieu urbain, pr\u00e8s de stations de m\u00e9tro ou d'\u00e9difices sensibles.<\/p>\n<p>Le contr\u00f4le des op\u00e9rations de dynamitage et des impacts environnementaux inclut un suivi continu des vibrations et des surpressions d'air, des forages, des explosifs et de leur\u00a0chargement, ainsi qu'une \u00e9valuation des propri\u00e9t\u00e9s de sautage en fonction des plaintes et des param\u00e8tres physiques du roc, des vitesses de particules, des d\u00e9placements d'air, des projections et des bris hors profils.<\/p>\n<p>\u00a0<\/p>\n<p>Contactez nous pour discuter de votre projet d'exploration.<\/p>\n<p>\u00a0<\/p>\n<p>\u00a0<\/p>\n<p>Pour plus d'information, veuillez contacter notre <a href=\"mailto:daniel.campos@gprmtl.com;jean-luc.arsenault@gprmtl.com;claude.robillard@gprmtl.com;info@gprmtl.com\">\u00c9quipe de Lev\u00e9 Terrestre<\/a>.<\/p>\n<\/div>\n<\/div><\/div><\/div><\/div><div id=\"pgc-998-0-1\"  class=\"panel-grid-cell\" ><div id=\"panel-998-0-1-0\" class=\"so-panel widget widget_sow-image panel-first-child\" data-index=\"1\" ><div class=\"panel-widget-style panel-widget-style-for-998-0-1-0\" ><div\n\t\t\t\n\t\t\tclass=\"so-widget-sow-image so-widget-sow-image-default-8b5b6f678277-998\"\n\t\t\t\n\t\t>\n<div class=\"sow-image-container\">\n\t\t<img loading=\"lazy\" decoding=\"async\" src=\"https:\/\/ground.geophysicsgpr.com\/wp-content\/uploads\/sites\/7\/2015\/07\/Ground_Applications_Oil-and-gas_insert.jpg\" width=\"155\" height=\"177\" sizes=\"auto, (max-width: 155px) 100vw, 155px\" title=\"Ground Applications Oil and gas\" alt=\"exploration p\u00e9troli\u00e8re et gazi\u00e8re\" \t\tclass=\"so-widget-image\"\/>\n\t<\/div>\n\n<\/div><\/div><\/div><div id=\"panel-998-0-1-1\" class=\"so-panel widget widget_sow-image panel-last-child\" data-index=\"2\" ><div class=\"panel-widget-style panel-widget-style-for-998-0-1-1\" ><div\n\t\t\t\n\t\t\tclass=\"so-widget-sow-image so-widget-sow-image-default-8b5b6f678277-998\"\n\t\t\t\n\t\t>\n<div class=\"sow-image-container\">\n\t\t<img loading=\"lazy\" decoding=\"async\" src=\"https:\/\/ground.geophysicsgpr.com\/wp-content\/uploads\/sites\/7\/2015\/07\/Ground_Applications_Oil-and-Gas-e1446840057847.jpg\" width=\"640\" height=\"390\" srcset=\"https:\/\/ground.geophysicsgpr.com\/wp-content\/uploads\/sites\/7\/2015\/07\/Ground_Applications_Oil-and-Gas-e1446840057847.jpg 640w, https:\/\/ground.geophysicsgpr.com\/wp-content\/uploads\/sites\/7\/2015\/07\/Ground_Applications_Oil-and-Gas-e1446840057847-300x183.jpg 300w\" sizes=\"auto, (max-width: 640px) 100vw, 640px\" title=\"Ground Applications Oil and Gas\" alt=\"exploration p\u00e9troli\u00e8re et gazi\u00e8re\" \t\tclass=\"so-widget-image\"\/>\n\t<\/div>\n\n<\/div><\/div><\/div><\/div><\/div><div id=\"pg-998-1\"  class=\"panel-grid panel-no-style\" ><div id=\"pgc-998-1-0\"  class=\"panel-grid-cell panel-grid-cell-empty\" ><\/div><\/div><\/div>","protected":false},"excerpt":{"rendered":"<p>En mati\u00e8re d&rsquo;exploration p\u00e9troli\u00e8re et gazi\u00e8re, G\u00e9ophysique GPR a une grande exp\u00e9rience dans ce domaine ultra sp\u00e9cialis\u00e9. Depuis 30 ans, nous effectuons des travaux de prospection pour divers clients partout au Canada et ce avec grand succ\u00e8s.Des ententes de partenariat permettent \u00e0 G\u00e9ophysique GPR, d&rsquo;offrir de l&rsquo;\u00e9quipement d&rsquo;exploration sismique \u00e0 la fine pointe. Ses pratiques&#8230;  <a href=\"https:\/\/ground.geophysicsgpr.com\/fr\/applications-geophysique-terrestre\/exploration-petroliere-et-gaziere\" class=\"more-link\" title=\"Read Exploration p\u00e9troli\u00e8re et gazi\u00e8re\">Read more &raquo;<\/a><\/p>\n","protected":false},"author":1,"featured_media":1118,"parent":707,"menu_order":0,"comment_status":"closed","ping_status":"closed","template":"page-full-width.php","meta":{"content-type":"","footnotes":""},"class_list":["post-998","page","type-page","status-publish","has-post-thumbnail","hentry"],"_links":{"self":[{"href":"https:\/\/ground.geophysicsgpr.com\/fr\/wp-json\/wp\/v2\/pages\/998","targetHints":{"allow":["GET"]}}],"collection":[{"href":"https:\/\/ground.geophysicsgpr.com\/fr\/wp-json\/wp\/v2\/pages"}],"about":[{"href":"https:\/\/ground.geophysicsgpr.com\/fr\/wp-json\/wp\/v2\/types\/page"}],"author":[{"embeddable":true,"href":"https:\/\/ground.geophysicsgpr.com\/fr\/wp-json\/wp\/v2\/users\/1"}],"replies":[{"embeddable":true,"href":"https:\/\/ground.geophysicsgpr.com\/fr\/wp-json\/wp\/v2\/comments?post=998"}],"version-history":[{"count":0,"href":"https:\/\/ground.geophysicsgpr.com\/fr\/wp-json\/wp\/v2\/pages\/998\/revisions"}],"up":[{"embeddable":true,"href":"https:\/\/ground.geophysicsgpr.com\/fr\/wp-json\/wp\/v2\/pages\/707"}],"wp:featuredmedia":[{"embeddable":true,"href":"https:\/\/ground.geophysicsgpr.com\/fr\/wp-json\/wp\/v2\/media\/1118"}],"wp:attachment":[{"href":"https:\/\/ground.geophysicsgpr.com\/fr\/wp-json\/wp\/v2\/media?parent=998"}],"curies":[{"name":"wp","href":"https:\/\/api.w.org\/{rel}","templated":true}]}}